{"id":1309,"date":"2019-11-11T13:20:56","date_gmt":"2019-11-11T12:20:56","guid":{"rendered":"http:\/\/khg-marburg.eu\/?page_id=1309"},"modified":"2021-05-18T20:38:59","modified_gmt":"2021-05-18T18:38:59","slug":"band","status":"publish","type":"page","link":"https:\/\/khg-marburg.eu\/index.php\/ueber-uns\/mitgestalten\/band\/","title":{"rendered":"&#8222;WhopWhop&#8220;-Band"},"content":{"rendered":"<div id=\"pl-1309\"  class=\"panel-layout\" ><div id=\"pg-1309-0\"  class=\"panel-grid panel-no-style\" ><div id=\"pgc-1309-0-0\"  class=\"panel-grid-cell panel-grid-cell-empty\" ><\/div><div id=\"pgc-1309-0-1\"  class=\"panel-grid-cell\" ><div id=\"panel-1309-0-1-0\" class=\"so-panel widget widget_sow-editor panel-first-child panel-last-child\" data-index=\"0\" ><div\n\t\t\t\n\t\t\tclass=\"so-widget-sow-editor so-widget-sow-editor-base\"\n\t\t\t\n\t\t>\n<div class=\"siteorigin-widget-tinymce textwidget\">\n\t<p><a href=\"http:\/\/khg-marburg.eu\/wp-content\/uploads\/2021\/05\/whopwhopband-1-geburtstag.jpg\"><img loading=\"lazy\" decoding=\"async\" class=\"wp-image-2610 alignleft\" src=\"http:\/\/khg-marburg.eu\/wp-content\/uploads\/2021\/05\/whopwhopband-1-geburtstag.jpg\" alt=\"\" width=\"410\" height=\"410\" \/><\/a>Ein Gottesdienst ohne Musik - f\u00fcr uns nur schwer vorstellbar!<\/p>\n<p>Daher sorgt die \"WhopWhop-Band\", haupts\u00e4chlich bestehend aus Studenten, jeden Sonntag in unserem Hochschulgottesdienst (18 Uhr, Kirche St. Peter und Paul) f\u00fcr einen passenden musikalischen Rahmen. Hier ein paar Kurzinfos f\u00fcr Interessierte:<\/p>\n<p>- jedes Instrument (auch Deine Stimme) ist herzlich Willkommen!<br \/>\n- geprobt wird immer ca. eine Stunde vor dem Gottesdienst<br \/>\n- Vorspiel\/Verpflichtungen\/Aufnahmebedingungen - gibt's nicht!<br \/>\n- einzige Voraussetzung: Spa\u00df an christlicher Musik haben!<\/p>\n<p>Du m\u00f6chtest unbedingt dabei sein oder einfach nur erfahren, woher dieser seltsame Bandname kommt? - Schau gerne vorbei! Melde Dich dazu am besten einfach kurz bei Leo (<a id=\"leo\"><\/a>Wenn sie diesen Hinweis sehen m\u00fcssen sie JavaScript aktivieren um die E-Mail-Addresse zu lesen).<\/p>\n<p>Wir freuen uns auf Dich!<\/p>\n<p><script type=\"text\/javascript\">mailencoded(\"leo\")<\/script><\/p>\n<\/div>\n<\/div><\/div><\/div><\/div><\/div>","protected":false},"excerpt":{"rendered":"<p>Ein Gottesdienst ohne Musik &#8211; f\u00fcr uns nur schwer vorstellbar! Daher sorgt die &#8222;WhopWhop-Band&#8220;, haupts\u00e4chlich bestehend aus Studenten, jeden Sonntag in unserem Hochschulgottesdienst (18 Uhr, Kirche St. Peter und Paul)&#8230;<\/p>\n","protected":false},"author":2,"featured_media":0,"parent":84,"menu_order":4,"comment_status":"closed","ping_status":"closed","template":"","meta":{"inline_featured_image":false,"_kadence_starter_templates_imported_post":false,"_kad_post_transparent":"","_kad_post_title":"","_kad_post_layout":"","_kad_post_sidebar_id":"","_kad_post_content_style":"","_kad_post_vertical_padding":"","_kad_post_feature":"","_kad_post_feature_position":"","_kad_post_header":false,"_kad_post_footer":false,"footnotes":""},"yoast_head":"<!-- This site is optimized with the Yoast SEO plugin v22.3 - https:\/\/yoast.com\/wordpress\/plugins\/seo\/ -->\n<title>&quot;WhopWhop&quot;-Band - Katholische Hochschulgemeinde Marburg<\/title>\n<meta name=\"robots\" content=\"index, follow, max-snippet:-1, max-image-preview:large, max-video-preview:-1\" \/>\n<link rel=\"canonical\" href=\"https:\/\/khg-marburg.eu\/index.php\/ueber-uns\/mitgestalten\/band\/\" \/>\n<meta property=\"og:locale\" content=\"de_DE\" \/>\n<meta property=\"og:type\" content=\"article\" \/>\n<meta property=\"og:title\" content=\"&quot;WhopWhop&quot;-Band - Katholische Hochschulgemeinde Marburg\" \/>\n<meta property=\"og:description\" content=\"Ein Gottesdienst ohne Musik - f\u00fcr uns nur schwer vorstellbar! Daher sorgt die &quot;WhopWhop-Band&quot;, haupts\u00e4chlich bestehend aus Studenten, jeden Sonntag in unserem Hochschulgottesdienst (18 Uhr, Kirche St. Peter und Paul)...\" \/>\n<meta property=\"og:url\" content=\"https:\/\/khg-marburg.eu\/index.php\/ueber-uns\/mitgestalten\/band\/\" \/>\n<meta property=\"og:site_name\" content=\"Katholische Hochschulgemeinde Marburg\" \/>\n<meta property=\"article:publisher\" content=\"https:\/\/www.facebook.com\/KHGMarburg\" \/>\n<meta property=\"article:modified_time\" content=\"2021-05-18T18:38:59+00:00\" \/>\n<meta property=\"og:image\" content=\"http:\/\/khg-marburg.eu\/wp-content\/uploads\/2021\/05\/whopwhopband-1-geburtstag.jpg\" \/>\n<meta name=\"twitter:card\" content=\"summary_large_image\" \/>\n<meta name=\"twitter:label1\" content=\"Gesch\u00e4tzte Lesezeit\" \/>\n\t<meta name=\"twitter:data1\" content=\"1\u00a0Minute\" \/>\n<script type=\"application\/ld+json\" class=\"yoast-schema-graph\">{\"@context\":\"https:\/\/schema.org\",\"@graph\":[{\"@type\":\"WebPage\",\"@id\":\"https:\/\/khg-marburg.eu\/index.php\/ueber-uns\/mitgestalten\/band\/\",\"url\":\"https:\/\/khg-marburg.eu\/index.php\/ueber-uns\/mitgestalten\/band\/\",\"name\":\"\\\"WhopWhop\\\"-Band - Katholische Hochschulgemeinde Marburg\",\"isPartOf\":{\"@id\":\"https:\/\/khg-marburg.eu\/#website\"},\"primaryImageOfPage\":{\"@id\":\"https:\/\/khg-marburg.eu\/index.php\/ueber-uns\/mitgestalten\/band\/#primaryimage\"},\"image\":{\"@id\":\"https:\/\/khg-marburg.eu\/index.php\/ueber-uns\/mitgestalten\/band\/#primaryimage\"},\"thumbnailUrl\":\"http:\/\/khg-marburg.eu\/wp-content\/uploads\/2021\/05\/whopwhopband-1-geburtstag.jpg\",\"datePublished\":\"2019-11-11T12:20:56+00:00\",\"dateModified\":\"2021-05-18T18:38:59+00:00\",\"breadcrumb\":{\"@id\":\"https:\/\/khg-marburg.eu\/index.php\/ueber-uns\/mitgestalten\/band\/#breadcrumb\"},\"inLanguage\":\"de\",\"potentialAction\":[{\"@type\":\"ReadAction\",\"target\":[\"https:\/\/khg-marburg.eu\/index.php\/ueber-uns\/mitgestalten\/band\/\"]}]},{\"@type\":\"ImageObject\",\"inLanguage\":\"de\",\"@id\":\"https:\/\/khg-marburg.eu\/index.php\/ueber-uns\/mitgestalten\/band\/#primaryimage\",\"url\":\"http:\/\/khg-marburg.eu\/wp-content\/uploads\/2021\/05\/whopwhopband-1-geburtstag.jpg\",\"contentUrl\":\"http:\/\/khg-marburg.eu\/wp-content\/uploads\/2021\/05\/whopwhopband-1-geburtstag.jpg\"},{\"@type\":\"BreadcrumbList\",\"@id\":\"https:\/\/khg-marburg.eu\/index.php\/ueber-uns\/mitgestalten\/band\/#breadcrumb\",\"itemListElement\":[{\"@type\":\"ListItem\",\"position\":1,\"name\":\"Startseite\",\"item\":\"https:\/\/khg-marburg.eu\/\"},{\"@type\":\"ListItem\",\"position\":2,\"name\":\"\u00dcber Uns\",\"item\":\"https:\/\/khg-marburg.eu\/index.php\/ueber-uns\/\"},{\"@type\":\"ListItem\",\"position\":3,\"name\":\"Mitgestalten\",\"item\":\"https:\/\/khg-marburg.eu\/index.php\/ueber-uns\/mitgestalten\/\"},{\"@type\":\"ListItem\",\"position\":4,\"name\":\"&#8222;WhopWhop&#8220;-Band\"}]},{\"@type\":\"WebSite\",\"@id\":\"https:\/\/khg-marburg.eu\/#website\",\"url\":\"https:\/\/khg-marburg.eu\/\",\"name\":\"Katholische Hochschulgemeinde Marburg\",\"description\":\"Die Katholische Hochschulgemeinde - Katholische Kirche in Marburg\",\"publisher\":{\"@id\":\"https:\/\/khg-marburg.eu\/#organization\"},\"potentialAction\":[{\"@type\":\"SearchAction\",\"target\":{\"@type\":\"EntryPoint\",\"urlTemplate\":\"https:\/\/khg-marburg.eu\/?s={search_term_string}\"},\"query-input\":\"required name=search_term_string\"}],\"inLanguage\":\"de\"},{\"@type\":\"Organization\",\"@id\":\"https:\/\/khg-marburg.eu\/#organization\",\"name\":\"Katholische Hochschulgemeinde Marburg\",\"url\":\"https:\/\/khg-marburg.eu\/\",\"logo\":{\"@type\":\"ImageObject\",\"inLanguage\":\"de\",\"@id\":\"https:\/\/khg-marburg.eu\/#\/schema\/logo\/image\/\",\"url\":\"https:\/\/khg-marburg.eu\/wp-content\/uploads\/2020\/04\/logo_wei\u00df.jpg\",\"contentUrl\":\"https:\/\/khg-marburg.eu\/wp-content\/uploads\/2020\/04\/logo_wei\u00df.jpg\",\"width\":750,\"height\":650,\"caption\":\"Katholische Hochschulgemeinde Marburg\"},\"image\":{\"@id\":\"https:\/\/khg-marburg.eu\/#\/schema\/logo\/image\/\"},\"sameAs\":[\"https:\/\/www.facebook.com\/KHGMarburg\",\"https:\/\/www.instagram.com\/khgmarburg\/\"]}]}<\/script>\n<!-- \/ Yoast SEO plugin. -->","yoast_head_json":{"title":"\"WhopWhop\"-Band - Katholische Hochschulgemeinde Marburg","robots":{"index":"index","follow":"follow","max-snippet":"max-snippet:-1","max-image-preview":"max-image-preview:large","max-video-preview":"max-video-preview:-1"},"canonical":"https:\/\/khg-marburg.eu\/index.php\/ueber-uns\/mitgestalten\/band\/","og_locale":"de_DE","og_type":"article","og_title":"\"WhopWhop\"-Band - Katholische Hochschulgemeinde Marburg","og_description":"Ein Gottesdienst ohne Musik - f\u00fcr uns nur schwer vorstellbar! Daher sorgt die \"WhopWhop-Band\", haupts\u00e4chlich bestehend aus Studenten, jeden Sonntag in unserem Hochschulgottesdienst (18 Uhr, Kirche St. Peter und Paul)...","og_url":"https:\/\/khg-marburg.eu\/index.php\/ueber-uns\/mitgestalten\/band\/","og_site_name":"Katholische Hochschulgemeinde Marburg","article_publisher":"https:\/\/www.facebook.com\/KHGMarburg","article_modified_time":"2021-05-18T18:38:59+00:00","og_image":[{"url":"http:\/\/khg-marburg.eu\/wp-content\/uploads\/2021\/05\/whopwhopband-1-geburtstag.jpg"}],"twitter_card":"summary_large_image","twitter_misc":{"Gesch\u00e4tzte Lesezeit":"1\u00a0Minute"},"schema":{"@context":"https:\/\/schema.org","@graph":[{"@type":"WebPage","@id":"https:\/\/khg-marburg.eu\/index.php\/ueber-uns\/mitgestalten\/band\/","url":"https:\/\/khg-marburg.eu\/index.php\/ueber-uns\/mitgestalten\/band\/","name":"\"WhopWhop\"-Band - Katholische Hochschulgemeinde Marburg","isPartOf":{"@id":"https:\/\/khg-marburg.eu\/#website"},"primaryImageOfPage":{"@id":"https:\/\/khg-marburg.eu\/index.php\/ueber-uns\/mitgestalten\/band\/#primaryimage"},"image":{"@id":"https:\/\/khg-marburg.eu\/index.php\/ueber-uns\/mitgestalten\/band\/#primaryimage"},"thumbnailUrl":"http:\/\/khg-marburg.eu\/wp-content\/uploads\/2021\/05\/whopwhopband-1-geburtstag.jpg","datePublished":"2019-11-11T12:20:56+00:00","dateModified":"2021-05-18T18:38:59+00:00","breadcrumb":{"@id":"https:\/\/khg-marburg.eu\/index.php\/ueber-uns\/mitgestalten\/band\/#breadcrumb"},"inLanguage":"de","potentialAction":[{"@type":"ReadAction","target":["https:\/\/khg-marburg.eu\/index.php\/ueber-uns\/mitgestalten\/band\/"]}]},{"@type":"ImageObject","inLanguage":"de","@id":"https:\/\/khg-marburg.eu\/index.php\/ueber-uns\/mitgestalten\/band\/#primaryimage","url":"http:\/\/khg-marburg.eu\/wp-content\/uploads\/2021\/05\/whopwhopband-1-geburtstag.jpg","contentUrl":"http:\/\/khg-marburg.eu\/wp-content\/uploads\/2021\/05\/whopwhopband-1-geburtstag.jpg"},{"@type":"BreadcrumbList","@id":"https:\/\/khg-marburg.eu\/index.php\/ueber-uns\/mitgestalten\/band\/#breadcrumb","itemListElement":[{"@type":"ListItem","position":1,"name":"Startseite","item":"https:\/\/khg-marburg.eu\/"},{"@type":"ListItem","position":2,"name":"\u00dcber Uns","item":"https:\/\/khg-marburg.eu\/index.php\/ueber-uns\/"},{"@type":"ListItem","position":3,"name":"Mitgestalten","item":"https:\/\/khg-marburg.eu\/index.php\/ueber-uns\/mitgestalten\/"},{"@type":"ListItem","position":4,"name":"&#8222;WhopWhop&#8220;-Band"}]},{"@type":"WebSite","@id":"https:\/\/khg-marburg.eu\/#website","url":"https:\/\/khg-marburg.eu\/","name":"Katholische Hochschulgemeinde Marburg","description":"Die Katholische Hochschulgemeinde - Katholische Kirche in Marburg","publisher":{"@id":"https:\/\/khg-marburg.eu\/#organization"},"potentialAction":[{"@type":"SearchAction","target":{"@type":"EntryPoint","urlTemplate":"https:\/\/khg-marburg.eu\/?s={search_term_string}"},"query-input":"required name=search_term_string"}],"inLanguage":"de"},{"@type":"Organization","@id":"https:\/\/khg-marburg.eu\/#organization","name":"Katholische Hochschulgemeinde Marburg","url":"https:\/\/khg-marburg.eu\/","logo":{"@type":"ImageObject","inLanguage":"de","@id":"https:\/\/khg-marburg.eu\/#\/schema\/logo\/image\/","url":"https:\/\/khg-marburg.eu\/wp-content\/uploads\/2020\/04\/logo_wei\u00df.jpg","contentUrl":"https:\/\/khg-marburg.eu\/wp-content\/uploads\/2020\/04\/logo_wei\u00df.jpg","width":750,"height":650,"caption":"Katholische Hochschulgemeinde Marburg"},"image":{"@id":"https:\/\/khg-marburg.eu\/#\/schema\/logo\/image\/"},"sameAs":["https:\/\/www.facebook.com\/KHGMarburg","https:\/\/www.instagram.com\/khgmarburg\/"]}]}},"_links":{"self":[{"href":"https:\/\/khg-marburg.eu\/index.php\/wp-json\/wp\/v2\/pages\/1309"}],"collection":[{"href":"https:\/\/khg-marburg.eu\/index.php\/wp-json\/wp\/v2\/pages"}],"about":[{"href":"https:\/\/khg-marburg.eu\/index.php\/wp-json\/wp\/v2\/types\/page"}],"author":[{"embeddable":true,"href":"https:\/\/khg-marburg.eu\/index.php\/wp-json\/wp\/v2\/users\/2"}],"replies":[{"embeddable":true,"href":"https:\/\/khg-marburg.eu\/index.php\/wp-json\/wp\/v2\/comments?post=1309"}],"version-history":[{"count":22,"href":"https:\/\/khg-marburg.eu\/index.php\/wp-json\/wp\/v2\/pages\/1309\/revisions"}],"predecessor-version":[{"id":2612,"href":"https:\/\/khg-marburg.eu\/index.php\/wp-json\/wp\/v2\/pages\/1309\/revisions\/2612"}],"up":[{"embeddable":true,"href":"https:\/\/khg-marburg.eu\/index.php\/wp-json\/wp\/v2\/pages\/84"}],"wp:attachment":[{"href":"https:\/\/khg-marburg.eu\/index.php\/wp-json\/wp\/v2\/media?parent=1309"}],"curies":[{"name":"wp","href":"https:\/\/api.w.org\/{rel}","templated":true}]}}