{"id":2293,"date":"2021-02-21T23:32:01","date_gmt":"2021-02-21T22:32:01","guid":{"rendered":"http:\/\/khg-marburg.eu\/?page_id=2293"},"modified":"2021-02-21T23:35:03","modified_gmt":"2021-02-21T22:35:03","slug":"wahl-how-to","status":"publish","type":"page","link":"https:\/\/khg-marburg.eu\/index.php\/wahl-how-to\/","title":{"rendered":"Wahl How-to"},"content":{"rendered":"<div id=\"pl-2293\"  class=\"panel-layout\" ><div id=\"pg-2293-0\"  class=\"panel-grid panel-no-style\" ><div id=\"pgc-2293-0-0\"  class=\"panel-grid-cell\" ><div id=\"panel-2293-0-0-0\" class=\"so-panel widget widget_sow-editor panel-first-child panel-last-child\" data-index=\"0\" ><div\n\t\t\t\n\t\t\tclass=\"so-widget-sow-editor so-widget-sow-editor-base\"\n\t\t\t\n\t\t>\n<div class=\"siteorigin-widget-tinymce textwidget\">\n\t<h1>How to e-Vote<\/h1>\n<p>Falls du Probleme beim \u00e4ndern deines Passworts hast, dann folge einfach dieser Schritt f\u00fcr Schritt Anleitung.<\/p>\n<\/div>\n<\/div><\/div><\/div><\/div><div id=\"pg-2293-1\"  class=\"panel-grid panel-no-style\" ><div id=\"pgc-2293-1-0\"  class=\"panel-grid-cell\" ><div id=\"panel-2293-1-0-0\" class=\"so-panel widget widget_sow-editor panel-first-child panel-last-child\" data-index=\"1\" ><div\n\t\t\t\n\t\t\tclass=\"so-widget-sow-editor so-widget-sow-editor-base\"\n\t\t\t\n\t\t>\n<div class=\"siteorigin-widget-tinymce textwidget\">\n\t<h2 style=\"text-align: center;\">1. Klicke links auf den Pfeil<\/h2>\n<p><img loading=\"lazy\" decoding=\"async\" class=\"alignnone size-medium wp-image-2294 aligncenter\" src=\"http:\/\/khg-marburg.eu\/wp-content\/uploads\/2021\/02\/how_to1-300x300.jpg\" alt=\"\" width=\"300\" height=\"300\" \/><\/p>\n<\/div>\n<\/div><\/div><\/div><div id=\"pgc-2293-1-1\"  class=\"panel-grid-cell\" ><div id=\"panel-2293-1-1-0\" class=\"so-panel widget widget_sow-editor panel-first-child panel-last-child\" data-index=\"2\" ><div\n\t\t\t\n\t\t\tclass=\"so-widget-sow-editor so-widget-sow-editor-base\"\n\t\t\t\n\t\t>\n<div class=\"siteorigin-widget-tinymce textwidget\">\n\t<h2 style=\"text-align: center;\">2. Klicke auf Passwort \u00e4ndern<\/h2>\n<p><img loading=\"lazy\" decoding=\"async\" class=\"alignnone size-medium wp-image-2295 aligncenter\" src=\"http:\/\/khg-marburg.eu\/wp-content\/uploads\/2021\/02\/how_to2-300x300.jpg\" alt=\"\" width=\"300\" height=\"300\" \/><\/p>\n<\/div>\n<\/div><\/div><\/div><div id=\"pgc-2293-1-2\"  class=\"panel-grid-cell\" ><div id=\"panel-2293-1-2-0\" class=\"so-panel widget widget_sow-editor panel-first-child panel-last-child\" data-index=\"3\" ><div\n\t\t\t\n\t\t\tclass=\"so-widget-sow-editor so-widget-sow-editor-base\"\n\t\t\t\n\t\t>\n<div class=\"siteorigin-widget-tinymce textwidget\">\n\t<h2 style=\"text-align: center;\">3. Gebe nun zuerst dein altes, dann dein neues Passwort ein und best\u00e4tige es noch einmal<\/h2>\n<h2><a href=\"http:\/\/khg-marburg.eu\/wp-content\/uploads\/2021\/02\/how_to3.jpg\"><img loading=\"lazy\" decoding=\"async\" class=\"aligncenter size-full wp-image-2298\" src=\"http:\/\/khg-marburg.eu\/wp-content\/uploads\/2021\/02\/how_to3.jpg\" alt=\"\" width=\"605\" height=\"188\" \/><\/a><\/h2>\n<\/div>\n<\/div><\/div><\/div><div id=\"pgc-2293-1-3\"  class=\"panel-grid-cell\" ><div id=\"panel-2293-1-3-0\" class=\"so-panel widget widget_sow-editor panel-first-child panel-last-child\" data-index=\"4\" ><div\n\t\t\t\n\t\t\tclass=\"so-widget-sow-editor so-widget-sow-editor-base\"\n\t\t\t\n\t\t>\n<div class=\"siteorigin-widget-tinymce textwidget\">\n\t<h2 style=\"text-align: center;\">4. Abschlie\u00dfend nur noch auf speichern klicken und fertig. \ud83d\ude42<\/h2>\n<p><img loading=\"lazy\" decoding=\"async\" class=\"alignnone size-full wp-image-2299 aligncenter\" src=\"http:\/\/khg-marburg.eu\/wp-content\/uploads\/2021\/02\/how_to4.jpg\" alt=\"\" width=\"605\" height=\"188\" \/><\/p>\n<\/div>\n<\/div><\/div><\/div><\/div><div id=\"pg-2293-2\"  class=\"panel-grid panel-no-style\" ><div id=\"pgc-2293-2-0\"  class=\"panel-grid-cell\" ><div id=\"panel-2293-2-0-0\" class=\"so-panel widget widget_sow-editor panel-first-child panel-last-child\" data-index=\"5\" ><div\n\t\t\t\n\t\t\tclass=\"so-widget-sow-editor so-widget-sow-editor-base\"\n\t\t\t\n\t\t>\n<div class=\"siteorigin-widget-tinymce textwidget\">\n\t<p>Solltest du weitere Probleme haben, dann melde dich einfach unter <a href=\"mailto:accountservice@mail-khgmr.ddns.net\">accountservice@mail-khgmr.ddns.net<\/a>.<\/p>\n<\/div>\n<\/div><\/div><\/div><\/div><\/div>","protected":false},"excerpt":{"rendered":"<p>How to e-Vote Falls du Probleme beim \u00e4ndern deines Passworts hast, dann folge einfach dieser Schritt f\u00fcr Schritt Anleitung. 1. Klicke links auf den Pfeil 2. Klicke auf Passwort \u00e4ndern<\/p>\n","protected":false},"author":2,"featured_media":0,"parent":0,"menu_order":0,"comment_status":"closed","ping_status":"closed","template":"","meta":{"inline_featured_image":false,"_kadence_starter_templates_imported_post":false,"_kad_post_transparent":"","_kad_post_title":"","_kad_post_layout":"","_kad_post_sidebar_id":"","_kad_post_content_style":"","_kad_post_vertical_padding":"","_kad_post_feature":"","_kad_post_feature_position":"","_kad_post_header":false,"_kad_post_footer":false,"footnotes":""},"yoast_head":"<!-- This site is optimized with the Yoast SEO plugin v22.3 - https:\/\/yoast.com\/wordpress\/plugins\/seo\/ -->\n<title>Wahl How-to - Katholische Hochschulgemeinde Marburg<\/title>\n<meta name=\"robots\" content=\"index, follow, max-snippet:-1, max-image-preview:large, max-video-preview:-1\" \/>\n<link rel=\"canonical\" href=\"https:\/\/khg-marburg.eu\/index.php\/wahl-how-to\/\" \/>\n<meta property=\"og:locale\" content=\"de_DE\" \/>\n<meta property=\"og:type\" content=\"article\" \/>\n<meta property=\"og:title\" content=\"Wahl How-to - Katholische Hochschulgemeinde Marburg\" \/>\n<meta property=\"og:description\" content=\"How to e-Vote Falls du Probleme beim \u00e4ndern deines Passworts hast, dann folge einfach dieser Schritt f\u00fcr Schritt Anleitung. 1. Klicke links auf den Pfeil 2. Klicke auf Passwort \u00e4ndern\" \/>\n<meta property=\"og:url\" content=\"https:\/\/khg-marburg.eu\/index.php\/wahl-how-to\/\" \/>\n<meta property=\"og:site_name\" content=\"Katholische Hochschulgemeinde Marburg\" \/>\n<meta property=\"article:publisher\" content=\"https:\/\/www.facebook.com\/KHGMarburg\" \/>\n<meta property=\"article:modified_time\" content=\"2021-02-21T22:35:03+00:00\" \/>\n<meta property=\"og:image\" content=\"http:\/\/khg-marburg.eu\/wp-content\/uploads\/2021\/02\/how_to1-300x300.jpg\" \/>\n<meta name=\"twitter:card\" content=\"summary_large_image\" \/>\n<script type=\"application\/ld+json\" class=\"yoast-schema-graph\">{\"@context\":\"https:\/\/schema.org\",\"@graph\":[{\"@type\":\"WebPage\",\"@id\":\"https:\/\/khg-marburg.eu\/index.php\/wahl-how-to\/\",\"url\":\"https:\/\/khg-marburg.eu\/index.php\/wahl-how-to\/\",\"name\":\"Wahl How-to - Katholische Hochschulgemeinde Marburg\",\"isPartOf\":{\"@id\":\"https:\/\/khg-marburg.eu\/#website\"},\"primaryImageOfPage\":{\"@id\":\"https:\/\/khg-marburg.eu\/index.php\/wahl-how-to\/#primaryimage\"},\"image\":{\"@id\":\"https:\/\/khg-marburg.eu\/index.php\/wahl-how-to\/#primaryimage\"},\"thumbnailUrl\":\"http:\/\/khg-marburg.eu\/wp-content\/uploads\/2021\/02\/how_to1-300x300.jpg\",\"datePublished\":\"2021-02-21T22:32:01+00:00\",\"dateModified\":\"2021-02-21T22:35:03+00:00\",\"breadcrumb\":{\"@id\":\"https:\/\/khg-marburg.eu\/index.php\/wahl-how-to\/#breadcrumb\"},\"inLanguage\":\"de\",\"potentialAction\":[{\"@type\":\"ReadAction\",\"target\":[\"https:\/\/khg-marburg.eu\/index.php\/wahl-how-to\/\"]}]},{\"@type\":\"ImageObject\",\"inLanguage\":\"de\",\"@id\":\"https:\/\/khg-marburg.eu\/index.php\/wahl-how-to\/#primaryimage\",\"url\":\"http:\/\/khg-marburg.eu\/wp-content\/uploads\/2021\/02\/how_to1-300x300.jpg\",\"contentUrl\":\"http:\/\/khg-marburg.eu\/wp-content\/uploads\/2021\/02\/how_to1-300x300.jpg\"},{\"@type\":\"BreadcrumbList\",\"@id\":\"https:\/\/khg-marburg.eu\/index.php\/wahl-how-to\/#breadcrumb\",\"itemListElement\":[{\"@type\":\"ListItem\",\"position\":1,\"name\":\"Startseite\",\"item\":\"https:\/\/khg-marburg.eu\/\"},{\"@type\":\"ListItem\",\"position\":2,\"name\":\"Wahl How-to\"}]},{\"@type\":\"WebSite\",\"@id\":\"https:\/\/khg-marburg.eu\/#website\",\"url\":\"https:\/\/khg-marburg.eu\/\",\"name\":\"Katholische Hochschulgemeinde Marburg\",\"description\":\"Die Katholische Hochschulgemeinde - Katholische Kirche in Marburg\",\"publisher\":{\"@id\":\"https:\/\/khg-marburg.eu\/#organization\"},\"potentialAction\":[{\"@type\":\"SearchAction\",\"target\":{\"@type\":\"EntryPoint\",\"urlTemplate\":\"https:\/\/khg-marburg.eu\/?s={search_term_string}\"},\"query-input\":\"required name=search_term_string\"}],\"inLanguage\":\"de\"},{\"@type\":\"Organization\",\"@id\":\"https:\/\/khg-marburg.eu\/#organization\",\"name\":\"Katholische Hochschulgemeinde Marburg\",\"url\":\"https:\/\/khg-marburg.eu\/\",\"logo\":{\"@type\":\"ImageObject\",\"inLanguage\":\"de\",\"@id\":\"https:\/\/khg-marburg.eu\/#\/schema\/logo\/image\/\",\"url\":\"https:\/\/khg-marburg.eu\/wp-content\/uploads\/2020\/04\/logo_wei\u00df.jpg\",\"contentUrl\":\"https:\/\/khg-marburg.eu\/wp-content\/uploads\/2020\/04\/logo_wei\u00df.jpg\",\"width\":750,\"height\":650,\"caption\":\"Katholische Hochschulgemeinde Marburg\"},\"image\":{\"@id\":\"https:\/\/khg-marburg.eu\/#\/schema\/logo\/image\/\"},\"sameAs\":[\"https:\/\/www.facebook.com\/KHGMarburg\",\"https:\/\/www.instagram.com\/khgmarburg\/\"]}]}<\/script>\n<!-- \/ Yoast SEO plugin. -->","yoast_head_json":{"title":"Wahl How-to - Katholische Hochschulgemeinde Marburg","robots":{"index":"index","follow":"follow","max-snippet":"max-snippet:-1","max-image-preview":"max-image-preview:large","max-video-preview":"max-video-preview:-1"},"canonical":"https:\/\/khg-marburg.eu\/index.php\/wahl-how-to\/","og_locale":"de_DE","og_type":"article","og_title":"Wahl How-to - Katholische Hochschulgemeinde Marburg","og_description":"How to e-Vote Falls du Probleme beim \u00e4ndern deines Passworts hast, dann folge einfach dieser Schritt f\u00fcr Schritt Anleitung. 1. Klicke links auf den Pfeil 2. Klicke auf Passwort \u00e4ndern","og_url":"https:\/\/khg-marburg.eu\/index.php\/wahl-how-to\/","og_site_name":"Katholische Hochschulgemeinde Marburg","article_publisher":"https:\/\/www.facebook.com\/KHGMarburg","article_modified_time":"2021-02-21T22:35:03+00:00","og_image":[{"url":"http:\/\/khg-marburg.eu\/wp-content\/uploads\/2021\/02\/how_to1-300x300.jpg"}],"twitter_card":"summary_large_image","schema":{"@context":"https:\/\/schema.org","@graph":[{"@type":"WebPage","@id":"https:\/\/khg-marburg.eu\/index.php\/wahl-how-to\/","url":"https:\/\/khg-marburg.eu\/index.php\/wahl-how-to\/","name":"Wahl How-to - Katholische Hochschulgemeinde Marburg","isPartOf":{"@id":"https:\/\/khg-marburg.eu\/#website"},"primaryImageOfPage":{"@id":"https:\/\/khg-marburg.eu\/index.php\/wahl-how-to\/#primaryimage"},"image":{"@id":"https:\/\/khg-marburg.eu\/index.php\/wahl-how-to\/#primaryimage"},"thumbnailUrl":"http:\/\/khg-marburg.eu\/wp-content\/uploads\/2021\/02\/how_to1-300x300.jpg","datePublished":"2021-02-21T22:32:01+00:00","dateModified":"2021-02-21T22:35:03+00:00","breadcrumb":{"@id":"https:\/\/khg-marburg.eu\/index.php\/wahl-how-to\/#breadcrumb"},"inLanguage":"de","potentialAction":[{"@type":"ReadAction","target":["https:\/\/khg-marburg.eu\/index.php\/wahl-how-to\/"]}]},{"@type":"ImageObject","inLanguage":"de","@id":"https:\/\/khg-marburg.eu\/index.php\/wahl-how-to\/#primaryimage","url":"http:\/\/khg-marburg.eu\/wp-content\/uploads\/2021\/02\/how_to1-300x300.jpg","contentUrl":"http:\/\/khg-marburg.eu\/wp-content\/uploads\/2021\/02\/how_to1-300x300.jpg"},{"@type":"BreadcrumbList","@id":"https:\/\/khg-marburg.eu\/index.php\/wahl-how-to\/#breadcrumb","itemListElement":[{"@type":"ListItem","position":1,"name":"Startseite","item":"https:\/\/khg-marburg.eu\/"},{"@type":"ListItem","position":2,"name":"Wahl How-to"}]},{"@type":"WebSite","@id":"https:\/\/khg-marburg.eu\/#website","url":"https:\/\/khg-marburg.eu\/","name":"Katholische Hochschulgemeinde Marburg","description":"Die Katholische Hochschulgemeinde - Katholische Kirche in Marburg","publisher":{"@id":"https:\/\/khg-marburg.eu\/#organization"},"potentialAction":[{"@type":"SearchAction","target":{"@type":"EntryPoint","urlTemplate":"https:\/\/khg-marburg.eu\/?s={search_term_string}"},"query-input":"required name=search_term_string"}],"inLanguage":"de"},{"@type":"Organization","@id":"https:\/\/khg-marburg.eu\/#organization","name":"Katholische Hochschulgemeinde Marburg","url":"https:\/\/khg-marburg.eu\/","logo":{"@type":"ImageObject","inLanguage":"de","@id":"https:\/\/khg-marburg.eu\/#\/schema\/logo\/image\/","url":"https:\/\/khg-marburg.eu\/wp-content\/uploads\/2020\/04\/logo_wei\u00df.jpg","contentUrl":"https:\/\/khg-marburg.eu\/wp-content\/uploads\/2020\/04\/logo_wei\u00df.jpg","width":750,"height":650,"caption":"Katholische Hochschulgemeinde Marburg"},"image":{"@id":"https:\/\/khg-marburg.eu\/#\/schema\/logo\/image\/"},"sameAs":["https:\/\/www.facebook.com\/KHGMarburg","https:\/\/www.instagram.com\/khgmarburg\/"]}]}},"_links":{"self":[{"href":"https:\/\/khg-marburg.eu\/index.php\/wp-json\/wp\/v2\/pages\/2293"}],"collection":[{"href":"https:\/\/khg-marburg.eu\/index.php\/wp-json\/wp\/v2\/pages"}],"about":[{"href":"https:\/\/khg-marburg.eu\/index.php\/wp-json\/wp\/v2\/types\/page"}],"author":[{"embeddable":true,"href":"https:\/\/khg-marburg.eu\/index.php\/wp-json\/wp\/v2\/users\/2"}],"replies":[{"embeddable":true,"href":"https:\/\/khg-marburg.eu\/index.php\/wp-json\/wp\/v2\/comments?post=2293"}],"version-history":[{"count":3,"href":"https:\/\/khg-marburg.eu\/index.php\/wp-json\/wp\/v2\/pages\/2293\/revisions"}],"predecessor-version":[{"id":2302,"href":"https:\/\/khg-marburg.eu\/index.php\/wp-json\/wp\/v2\/pages\/2293\/revisions\/2302"}],"wp:attachment":[{"href":"https:\/\/khg-marburg.eu\/index.php\/wp-json\/wp\/v2\/media?parent=2293"}],"curies":[{"name":"wp","href":"https:\/\/api.w.org\/{rel}","templated":true}]}}