{"id":31,"date":"2019-05-22T16:19:49","date_gmt":"2019-05-22T14:19:49","guid":{"rendered":"http:\/\/khg-marburg.eu\/?page_id=31"},"modified":"2023-03-07T11:23:25","modified_gmt":"2023-03-07T10:23:25","slug":"gemeinderat","status":"publish","type":"page","link":"https:\/\/khg-marburg.eu\/index.php\/ueber-uns\/unser-team\/gemeinderat\/","title":{"rendered":"Unser Gemeinderat SoSe 2023"},"content":{"rendered":"<div id=\"pl-31\"  class=\"panel-layout\" ><div id=\"pg-31-0\"  class=\"panel-grid panel-no-style\" ><div id=\"pgc-31-0-0\"  class=\"panel-grid-cell panel-grid-cell-empty\" ><\/div><div id=\"pgc-31-0-1\"  class=\"panel-grid-cell panel-grid-cell-mobile-last\" ><div id=\"panel-31-0-1-0\" class=\"so-panel widget widget_sow-image panel-first-child panel-last-child\" data-index=\"0\" ><div\n\t\t\t\n\t\t\tclass=\"so-widget-sow-image so-widget-sow-image-default-8b5b6f678277-31\"\n\t\t\t\n\t\t>\n<div class=\"sow-image-container\">\n\t\t<img \n\tsrc=\"https:\/\/khg-marburg.eu\/wp-content\/uploads\/2023\/02\/Gemeinderat_SoSe_2023_1.jpeg-768x432.jpg\" width=\"768\" height=\"432\" srcset=\"https:\/\/khg-marburg.eu\/wp-content\/uploads\/2023\/02\/Gemeinderat_SoSe_2023_1.jpeg-768x432.jpg 768w, https:\/\/khg-marburg.eu\/wp-content\/uploads\/2023\/02\/Gemeinderat_SoSe_2023_1.jpeg-300x169.jpg 300w, https:\/\/khg-marburg.eu\/wp-content\/uploads\/2023\/02\/Gemeinderat_SoSe_2023_1.jpeg-1024x576.jpg 1024w, https:\/\/khg-marburg.eu\/wp-content\/uploads\/2023\/02\/Gemeinderat_SoSe_2023_1.jpeg-1536x864.jpg 1536w, https:\/\/khg-marburg.eu\/wp-content\/uploads\/2023\/02\/Gemeinderat_SoSe_2023_1.jpeg.jpg 1920w\" sizes=\"(max-width: 768px) 100vw, 768px\" alt=\"\" \t\tclass=\"so-widget-image\"\/>\n\t<\/div>\n\n<\/div><\/div><\/div><div id=\"pgc-31-0-2\"  class=\"panel-grid-cell panel-grid-cell-empty\" ><\/div><\/div><div id=\"pg-31-1\"  class=\"panel-grid panel-no-style\" ><div id=\"pgc-31-1-0\"  class=\"panel-grid-cell\" ><div id=\"panel-31-1-0-0\" class=\"so-panel widget widget_sow-editor panel-first-child panel-last-child\" data-index=\"1\" ><div\n\t\t\t\n\t\t\tclass=\"so-widget-sow-editor so-widget-sow-editor-base\"\n\t\t\t\n\t\t>\n<div class=\"siteorigin-widget-tinymce textwidget\">\n\t<p>Der Gemeinderat ist das Planungsteam der KHG und wird jedes Semester neu gew\u00e4hlt. Wir treffen uns alle zwei bis drei Wochen, reflektieren (bei Snacks und Getr\u00e4nken) die letzten Veranstaltungen, planen anstehende Events und besprechen alles rund um die KHG. Jede:r darf zu den Gemeinderatssitzungen dazu kommen und Ideen &amp; Vorschl\u00e4ge f\u00fcr soziale, kreative oder anderweitige Aktionen einbringen. Unsere Sitzungen finden \u00f6ffentlich statt und werden \u00fcber den <a href=\"http:\/\/khg-marburg.eu\/index.php\/ueber-uns\/up-to-date\/\">Newsletter<\/a> und Spond angek\u00fcndigt. Wir freuen uns, wenn du dazu kommst!<\/p>\n<p>Kontakt: <a href=\"mailto:gemeinderat@khg-marburg.de\">gemeinderat@khg-marburg.de<\/a><\/p>\n<p><script type=\"text\/javascript\">mailencoded(\"gemeinderat\")<\/script><\/p>\n<p>&nbsp;<\/p>\n<hr \/>\n<\/div>\n<\/div><\/div><\/div><\/div><div id=\"pg-31-2\"  class=\"panel-grid panel-no-style\" ><div id=\"pgc-31-2-0\"  class=\"panel-grid-cell\" ><div id=\"panel-31-2-0-0\" class=\"so-panel widget widget_sow-image panel-first-child panel-last-child\" data-index=\"2\" ><div\n\t\t\t\n\t\t\tclass=\"so-widget-sow-image so-widget-sow-image-default-dbf295114b96-31\"\n\t\t\t\n\t\t>\n<div class=\"sow-image-container\">\n\t\t<img \n\tsrc=\"https:\/\/khg-marburg.eu\/wp-content\/uploads\/2022\/02\/adina-1-300x300.png\" width=\"300\" height=\"300\" srcset=\"https:\/\/khg-marburg.eu\/wp-content\/uploads\/2022\/02\/adina-1.png 300w, https:\/\/khg-marburg.eu\/wp-content\/uploads\/2022\/02\/adina-1-150x150.png 150w\" sizes=\"(max-width: 300px) 100vw, 300px\" title=\"adina\" alt=\"adina Gemeinderat 2023 KHG Marburg\" \t\tclass=\"so-widget-image\"\/>\n\t<\/div>\n\n<\/div><\/div><\/div><div id=\"pgc-31-2-1\"  class=\"panel-grid-cell\" ><div id=\"panel-31-2-1-0\" class=\"so-panel widget widget_sow-editor panel-first-child\" data-index=\"3\" ><div\n\t\t\t\n\t\t\tclass=\"so-widget-sow-editor so-widget-sow-editor-base\"\n\t\t\t\n\t\t><h3 class=\"widget-title\">Adina Jan\u00dfen<\/h3>\n<div class=\"siteorigin-widget-tinymce textwidget\">\n\t<ul>\n<li>Studentin Psychologie<\/li>\n<\/ul>\n<\/div>\n<\/div><\/div><div id=\"panel-31-2-1-1\" class=\"so-panel widget widget_sow-editor panel-last-child\" data-index=\"4\" ><div\n\t\t\t\n\t\t\tclass=\"so-widget-sow-editor so-widget-sow-editor-base\"\n\t\t\t\n\t\t>\n<div class=\"siteorigin-widget-tinymce textwidget\">\n\t<p><a href=\"mailto:adina@khg-marburg.de\">adina@khg-marburg.de<\/a><\/p>\n<\/div>\n<\/div><\/div><\/div><div id=\"pgc-31-2-2\"  class=\"panel-grid-cell\" ><div id=\"panel-31-2-2-0\" class=\"so-panel widget widget_sow-image panel-first-child panel-last-child\" data-index=\"5\" ><div\n\t\t\t\n\t\t\tclass=\"so-widget-sow-image so-widget-sow-image-default-dbf295114b96-31\"\n\t\t\t\n\t\t>\n<div class=\"sow-image-container\">\n\t\t<img \n\tsrc=\"https:\/\/khg-marburg.eu\/wp-content\/uploads\/2022\/09\/20220719_115703-300x276.jpg\" width=\"300\" height=\"276\" srcset=\"https:\/\/khg-marburg.eu\/wp-content\/uploads\/2022\/09\/20220719_115703-300x276.jpg 300w, https:\/\/khg-marburg.eu\/wp-content\/uploads\/2022\/09\/20220719_115703-1024x944.jpg 1024w, https:\/\/khg-marburg.eu\/wp-content\/uploads\/2022\/09\/20220719_115703-768x708.jpg 768w, https:\/\/khg-marburg.eu\/wp-content\/uploads\/2022\/09\/20220719_115703-1536x1416.jpg 1536w, https:\/\/khg-marburg.eu\/wp-content\/uploads\/2022\/09\/20220719_115703-2048x1887.jpg 2048w\" sizes=\"(max-width: 300px) 100vw, 300px\" title=\"20220719_115703\" alt=\"\" \t\tclass=\"so-widget-image\"\/>\n\t<\/div>\n\n<\/div><\/div><\/div><div id=\"pgc-31-2-3\"  class=\"panel-grid-cell\" ><div id=\"panel-31-2-3-0\" class=\"so-panel widget widget_sow-editor panel-first-child\" data-index=\"6\" ><div\n\t\t\t\n\t\t\tclass=\"so-widget-sow-editor so-widget-sow-editor-base\"\n\t\t\t\n\t\t><h3 class=\"widget-title\">Madeleine de M\u00fcr<\/h3>\n<div class=\"siteorigin-widget-tinymce textwidget\">\n\t<ul>\n<li>Studentin Pharmazie<\/li>\n<\/ul>\n<\/div>\n<\/div><\/div><div id=\"panel-31-2-3-1\" class=\"so-panel widget widget_sow-editor panel-last-child\" data-index=\"7\" ><div\n\t\t\t\n\t\t\tclass=\"so-widget-sow-editor so-widget-sow-editor-base\"\n\t\t\t\n\t\t>\n<div class=\"siteorigin-widget-tinymce textwidget\">\n\t<p><a href=\"mailto:madeleine@khg-marburg.de\">madeleine@khg-marburg.de<\/a><\/p>\n<\/div>\n<\/div><\/div><\/div><\/div><div id=\"pg-31-3\"  class=\"panel-grid panel-no-style\" ><div id=\"pgc-31-3-0\"  class=\"panel-grid-cell\" ><div id=\"panel-31-3-0-0\" class=\"so-panel widget widget_sow-image panel-first-child panel-last-child\" data-index=\"8\" ><div\n\t\t\t\n\t\t\tclass=\"so-widget-sow-image so-widget-sow-image-default-dbf295114b96-31\"\n\t\t\t\n\t\t>\n<div class=\"sow-image-container\">\n\t\t<img \n\tsrc=\"https:\/\/khg-marburg.eu\/wp-content\/uploads\/2022\/03\/annika_bruhns-300x300.jpg\" width=\"300\" height=\"300\" srcset=\"https:\/\/khg-marburg.eu\/wp-content\/uploads\/2022\/03\/annika_bruhns.jpg 300w, https:\/\/khg-marburg.eu\/wp-content\/uploads\/2022\/03\/annika_bruhns-150x150.jpg 150w\" sizes=\"(max-width: 300px) 100vw, 300px\" alt=\"\" \t\tclass=\"so-widget-image\"\/>\n\t<\/div>\n\n<\/div><\/div><\/div><div id=\"pgc-31-3-1\"  class=\"panel-grid-cell\" ><div id=\"panel-31-3-1-0\" class=\"so-panel widget widget_sow-editor panel-first-child\" data-index=\"9\" ><div\n\t\t\t\n\t\t\tclass=\"so-widget-sow-editor so-widget-sow-editor-base\"\n\t\t\t\n\t\t><h3 class=\"widget-title\">Annika Bruns<\/h3>\n<div class=\"siteorigin-widget-tinymce textwidget\">\n\t<ul>\n<li>Studentin Geschichte\/Bio<\/li>\n<\/ul>\n<\/div>\n<\/div><\/div><div id=\"panel-31-3-1-1\" class=\"so-panel widget widget_sow-editor panel-last-child\" data-index=\"10\" ><div\n\t\t\t\n\t\t\tclass=\"so-widget-sow-editor so-widget-sow-editor-base\"\n\t\t\t\n\t\t>\n<div class=\"siteorigin-widget-tinymce textwidget\">\n\t<p><a href=\"mailto:anni@khg-marburg.de\">anni@khg-marburg.de<\/a><\/p>\n<\/div>\n<\/div><\/div><\/div><div id=\"pgc-31-3-2\"  class=\"panel-grid-cell\" ><div id=\"panel-31-3-2-0\" class=\"so-panel widget widget_sow-image panel-first-child panel-last-child\" data-index=\"11\" ><div\n\t\t\t\n\t\t\tclass=\"so-widget-sow-image so-widget-sow-image-default-dbf295114b96-31\"\n\t\t\t\n\t\t>\n<div class=\"sow-image-container\">\n\t\t<img \n\tsrc=\"https:\/\/khg-marburg.eu\/wp-content\/uploads\/2023\/02\/Laura-Wiebe_quadrat-300x300.jpg\" width=\"300\" height=\"300\" srcset=\"https:\/\/khg-marburg.eu\/wp-content\/uploads\/2023\/02\/Laura-Wiebe_quadrat-300x300.jpg 300w, https:\/\/khg-marburg.eu\/wp-content\/uploads\/2023\/02\/Laura-Wiebe_quadrat-1024x1024.jpg 1024w, https:\/\/khg-marburg.eu\/wp-content\/uploads\/2023\/02\/Laura-Wiebe_quadrat-150x150.jpg 150w, https:\/\/khg-marburg.eu\/wp-content\/uploads\/2023\/02\/Laura-Wiebe_quadrat-768x768.jpg 768w, https:\/\/khg-marburg.eu\/wp-content\/uploads\/2023\/02\/Laura-Wiebe_quadrat-1536x1536.jpg 1536w, https:\/\/khg-marburg.eu\/wp-content\/uploads\/2023\/02\/Laura-Wiebe_quadrat.jpg 1920w\" sizes=\"(max-width: 300px) 100vw, 300px\" title=\"Laura Wiebe_quadrat\" alt=\"Laura Wiebe Gemeinderat 2023 KHG Marburg\" \t\tclass=\"so-widget-image\"\/>\n\t<\/div>\n\n<\/div><\/div><\/div><div id=\"pgc-31-3-3\"  class=\"panel-grid-cell\" ><div id=\"panel-31-3-3-0\" class=\"so-panel widget widget_sow-editor panel-first-child\" data-index=\"12\" ><div\n\t\t\t\n\t\t\tclass=\"so-widget-sow-editor so-widget-sow-editor-base\"\n\t\t\t\n\t\t><h3 class=\"widget-title\">Laura Wiebe <\/h3>\n<div class=\"siteorigin-widget-tinymce textwidget\">\n\t<ul>\n<li>Pharmaziepraktikantin<\/li>\n<\/ul>\n<\/div>\n<\/div><\/div><div id=\"panel-31-3-3-1\" class=\"so-panel widget widget_sow-editor panel-last-child\" data-index=\"13\" ><div\n\t\t\t\n\t\t\tclass=\"so-widget-sow-editor so-widget-sow-editor-base\"\n\t\t\t\n\t\t>\n<div class=\"siteorigin-widget-tinymce textwidget\">\n\t<p><a href=\"mailto:laura@khg-marburg.de\">laura@khg-marburg.de<\/a><\/p>\n<\/div>\n<\/div><\/div><\/div><\/div><div id=\"pg-31-4\"  class=\"panel-grid panel-no-style\" ><div id=\"pgc-31-4-0\"  class=\"panel-grid-cell\" ><div id=\"panel-31-4-0-0\" class=\"so-panel widget widget_sow-image panel-first-child panel-last-child\" data-index=\"14\" ><div\n\t\t\t\n\t\t\tclass=\"so-widget-sow-image so-widget-sow-image-default-dbf295114b96-31\"\n\t\t\t\n\t\t>\n<div class=\"sow-image-container\">\n\t\t<img \n\tsrc=\"https:\/\/khg-marburg.eu\/wp-content\/uploads\/2023\/02\/Nora_geppert_klein-300x300.jpg\" width=\"300\" height=\"300\" srcset=\"https:\/\/khg-marburg.eu\/wp-content\/uploads\/2023\/02\/Nora_geppert_klein-300x300.jpg 300w, https:\/\/khg-marburg.eu\/wp-content\/uploads\/2023\/02\/Nora_geppert_klein-1024x1024.jpg 1024w, https:\/\/khg-marburg.eu\/wp-content\/uploads\/2023\/02\/Nora_geppert_klein-150x150.jpg 150w, https:\/\/khg-marburg.eu\/wp-content\/uploads\/2023\/02\/Nora_geppert_klein-768x768.jpg 768w, https:\/\/khg-marburg.eu\/wp-content\/uploads\/2023\/02\/Nora_geppert_klein-1536x1536.jpg 1536w, https:\/\/khg-marburg.eu\/wp-content\/uploads\/2023\/02\/Nora_geppert_klein.jpg 1920w\" sizes=\"(max-width: 300px) 100vw, 300px\" alt=\"Portraitaufnahme von Annika Reeg\" \t\tclass=\"so-widget-image\"\/>\n\t<\/div>\n\n<\/div><\/div><\/div><div id=\"pgc-31-4-1\"  class=\"panel-grid-cell\" ><div id=\"panel-31-4-1-0\" class=\"so-panel widget widget_sow-editor panel-first-child\" data-index=\"15\" ><div\n\t\t\t\n\t\t\tclass=\"so-widget-sow-editor so-widget-sow-editor-base\"\n\t\t\t\n\t\t><h3 class=\"widget-title\">Nora Geppert <\/h3>\n<div class=\"siteorigin-widget-tinymce textwidget\">\n\t<ul>\n<li>Vergleichende Kultur- und Religionswissenschaften<\/li>\n<\/ul>\n<\/div>\n<\/div><\/div><div id=\"panel-31-4-1-1\" class=\"so-panel widget widget_sow-editor panel-last-child\" data-index=\"16\" ><div\n\t\t\t\n\t\t\tclass=\"so-widget-sow-editor so-widget-sow-editor-base\"\n\t\t\t\n\t\t>\n<div class=\"siteorigin-widget-tinymce textwidget\">\n\t<p><a href=\"mailto:nora@khg-marburg.de\">nora@khg-marburg.de<\/a><\/p>\n<\/div>\n<\/div><\/div><\/div><div id=\"pgc-31-4-2\"  class=\"panel-grid-cell\" ><div id=\"panel-31-4-2-0\" class=\"so-panel widget widget_sow-image panel-first-child panel-last-child\" data-index=\"17\" ><div\n\t\t\t\n\t\t\tclass=\"so-widget-sow-image so-widget-sow-image-default-dbf295114b96-31\"\n\t\t\t\n\t\t>\n<div class=\"sow-image-container\">\n\t\t<img \n\tsrc=\"https:\/\/khg-marburg.eu\/wp-content\/uploads\/2023\/02\/Jacky_Wolf_quadrat-300x300.jpg\" width=\"300\" height=\"300\" srcset=\"https:\/\/khg-marburg.eu\/wp-content\/uploads\/2023\/02\/Jacky_Wolf_quadrat-300x300.jpg 300w, https:\/\/khg-marburg.eu\/wp-content\/uploads\/2023\/02\/Jacky_Wolf_quadrat-1024x1024.jpg 1024w, https:\/\/khg-marburg.eu\/wp-content\/uploads\/2023\/02\/Jacky_Wolf_quadrat-150x150.jpg 150w, https:\/\/khg-marburg.eu\/wp-content\/uploads\/2023\/02\/Jacky_Wolf_quadrat-768x768.jpg 768w, https:\/\/khg-marburg.eu\/wp-content\/uploads\/2023\/02\/Jacky_Wolf_quadrat-1536x1536.jpg 1536w, https:\/\/khg-marburg.eu\/wp-content\/uploads\/2023\/02\/Jacky_Wolf_quadrat.jpg 1920w\" sizes=\"(max-width: 300px) 100vw, 300px\" alt=\"Jacky Wolf Gemeinderat 2023 KHG Marburg\" \t\tclass=\"so-widget-image\"\/>\n\t<\/div>\n\n<\/div><\/div><\/div><div id=\"pgc-31-4-3\"  class=\"panel-grid-cell\" ><div id=\"panel-31-4-3-0\" class=\"so-panel widget widget_sow-editor panel-first-child\" data-index=\"18\" ><div\n\t\t\t\n\t\t\tclass=\"so-widget-sow-editor so-widget-sow-editor-base\"\n\t\t\t\n\t\t><h3 class=\"widget-title\">Jacky Wolf <\/h3>\n<div class=\"siteorigin-widget-tinymce textwidget\">\n\t<ul>\n<li>B. A. Sprache &amp; Kommunikation<\/li>\n<\/ul>\n<\/div>\n<\/div><\/div><div id=\"panel-31-4-3-1\" class=\"so-panel widget widget_sow-editor panel-last-child\" data-index=\"19\" ><div\n\t\t\t\n\t\t\tclass=\"so-widget-sow-editor so-widget-sow-editor-base\"\n\t\t\t\n\t\t>\n<div class=\"siteorigin-widget-tinymce textwidget\">\n\t<p><a href=\"mailto:jacky@khg-marburg.de\">jacky@khg-marburg.de<\/a><\/p>\n<\/div>\n<\/div><\/div><\/div><\/div><div id=\"pg-31-5\"  class=\"panel-grid panel-no-style\" ><div id=\"pgc-31-5-0\"  class=\"panel-grid-cell\" ><div id=\"panel-31-5-0-0\" class=\"so-panel widget widget_sow-image panel-first-child panel-last-child\" data-index=\"20\" ><div\n\t\t\t\n\t\t\tclass=\"so-widget-sow-image so-widget-sow-image-default-dbf295114b96-31\"\n\t\t\t\n\t\t>\n<div class=\"sow-image-container\">\n\t\t<img \n\tsrc=\"https:\/\/khg-marburg.eu\/wp-content\/uploads\/2023\/02\/johanna_garsky_1920_1920px-300x300.jpeg\" width=\"300\" height=\"300\" srcset=\"https:\/\/khg-marburg.eu\/wp-content\/uploads\/2023\/02\/johanna_garsky_1920_1920px-300x300.jpeg 300w, https:\/\/khg-marburg.eu\/wp-content\/uploads\/2023\/02\/johanna_garsky_1920_1920px-1024x1024.jpeg 1024w, https:\/\/khg-marburg.eu\/wp-content\/uploads\/2023\/02\/johanna_garsky_1920_1920px-150x150.jpeg 150w, https:\/\/khg-marburg.eu\/wp-content\/uploads\/2023\/02\/johanna_garsky_1920_1920px-768x768.jpeg 768w, https:\/\/khg-marburg.eu\/wp-content\/uploads\/2023\/02\/johanna_garsky_1920_1920px-1536x1536.jpeg 1536w, https:\/\/khg-marburg.eu\/wp-content\/uploads\/2023\/02\/johanna_garsky_1920_1920px.jpeg 1920w\" sizes=\"(max-width: 300px) 100vw, 300px\" alt=\"Johanna Garsky Gemeinderat 2023 KHG Marburg\" \t\tclass=\"so-widget-image\"\/>\n\t<\/div>\n\n<\/div><\/div><\/div><div id=\"pgc-31-5-1\"  class=\"panel-grid-cell\" ><div id=\"panel-31-5-1-0\" class=\"so-panel widget widget_sow-editor panel-first-child\" data-index=\"21\" ><div\n\t\t\t\n\t\t\tclass=\"so-widget-sow-editor so-widget-sow-editor-base\"\n\t\t\t\n\t\t><h3 class=\"widget-title\">Johanna Garsky <\/h3>\n<div class=\"siteorigin-widget-tinymce textwidget\">\n\t<ul>\n<li>Studentin Jura<\/li>\n<\/ul>\n<\/div>\n<\/div><\/div><div id=\"panel-31-5-1-1\" class=\"so-panel widget widget_sow-editor panel-last-child\" data-index=\"22\" ><div\n\t\t\t\n\t\t\tclass=\"so-widget-sow-editor so-widget-sow-editor-base\"\n\t\t\t\n\t\t>\n<div class=\"siteorigin-widget-tinymce textwidget\">\n\t<p><a href=\"mailto:johanna@khg-marburg.de\">johanna@khg-marburg.de<\/a><\/p>\n<\/div>\n<\/div><\/div><\/div><div id=\"pgc-31-5-2\"  class=\"panel-grid-cell panel-grid-cell-empty panel-grid-cell-mobile-last\" ><\/div><div id=\"pgc-31-5-3\"  class=\"panel-grid-cell panel-grid-cell-empty\" ><\/div><\/div><\/div>","protected":false},"excerpt":{"rendered":"<p>Der Gemeinderat ist das Planungsteam der KHG und wird jedes Semester neu gew\u00e4hlt. Wir treffen uns alle zwei bis drei Wochen, reflektieren (bei Snacks und Getr\u00e4nken) die letzten Veranstaltungen, planen&#8230;<\/p>\n","protected":false},"author":2,"featured_media":0,"parent":39,"menu_order":4,"comment_status":"closed","ping_status":"closed","template":"","meta":{"inline_featured_image":false,"_kadence_starter_templates_imported_post":false,"_kad_post_transparent":"default","_kad_post_title":"default","_kad_post_layout":"default","_kad_post_sidebar_id":"","_kad_post_content_style":"default","_kad_post_vertical_padding":"default","_kad_post_feature":"","_kad_post_feature_position":"","_kad_post_header":false,"_kad_post_footer":false,"footnotes":""},"yoast_head":"<!-- This site is optimized with the Yoast SEO plugin v22.3 - https:\/\/yoast.com\/wordpress\/plugins\/seo\/ -->\n<title>Unser Gemeinderat SoSe 2023 - Katholische Hochschulgemeinde Marburg<\/title>\n<meta name=\"robots\" content=\"index, follow, max-snippet:-1, max-image-preview:large, max-video-preview:-1\" \/>\n<link rel=\"canonical\" href=\"https:\/\/khg-marburg.eu\/index.php\/ueber-uns\/unser-team\/gemeinderat\/\" \/>\n<meta property=\"og:locale\" content=\"de_DE\" \/>\n<meta property=\"og:type\" content=\"article\" \/>\n<meta property=\"og:title\" content=\"Unser Gemeinderat SoSe 2023 - Katholische Hochschulgemeinde Marburg\" \/>\n<meta property=\"og:description\" content=\"Der Gemeinderat ist das Planungsteam der KHG und wird jedes Semester neu gew\u00e4hlt. Wir treffen uns alle zwei bis drei Wochen, reflektieren (bei Snacks und Getr\u00e4nken) die letzten Veranstaltungen, planen...\" \/>\n<meta property=\"og:url\" content=\"https:\/\/khg-marburg.eu\/index.php\/ueber-uns\/unser-team\/gemeinderat\/\" \/>\n<meta property=\"og:site_name\" content=\"Katholische Hochschulgemeinde Marburg\" \/>\n<meta property=\"article:publisher\" content=\"https:\/\/www.facebook.com\/KHGMarburg\" \/>\n<meta property=\"article:modified_time\" content=\"2023-03-07T10:23:25+00:00\" \/>\n<meta name=\"twitter:card\" content=\"summary_large_image\" \/>\n<meta name=\"twitter:label1\" content=\"Gesch\u00e4tzte Lesezeit\" \/>\n\t<meta name=\"twitter:data1\" content=\"3\u00a0Minuten\" \/>\n<script type=\"application\/ld+json\" class=\"yoast-schema-graph\">{\"@context\":\"https:\/\/schema.org\",\"@graph\":[{\"@type\":\"WebPage\",\"@id\":\"https:\/\/khg-marburg.eu\/index.php\/ueber-uns\/unser-team\/gemeinderat\/\",\"url\":\"https:\/\/khg-marburg.eu\/index.php\/ueber-uns\/unser-team\/gemeinderat\/\",\"name\":\"Unser Gemeinderat SoSe 2023 - Katholische Hochschulgemeinde Marburg\",\"isPartOf\":{\"@id\":\"https:\/\/khg-marburg.eu\/#website\"},\"datePublished\":\"2019-05-22T14:19:49+00:00\",\"dateModified\":\"2023-03-07T10:23:25+00:00\",\"breadcrumb\":{\"@id\":\"https:\/\/khg-marburg.eu\/index.php\/ueber-uns\/unser-team\/gemeinderat\/#breadcrumb\"},\"inLanguage\":\"de\",\"potentialAction\":[{\"@type\":\"ReadAction\",\"target\":[\"https:\/\/khg-marburg.eu\/index.php\/ueber-uns\/unser-team\/gemeinderat\/\"]}]},{\"@type\":\"BreadcrumbList\",\"@id\":\"https:\/\/khg-marburg.eu\/index.php\/ueber-uns\/unser-team\/gemeinderat\/#breadcrumb\",\"itemListElement\":[{\"@type\":\"ListItem\",\"position\":1,\"name\":\"Startseite\",\"item\":\"https:\/\/khg-marburg.eu\/\"},{\"@type\":\"ListItem\",\"position\":2,\"name\":\"\u00dcber Uns\",\"item\":\"https:\/\/khg-marburg.eu\/index.php\/ueber-uns\/\"},{\"@type\":\"ListItem\",\"position\":3,\"name\":\"Unser Team\",\"item\":\"https:\/\/khg-marburg.eu\/index.php\/ueber-uns\/unser-team\/\"},{\"@type\":\"ListItem\",\"position\":4,\"name\":\"Unser Gemeinderat SoSe 2023\"}]},{\"@type\":\"WebSite\",\"@id\":\"https:\/\/khg-marburg.eu\/#website\",\"url\":\"https:\/\/khg-marburg.eu\/\",\"name\":\"Katholische Hochschulgemeinde Marburg\",\"description\":\"Die Katholische Hochschulgemeinde - Katholische Kirche in Marburg\",\"publisher\":{\"@id\":\"https:\/\/khg-marburg.eu\/#organization\"},\"potentialAction\":[{\"@type\":\"SearchAction\",\"target\":{\"@type\":\"EntryPoint\",\"urlTemplate\":\"https:\/\/khg-marburg.eu\/?s={search_term_string}\"},\"query-input\":\"required name=search_term_string\"}],\"inLanguage\":\"de\"},{\"@type\":\"Organization\",\"@id\":\"https:\/\/khg-marburg.eu\/#organization\",\"name\":\"Katholische Hochschulgemeinde Marburg\",\"url\":\"https:\/\/khg-marburg.eu\/\",\"logo\":{\"@type\":\"ImageObject\",\"inLanguage\":\"de\",\"@id\":\"https:\/\/khg-marburg.eu\/#\/schema\/logo\/image\/\",\"url\":\"https:\/\/khg-marburg.eu\/wp-content\/uploads\/2020\/04\/logo_wei\u00df.jpg\",\"contentUrl\":\"https:\/\/khg-marburg.eu\/wp-content\/uploads\/2020\/04\/logo_wei\u00df.jpg\",\"width\":750,\"height\":650,\"caption\":\"Katholische Hochschulgemeinde Marburg\"},\"image\":{\"@id\":\"https:\/\/khg-marburg.eu\/#\/schema\/logo\/image\/\"},\"sameAs\":[\"https:\/\/www.facebook.com\/KHGMarburg\",\"https:\/\/www.instagram.com\/khgmarburg\/\"]}]}<\/script>\n<!-- \/ Yoast SEO plugin. -->","yoast_head_json":{"title":"Unser Gemeinderat SoSe 2023 - Katholische Hochschulgemeinde Marburg","robots":{"index":"index","follow":"follow","max-snippet":"max-snippet:-1","max-image-preview":"max-image-preview:large","max-video-preview":"max-video-preview:-1"},"canonical":"https:\/\/khg-marburg.eu\/index.php\/ueber-uns\/unser-team\/gemeinderat\/","og_locale":"de_DE","og_type":"article","og_title":"Unser Gemeinderat SoSe 2023 - Katholische Hochschulgemeinde Marburg","og_description":"Der Gemeinderat ist das Planungsteam der KHG und wird jedes Semester neu gew\u00e4hlt. Wir treffen uns alle zwei bis drei Wochen, reflektieren (bei Snacks und Getr\u00e4nken) die letzten Veranstaltungen, planen...","og_url":"https:\/\/khg-marburg.eu\/index.php\/ueber-uns\/unser-team\/gemeinderat\/","og_site_name":"Katholische Hochschulgemeinde Marburg","article_publisher":"https:\/\/www.facebook.com\/KHGMarburg","article_modified_time":"2023-03-07T10:23:25+00:00","twitter_card":"summary_large_image","twitter_misc":{"Gesch\u00e4tzte Lesezeit":"3\u00a0Minuten"},"schema":{"@context":"https:\/\/schema.org","@graph":[{"@type":"WebPage","@id":"https:\/\/khg-marburg.eu\/index.php\/ueber-uns\/unser-team\/gemeinderat\/","url":"https:\/\/khg-marburg.eu\/index.php\/ueber-uns\/unser-team\/gemeinderat\/","name":"Unser Gemeinderat SoSe 2023 - Katholische Hochschulgemeinde Marburg","isPartOf":{"@id":"https:\/\/khg-marburg.eu\/#website"},"datePublished":"2019-05-22T14:19:49+00:00","dateModified":"2023-03-07T10:23:25+00:00","breadcrumb":{"@id":"https:\/\/khg-marburg.eu\/index.php\/ueber-uns\/unser-team\/gemeinderat\/#breadcrumb"},"inLanguage":"de","potentialAction":[{"@type":"ReadAction","target":["https:\/\/khg-marburg.eu\/index.php\/ueber-uns\/unser-team\/gemeinderat\/"]}]},{"@type":"BreadcrumbList","@id":"https:\/\/khg-marburg.eu\/index.php\/ueber-uns\/unser-team\/gemeinderat\/#breadcrumb","itemListElement":[{"@type":"ListItem","position":1,"name":"Startseite","item":"https:\/\/khg-marburg.eu\/"},{"@type":"ListItem","position":2,"name":"\u00dcber Uns","item":"https:\/\/khg-marburg.eu\/index.php\/ueber-uns\/"},{"@type":"ListItem","position":3,"name":"Unser Team","item":"https:\/\/khg-marburg.eu\/index.php\/ueber-uns\/unser-team\/"},{"@type":"ListItem","position":4,"name":"Unser Gemeinderat SoSe 2023"}]},{"@type":"WebSite","@id":"https:\/\/khg-marburg.eu\/#website","url":"https:\/\/khg-marburg.eu\/","name":"Katholische Hochschulgemeinde Marburg","description":"Die Katholische Hochschulgemeinde - Katholische Kirche in Marburg","publisher":{"@id":"https:\/\/khg-marburg.eu\/#organization"},"potentialAction":[{"@type":"SearchAction","target":{"@type":"EntryPoint","urlTemplate":"https:\/\/khg-marburg.eu\/?s={search_term_string}"},"query-input":"required name=search_term_string"}],"inLanguage":"de"},{"@type":"Organization","@id":"https:\/\/khg-marburg.eu\/#organization","name":"Katholische Hochschulgemeinde Marburg","url":"https:\/\/khg-marburg.eu\/","logo":{"@type":"ImageObject","inLanguage":"de","@id":"https:\/\/khg-marburg.eu\/#\/schema\/logo\/image\/","url":"https:\/\/khg-marburg.eu\/wp-content\/uploads\/2020\/04\/logo_wei\u00df.jpg","contentUrl":"https:\/\/khg-marburg.eu\/wp-content\/uploads\/2020\/04\/logo_wei\u00df.jpg","width":750,"height":650,"caption":"Katholische Hochschulgemeinde Marburg"},"image":{"@id":"https:\/\/khg-marburg.eu\/#\/schema\/logo\/image\/"},"sameAs":["https:\/\/www.facebook.com\/KHGMarburg","https:\/\/www.instagram.com\/khgmarburg\/"]}]}},"_links":{"self":[{"href":"https:\/\/khg-marburg.eu\/index.php\/wp-json\/wp\/v2\/pages\/31"}],"collection":[{"href":"https:\/\/khg-marburg.eu\/index.php\/wp-json\/wp\/v2\/pages"}],"about":[{"href":"https:\/\/khg-marburg.eu\/index.php\/wp-json\/wp\/v2\/types\/page"}],"author":[{"embeddable":true,"href":"https:\/\/khg-marburg.eu\/index.php\/wp-json\/wp\/v2\/users\/2"}],"replies":[{"embeddable":true,"href":"https:\/\/khg-marburg.eu\/index.php\/wp-json\/wp\/v2\/comments?post=31"}],"version-history":[{"count":168,"href":"https:\/\/khg-marburg.eu\/index.php\/wp-json\/wp\/v2\/pages\/31\/revisions"}],"predecessor-version":[{"id":2584,"href":"https:\/\/khg-marburg.eu\/index.php\/wp-json\/wp\/v2\/pages\/31\/revisions\/2584"}],"up":[{"embeddable":true,"href":"https:\/\/khg-marburg.eu\/index.php\/wp-json\/wp\/v2\/pages\/39"}],"wp:attachment":[{"href":"https:\/\/khg-marburg.eu\/index.php\/wp-json\/wp\/v2\/media?parent=31"}],"curies":[{"name":"wp","href":"https:\/\/api.w.org\/{rel}","templated":true}]}}