{"id":4898,"date":"2025-06-12T11:37:22","date_gmt":"2025-06-12T09:37:22","guid":{"rendered":"https:\/\/khg-marburg.eu\/?page_id=4898"},"modified":"2025-06-16T10:21:41","modified_gmt":"2025-06-16T08:21:41","slug":"gegen-rechts","status":"publish","type":"page","link":"https:\/\/khg-marburg.eu\/index.php\/gegen-rechts\/","title":{"rendered":"Gegen rechts"},"content":{"rendered":"\n<figure class=\"wp-block-image alignfull size-full\"><img loading=\"lazy\" decoding=\"async\" width=\"2242\" height=\"581\" src=\"https:\/\/khg-marburg.eu\/wp-content\/uploads\/2022\/05\/Love.jpg\" alt=\"\" class=\"wp-image-4262\" srcset=\"https:\/\/khg-marburg.eu\/wp-content\/uploads\/2022\/05\/Love.jpg 2242w, https:\/\/khg-marburg.eu\/wp-content\/uploads\/2022\/05\/Love-300x78.jpg 300w, https:\/\/khg-marburg.eu\/wp-content\/uploads\/2022\/05\/Love-1024x265.jpg 1024w, https:\/\/khg-marburg.eu\/wp-content\/uploads\/2022\/05\/Love-768x199.jpg 768w, https:\/\/khg-marburg.eu\/wp-content\/uploads\/2022\/05\/Love-1536x398.jpg 1536w, https:\/\/khg-marburg.eu\/wp-content\/uploads\/2022\/05\/Love-2048x531.jpg 2048w\" sizes=\"(max-width: 2242px) 100vw, 2242px\" \/><\/figure>\n\n\n\n<h2 class=\"wp-block-heading has-text-align-center has-text-color has-link-color wp-elements-a20982f1670fb0239052bdf044493523\" style=\"color:#eeab02\">Wir sind bunt und vielf\u00e4ltig stehen hinter out in church und unterst\u00fctzen die Synodalforen!<\/h2>\n\n\n\n<h4 class=\"wp-block-heading has-text-color has-link-color wp-elements-5097390b3b8d9aa741fa4997aafaa631\" style=\"color:#eeab02\"><strong>Christ*in sein und rechtes Gedankengut passen nicht zueinander!<\/strong><\/h4>\n\n\n\n<p>\u201eV\u00f6lkischer Nationalismus und Christentum sind unvereinbar\u201c \u2013 unter diesem Titel hat die Deutsche Bischofskonferenz k\u00fcrzlich eine Erkl\u00e4rung verabschiedet. Unter Bezugnahme auf die Polarisierung in der Gesellschaft, dem st\u00e4rkeren Aufkommen von rechtsextremem Gedankengut sowie der Nennung der AfD als Partei, die \u201echangiert zwischen einem echten Rechtsextremismus [\u2026] und einem Rechtspopulismus, der weniger radikal und grunds\u00e4tzlich daherkommt\u201c stellen die Bisch\u00f6fe einstimmig klar:<br><br>\u201e<em>Wir sagen mit aller Klarheit: V\u00f6lkischer Nationalismus ist mit dem christlichen Gottes- und Menschenbild unvereinbar. Rechtsextreme Parteien und solche, die am Rande dieser Ideologie wuchern, k\u00f6nnen f\u00fcr Christinnen und Christen daher kein Ort ihrer politischen Bet\u00e4tigung sein und sind auch nicht w\u00e4hlbar. Die Verbreitung rechtsextremer Parolen \u2013 dazu geh\u00f6ren insbesondere Rassismus und Antisemitismus \u2013 ist \u00fcberdies mit einem haupt- oder ehrenamtlichen Dienst in der Kirche unvereinbar.<\/em>\u201c<br><br>Als Mitarbeitende der Katholischen Kirche in Marburg und Umgebung und als Gemeinderat der KHG Marburg bekr\u00e4ftigen wir dieses Statement und stehen hinter der Mitteilung der Deutschen Bischofskonferenz. <a href=\"https:\/\/www.dbk.de\/themen\/erklaerung-zum-voelkischen-nationalismus\" target=\"_blank\" rel=\"noreferrer noopener\">Hier geht es zur ausf\u00fchrlichen Erkl\u00e4rung<\/a>.<\/p>\n\n\n\n<div class=\"wp-block-columns is-layout-flex wp-container-core-columns-layout-1 wp-block-columns-is-layout-flex\">\n<div class=\"wp-block-column is-layout-flow wp-block-column-is-layout-flow\">\n<figure class=\"wp-block-image size-large\"><img loading=\"lazy\" decoding=\"async\" width=\"1024\" height=\"1024\" src=\"https:\/\/khg-marburg.eu\/wp-content\/uploads\/2024\/03\/Plakat-Kirche-gegen-rechts-35-x-56-cm-Instagram-Post-1024x1024.png\" alt=\"\" class=\"wp-image-7036\" srcset=\"https:\/\/khg-marburg.eu\/wp-content\/uploads\/2024\/03\/Plakat-Kirche-gegen-rechts-35-x-56-cm-Instagram-Post-1024x1024.png 1024w, https:\/\/khg-marburg.eu\/wp-content\/uploads\/2024\/03\/Plakat-Kirche-gegen-rechts-35-x-56-cm-Instagram-Post-300x300.png 300w, https:\/\/khg-marburg.eu\/wp-content\/uploads\/2024\/03\/Plakat-Kirche-gegen-rechts-35-x-56-cm-Instagram-Post-150x150.png 150w, https:\/\/khg-marburg.eu\/wp-content\/uploads\/2024\/03\/Plakat-Kirche-gegen-rechts-35-x-56-cm-Instagram-Post-768x768.png 768w, https:\/\/khg-marburg.eu\/wp-content\/uploads\/2024\/03\/Plakat-Kirche-gegen-rechts-35-x-56-cm-Instagram-Post.png 1080w\" sizes=\"(max-width: 1024px) 100vw, 1024px\" \/><\/figure>\n<\/div>\n\n\n\n<div class=\"wp-block-column is-layout-flow wp-block-column-is-layout-flow\">\n<figure class=\"wp-block-image size-large\"><img loading=\"lazy\" decoding=\"async\" width=\"1024\" height=\"1024\" src=\"https:\/\/khg-marburg.eu\/wp-content\/uploads\/2024\/01\/Design-by-@metablabla-1024x1024.png\" alt=\"\" class=\"wp-image-6811\" srcset=\"https:\/\/khg-marburg.eu\/wp-content\/uploads\/2024\/01\/Design-by-@metablabla-1024x1024.png 1024w, https:\/\/khg-marburg.eu\/wp-content\/uploads\/2024\/01\/Design-by-@metablabla-300x300.png 300w, https:\/\/khg-marburg.eu\/wp-content\/uploads\/2024\/01\/Design-by-@metablabla-150x150.png 150w, https:\/\/khg-marburg.eu\/wp-content\/uploads\/2024\/01\/Design-by-@metablabla-768x768.png 768w, https:\/\/khg-marburg.eu\/wp-content\/uploads\/2024\/01\/Design-by-@metablabla.png 1080w\" sizes=\"(max-width: 1024px) 100vw, 1024px\" \/><\/figure>\n<\/div>\n\n\n\n<div class=\"wp-block-column is-layout-flow wp-block-column-is-layout-flow\">\n<figure class=\"wp-block-image size-large\"><img loading=\"lazy\" decoding=\"async\" width=\"1024\" height=\"1024\" src=\"https:\/\/khg-marburg.eu\/wp-content\/uploads\/2025\/02\/Menschenrechte-1024x1024.png\" alt=\"\" class=\"wp-image-8726\" srcset=\"https:\/\/khg-marburg.eu\/wp-content\/uploads\/2025\/02\/Menschenrechte-1024x1024.png 1024w, https:\/\/khg-marburg.eu\/wp-content\/uploads\/2025\/02\/Menschenrechte-300x300.png 300w, https:\/\/khg-marburg.eu\/wp-content\/uploads\/2025\/02\/Menschenrechte-150x150.png 150w, https:\/\/khg-marburg.eu\/wp-content\/uploads\/2025\/02\/Menschenrechte-768x768.png 768w, https:\/\/khg-marburg.eu\/wp-content\/uploads\/2025\/02\/Menschenrechte.png 1080w\" sizes=\"(max-width: 1024px) 100vw, 1024px\" \/><\/figure>\n<\/div>\n<\/div>\n\n\n\n<h4 class=\"wp-block-heading has-text-color has-link-color wp-elements-0dff2be8e5289fcacb49fc78821c08d1\" style=\"color:#eeab02\">Out in church<\/h4>\n\n\n\n<div class=\"wp-block-media-text is-stacked-on-mobile\" style=\"grid-template-columns:30% auto\"><figure class=\"wp-block-media-text__media\"><img loading=\"lazy\" decoding=\"async\" width=\"1024\" height=\"1024\" src=\"https:\/\/khg-marburg.eu\/wp-content\/uploads\/2025\/06\/Out-in-church-Webseite-1-1024x1024.png\" alt=\"\" class=\"wp-image-9120 size-full\" srcset=\"https:\/\/khg-marburg.eu\/wp-content\/uploads\/2025\/06\/Out-in-church-Webseite-1-1024x1024.png 1024w, https:\/\/khg-marburg.eu\/wp-content\/uploads\/2025\/06\/Out-in-church-Webseite-1-300x300.png 300w, https:\/\/khg-marburg.eu\/wp-content\/uploads\/2025\/06\/Out-in-church-Webseite-1-150x150.png 150w, https:\/\/khg-marburg.eu\/wp-content\/uploads\/2025\/06\/Out-in-church-Webseite-1-768x768.png 768w, https:\/\/khg-marburg.eu\/wp-content\/uploads\/2025\/06\/Out-in-church-Webseite-1.png 1080w\" sizes=\"(max-width: 1024px) 100vw, 1024px\" \/><\/figure><div class=\"wp-block-media-text__content\">\n<p><strong>Es ist Zeit f\u00fcr eine Ver\u00e4nderung!<\/strong><br>Vielen Dank an allen Beteiligten von <strong>Out in church &#8211; f\u00fcr eine Kirche ohne Angst<\/strong> f\u00fcr euren Mut und eure Offenheit! Wir stehen hinter euch und unterst\u00fctzen euch.<br>Der Gemeinderat der KHG Marburg.<br><br>Zu der Aktion gibt es auch eine Doku: <a href=\"https:\/\/www.ardmediathek.de\/video\/Y3JpZDovL3JiYi1vbmxpbmUuZGUvd2llLWdvdHQtdW5zLXNjaHVmLzIwMjItMDEtMjRUMjI6NTA6MDBfMWUzNjQ3OGQtNjkwZi00Y2M3LWEzMTgtM2Q0NmY0MGY2MDMwL3dpZV9nb3R0XzIwMjIwMTI0X3dpZV9nb3R0X3Vuc19zY2h1Zl9kaWVfZG9rdQ\" target=\"_blank\" rel=\"noreferrer noopener\">&#8222;Wie Gott uns schuf&#8220;<\/a><\/p>\n<\/div><\/div>\n","protected":false},"excerpt":{"rendered":"<p>Wir sind bunt und vielf\u00e4ltig stehen hinter out in church und unterst\u00fctzen die Synodalforen! Christ*in sein und rechtes Gedankengut passen nicht zueinander! \u201eV\u00f6lkischer Nationalismus und Christentum sind unvereinbar\u201c \u2013 unter&#8230;<\/p>\n","protected":false},"author":2,"featured_media":0,"parent":0,"menu_order":0,"comment_status":"closed","ping_status":"closed","template":"","meta":{"inline_featured_image":false,"_kadence_starter_templates_imported_post":false,"_kad_post_transparent":"","_kad_post_title":"","_kad_post_layout":"","_kad_post_sidebar_id":"","_kad_post_content_style":"","_kad_post_vertical_padding":"","_kad_post_feature":"","_kad_post_feature_position":"","_kad_post_header":false,"_kad_post_footer":false,"footnotes":""},"yoast_head":"<!-- This site is optimized with the Yoast SEO plugin v22.3 - https:\/\/yoast.com\/wordpress\/plugins\/seo\/ -->\n<title>Gegen rechts - Katholische Hochschulgemeinde Marburg<\/title>\n<meta name=\"robots\" content=\"index, follow, max-snippet:-1, max-image-preview:large, max-video-preview:-1\" \/>\n<link rel=\"canonical\" href=\"https:\/\/khg-marburg.eu\/index.php\/gegen-rechts\/\" \/>\n<meta property=\"og:locale\" content=\"de_DE\" \/>\n<meta property=\"og:type\" content=\"article\" \/>\n<meta property=\"og:title\" content=\"Gegen rechts - Katholische Hochschulgemeinde Marburg\" \/>\n<meta property=\"og:description\" content=\"Wir sind bunt und vielf\u00e4ltig stehen hinter out in church und unterst\u00fctzen die Synodalforen! Christ*in sein und rechtes Gedankengut passen nicht zueinander! \u201eV\u00f6lkischer Nationalismus und Christentum sind unvereinbar\u201c \u2013 unter...\" \/>\n<meta property=\"og:url\" content=\"https:\/\/khg-marburg.eu\/index.php\/gegen-rechts\/\" \/>\n<meta property=\"og:site_name\" content=\"Katholische Hochschulgemeinde Marburg\" \/>\n<meta property=\"article:publisher\" content=\"https:\/\/www.facebook.com\/KHGMarburg\" \/>\n<meta property=\"article:modified_time\" content=\"2025-06-16T08:21:41+00:00\" \/>\n<meta property=\"og:image\" content=\"https:\/\/khg-marburg.eu\/wp-content\/uploads\/2022\/05\/Love.jpg\" \/>\n<meta name=\"twitter:card\" content=\"summary_large_image\" \/>\n<meta name=\"twitter:label1\" content=\"Gesch\u00e4tzte Lesezeit\" \/>\n\t<meta name=\"twitter:data1\" content=\"3\u00a0Minuten\" \/>\n<script type=\"application\/ld+json\" class=\"yoast-schema-graph\">{\"@context\":\"https:\/\/schema.org\",\"@graph\":[{\"@type\":\"WebPage\",\"@id\":\"https:\/\/khg-marburg.eu\/index.php\/gegen-rechts\/\",\"url\":\"https:\/\/khg-marburg.eu\/index.php\/gegen-rechts\/\",\"name\":\"Gegen rechts - Katholische Hochschulgemeinde Marburg\",\"isPartOf\":{\"@id\":\"https:\/\/khg-marburg.eu\/#website\"},\"primaryImageOfPage\":{\"@id\":\"https:\/\/khg-marburg.eu\/index.php\/gegen-rechts\/#primaryimage\"},\"image\":{\"@id\":\"https:\/\/khg-marburg.eu\/index.php\/gegen-rechts\/#primaryimage\"},\"thumbnailUrl\":\"https:\/\/khg-marburg.eu\/wp-content\/uploads\/2022\/05\/Love.jpg\",\"datePublished\":\"2025-06-12T09:37:22+00:00\",\"dateModified\":\"2025-06-16T08:21:41+00:00\",\"breadcrumb\":{\"@id\":\"https:\/\/khg-marburg.eu\/index.php\/gegen-rechts\/#breadcrumb\"},\"inLanguage\":\"de\",\"potentialAction\":[{\"@type\":\"ReadAction\",\"target\":[\"https:\/\/khg-marburg.eu\/index.php\/gegen-rechts\/\"]}]},{\"@type\":\"ImageObject\",\"inLanguage\":\"de\",\"@id\":\"https:\/\/khg-marburg.eu\/index.php\/gegen-rechts\/#primaryimage\",\"url\":\"https:\/\/khg-marburg.eu\/wp-content\/uploads\/2022\/05\/Love.jpg\",\"contentUrl\":\"https:\/\/khg-marburg.eu\/wp-content\/uploads\/2022\/05\/Love.jpg\",\"width\":2242,\"height\":581},{\"@type\":\"BreadcrumbList\",\"@id\":\"https:\/\/khg-marburg.eu\/index.php\/gegen-rechts\/#breadcrumb\",\"itemListElement\":[{\"@type\":\"ListItem\",\"position\":1,\"name\":\"Startseite\",\"item\":\"https:\/\/khg-marburg.eu\/\"},{\"@type\":\"ListItem\",\"position\":2,\"name\":\"Gegen rechts\"}]},{\"@type\":\"WebSite\",\"@id\":\"https:\/\/khg-marburg.eu\/#website\",\"url\":\"https:\/\/khg-marburg.eu\/\",\"name\":\"Katholische Hochschulgemeinde Marburg\",\"description\":\"Die Katholische Hochschulgemeinde - Katholische Kirche in Marburg\",\"publisher\":{\"@id\":\"https:\/\/khg-marburg.eu\/#organization\"},\"potentialAction\":[{\"@type\":\"SearchAction\",\"target\":{\"@type\":\"EntryPoint\",\"urlTemplate\":\"https:\/\/khg-marburg.eu\/?s={search_term_string}\"},\"query-input\":\"required name=search_term_string\"}],\"inLanguage\":\"de\"},{\"@type\":\"Organization\",\"@id\":\"https:\/\/khg-marburg.eu\/#organization\",\"name\":\"Katholische Hochschulgemeinde Marburg\",\"url\":\"https:\/\/khg-marburg.eu\/\",\"logo\":{\"@type\":\"ImageObject\",\"inLanguage\":\"de\",\"@id\":\"https:\/\/khg-marburg.eu\/#\/schema\/logo\/image\/\",\"url\":\"https:\/\/khg-marburg.eu\/wp-content\/uploads\/2020\/04\/logo_wei\u00df.jpg\",\"contentUrl\":\"https:\/\/khg-marburg.eu\/wp-content\/uploads\/2020\/04\/logo_wei\u00df.jpg\",\"width\":750,\"height\":650,\"caption\":\"Katholische Hochschulgemeinde Marburg\"},\"image\":{\"@id\":\"https:\/\/khg-marburg.eu\/#\/schema\/logo\/image\/\"},\"sameAs\":[\"https:\/\/www.facebook.com\/KHGMarburg\",\"https:\/\/www.instagram.com\/khgmarburg\/\"]}]}<\/script>\n<!-- \/ Yoast SEO plugin. -->","yoast_head_json":{"title":"Gegen rechts - Katholische Hochschulgemeinde Marburg","robots":{"index":"index","follow":"follow","max-snippet":"max-snippet:-1","max-image-preview":"max-image-preview:large","max-video-preview":"max-video-preview:-1"},"canonical":"https:\/\/khg-marburg.eu\/index.php\/gegen-rechts\/","og_locale":"de_DE","og_type":"article","og_title":"Gegen rechts - Katholische Hochschulgemeinde Marburg","og_description":"Wir sind bunt und vielf\u00e4ltig stehen hinter out in church und unterst\u00fctzen die Synodalforen! Christ*in sein und rechtes Gedankengut passen nicht zueinander! \u201eV\u00f6lkischer Nationalismus und Christentum sind unvereinbar\u201c \u2013 unter...","og_url":"https:\/\/khg-marburg.eu\/index.php\/gegen-rechts\/","og_site_name":"Katholische Hochschulgemeinde Marburg","article_publisher":"https:\/\/www.facebook.com\/KHGMarburg","article_modified_time":"2025-06-16T08:21:41+00:00","og_image":[{"url":"https:\/\/khg-marburg.eu\/wp-content\/uploads\/2022\/05\/Love.jpg"}],"twitter_card":"summary_large_image","twitter_misc":{"Gesch\u00e4tzte Lesezeit":"3\u00a0Minuten"},"schema":{"@context":"https:\/\/schema.org","@graph":[{"@type":"WebPage","@id":"https:\/\/khg-marburg.eu\/index.php\/gegen-rechts\/","url":"https:\/\/khg-marburg.eu\/index.php\/gegen-rechts\/","name":"Gegen rechts - Katholische Hochschulgemeinde Marburg","isPartOf":{"@id":"https:\/\/khg-marburg.eu\/#website"},"primaryImageOfPage":{"@id":"https:\/\/khg-marburg.eu\/index.php\/gegen-rechts\/#primaryimage"},"image":{"@id":"https:\/\/khg-marburg.eu\/index.php\/gegen-rechts\/#primaryimage"},"thumbnailUrl":"https:\/\/khg-marburg.eu\/wp-content\/uploads\/2022\/05\/Love.jpg","datePublished":"2025-06-12T09:37:22+00:00","dateModified":"2025-06-16T08:21:41+00:00","breadcrumb":{"@id":"https:\/\/khg-marburg.eu\/index.php\/gegen-rechts\/#breadcrumb"},"inLanguage":"de","potentialAction":[{"@type":"ReadAction","target":["https:\/\/khg-marburg.eu\/index.php\/gegen-rechts\/"]}]},{"@type":"ImageObject","inLanguage":"de","@id":"https:\/\/khg-marburg.eu\/index.php\/gegen-rechts\/#primaryimage","url":"https:\/\/khg-marburg.eu\/wp-content\/uploads\/2022\/05\/Love.jpg","contentUrl":"https:\/\/khg-marburg.eu\/wp-content\/uploads\/2022\/05\/Love.jpg","width":2242,"height":581},{"@type":"BreadcrumbList","@id":"https:\/\/khg-marburg.eu\/index.php\/gegen-rechts\/#breadcrumb","itemListElement":[{"@type":"ListItem","position":1,"name":"Startseite","item":"https:\/\/khg-marburg.eu\/"},{"@type":"ListItem","position":2,"name":"Gegen rechts"}]},{"@type":"WebSite","@id":"https:\/\/khg-marburg.eu\/#website","url":"https:\/\/khg-marburg.eu\/","name":"Katholische Hochschulgemeinde Marburg","description":"Die Katholische Hochschulgemeinde - Katholische Kirche in Marburg","publisher":{"@id":"https:\/\/khg-marburg.eu\/#organization"},"potentialAction":[{"@type":"SearchAction","target":{"@type":"EntryPoint","urlTemplate":"https:\/\/khg-marburg.eu\/?s={search_term_string}"},"query-input":"required name=search_term_string"}],"inLanguage":"de"},{"@type":"Organization","@id":"https:\/\/khg-marburg.eu\/#organization","name":"Katholische Hochschulgemeinde Marburg","url":"https:\/\/khg-marburg.eu\/","logo":{"@type":"ImageObject","inLanguage":"de","@id":"https:\/\/khg-marburg.eu\/#\/schema\/logo\/image\/","url":"https:\/\/khg-marburg.eu\/wp-content\/uploads\/2020\/04\/logo_wei\u00df.jpg","contentUrl":"https:\/\/khg-marburg.eu\/wp-content\/uploads\/2020\/04\/logo_wei\u00df.jpg","width":750,"height":650,"caption":"Katholische Hochschulgemeinde Marburg"},"image":{"@id":"https:\/\/khg-marburg.eu\/#\/schema\/logo\/image\/"},"sameAs":["https:\/\/www.facebook.com\/KHGMarburg","https:\/\/www.instagram.com\/khgmarburg\/"]}]}},"_links":{"self":[{"href":"https:\/\/khg-marburg.eu\/index.php\/wp-json\/wp\/v2\/pages\/4898"}],"collection":[{"href":"https:\/\/khg-marburg.eu\/index.php\/wp-json\/wp\/v2\/pages"}],"about":[{"href":"https:\/\/khg-marburg.eu\/index.php\/wp-json\/wp\/v2\/types\/page"}],"author":[{"embeddable":true,"href":"https:\/\/khg-marburg.eu\/index.php\/wp-json\/wp\/v2\/users\/2"}],"replies":[{"embeddable":true,"href":"https:\/\/khg-marburg.eu\/index.php\/wp-json\/wp\/v2\/comments?post=4898"}],"version-history":[{"count":9,"href":"https:\/\/khg-marburg.eu\/index.php\/wp-json\/wp\/v2\/pages\/4898\/revisions"}],"predecessor-version":[{"id":9200,"href":"https:\/\/khg-marburg.eu\/index.php\/wp-json\/wp\/v2\/pages\/4898\/revisions\/9200"}],"wp:attachment":[{"href":"https:\/\/khg-marburg.eu\/index.php\/wp-json\/wp\/v2\/media?parent=4898"}],"curies":[{"name":"wp","href":"https:\/\/api.w.org\/{rel}","templated":true}]}}