{"id":5133,"date":"2023-05-02T22:22:01","date_gmt":"2023-05-02T20:22:01","guid":{"rendered":"https:\/\/khg-marburg.eu\/?page_id=5133"},"modified":"2026-03-27T12:20:07","modified_gmt":"2026-03-27T11:20:07","slug":"a-2-weitere-veranstaltungen","status":"publish","type":"page","link":"https:\/\/khg-marburg.eu\/index.php\/a-2-weitere-veranstaltungen\/","title":{"rendered":"Weitere Veranstaltungen"},"content":{"rendered":"\n<figure class=\"wp-block-image alignwide size-full\"><img loading=\"lazy\" decoding=\"async\" width=\"2000\" height=\"667\" src=\"https:\/\/khg-marburg.eu\/wp-content\/uploads\/2024\/01\/Startbilder_Webseite-30-x-10-cm-4.png\" alt=\"\" class=\"wp-image-6823\" srcset=\"https:\/\/khg-marburg.eu\/wp-content\/uploads\/2024\/01\/Startbilder_Webseite-30-x-10-cm-4.png 2000w, https:\/\/khg-marburg.eu\/wp-content\/uploads\/2024\/01\/Startbilder_Webseite-30-x-10-cm-4-300x100.png 300w, https:\/\/khg-marburg.eu\/wp-content\/uploads\/2024\/01\/Startbilder_Webseite-30-x-10-cm-4-1024x342.png 1024w, https:\/\/khg-marburg.eu\/wp-content\/uploads\/2024\/01\/Startbilder_Webseite-30-x-10-cm-4-768x256.png 768w, https:\/\/khg-marburg.eu\/wp-content\/uploads\/2024\/01\/Startbilder_Webseite-30-x-10-cm-4-1536x512.png 1536w\" sizes=\"(max-width: 2000px) 100vw, 2000px\" \/><\/figure>\n\n\n\n<hr class=\"wp-block-separator alignwide has-text-color has-alpha-channel-opacity has-background is-style-wide\" style=\"background-color:#f49716;color:#f49716\"\/>\n\n\n\n<h2 class=\"wp-block-heading alignwide has-text-align-center has-text-color\" style=\"color:#eeab02\">Aktuelle Veranstaltungen \/ Current events<\/h2>\n\n\n\n<p><\/p>\n\n\n\n<hr class=\"wp-block-separator alignwide has-text-color has-alpha-channel-opacity has-background is-style-wide\" style=\"background-color:#f49716;color:#f49716\"\/>\n\n\n\n<div class=\"wp-block-media-text alignwide is-stacked-on-mobile\" style=\"grid-template-columns:30% auto\"><figure class=\"wp-block-media-text__media\"><img loading=\"lazy\" decoding=\"async\" width=\"1024\" height=\"1024\" src=\"https:\/\/khg-marburg.eu\/wp-content\/uploads\/2026\/02\/26_04_15_Kleidertauschparty-Instagram-Post-2-1-1024x1024.png\" alt=\"\" class=\"wp-image-9892 size-full\" srcset=\"https:\/\/khg-marburg.eu\/wp-content\/uploads\/2026\/02\/26_04_15_Kleidertauschparty-Instagram-Post-2-1-1024x1024.png 1024w, https:\/\/khg-marburg.eu\/wp-content\/uploads\/2026\/02\/26_04_15_Kleidertauschparty-Instagram-Post-2-1-300x300.png 300w, https:\/\/khg-marburg.eu\/wp-content\/uploads\/2026\/02\/26_04_15_Kleidertauschparty-Instagram-Post-2-1-150x150.png 150w, https:\/\/khg-marburg.eu\/wp-content\/uploads\/2026\/02\/26_04_15_Kleidertauschparty-Instagram-Post-2-1-768x768.png 768w, https:\/\/khg-marburg.eu\/wp-content\/uploads\/2026\/02\/26_04_15_Kleidertauschparty-Instagram-Post-2-1.png 1080w\" sizes=\"(max-width: 1024px) 100vw, 1024px\" \/><\/figure><div class=\"wp-block-media-text__content\">\n<p><strong>Kleidertauschparty \/ Clothing swap party<\/strong><br><br>Bald ist es wieder so weit und wir laden dich zur Fr\u00fchjahrsausgabe unserer Kleidertauschparty ein. Zu Semesterbeginn, am 15.04. ab 18 Uhr, kannst du Klamotten die du nicht mehr brauchst abgeben und dir neue Teile f\u00fcr deinen Kleiderschrank aussuchen. Nat\u00fcrlich werden auch wieder flei\u00dfige Helfer*innen f\u00fcr den Aufbau, Abbau sowie Cocktail- und Getr\u00e4nkeausschank gesucht. Du hast Zeit und Lust zu helfen? Dann melde dich bei Kathrin: <a href=\"mailto:kathrin.ruehl@bistum-fulda.de\">kathrin.ruehl@bistum-fulda.de<\/a> <br><br><strong>15.04. (Mi) <br>18 -21:30 Uhr Kleidertausch<\/strong><br>KA.RE. Marburg, Biegenstra\u00dfe 18<br><br>It&#8217;s almost that time again, and we invite you to the spring edition of our clothing swap party. At the beginning of the semester, on 15 April from 6 p.m., you can drop off clothes you no longer need and pick out new items for your wardrobe. Of course, we are also looking for hard-working helpers to set up, take down, and serve cocktails and drinks. Do you have time and want to help? Then get in touch with Kathrin: <a href=\"mailto:kathrin.ruehl@bistum-fulda.de\">kathrin.ruehl@bistum-fulda.de<\/a> <\/p>\n<\/div><\/div>\n\n\n\n<hr class=\"wp-block-separator alignwide has-text-color has-alpha-channel-opacity has-background is-style-wide\" style=\"background-color:#f49716;color:#f49716\"\/>\n\n\n\n<div class=\"wp-block-media-text alignwide is-stacked-on-mobile\" style=\"grid-template-columns:30% auto\"><figure class=\"wp-block-media-text__media\"><img loading=\"lazy\" decoding=\"async\" width=\"1024\" height=\"1024\" src=\"https:\/\/khg-marburg.eu\/wp-content\/uploads\/2026\/02\/26_04_19_Semesterstart-1080-x-1080-mm-2-1024x1024.jpg\" alt=\"\" class=\"wp-image-9899 size-full\" srcset=\"https:\/\/khg-marburg.eu\/wp-content\/uploads\/2026\/02\/26_04_19_Semesterstart-1080-x-1080-mm-2-1024x1024.jpg 1024w, https:\/\/khg-marburg.eu\/wp-content\/uploads\/2026\/02\/26_04_19_Semesterstart-1080-x-1080-mm-2-300x300.jpg 300w, https:\/\/khg-marburg.eu\/wp-content\/uploads\/2026\/02\/26_04_19_Semesterstart-1080-x-1080-mm-2-150x150.jpg 150w, https:\/\/khg-marburg.eu\/wp-content\/uploads\/2026\/02\/26_04_19_Semesterstart-1080-x-1080-mm-2-768x768.jpg 768w, https:\/\/khg-marburg.eu\/wp-content\/uploads\/2026\/02\/26_04_19_Semesterstart-1080-x-1080-mm-2-1536x1536.jpg 1536w, https:\/\/khg-marburg.eu\/wp-content\/uploads\/2026\/02\/26_04_19_Semesterstart-1080-x-1080-mm-2-2048x2048.jpg 2048w\" sizes=\"(max-width: 1024px) 100vw, 1024px\" \/><\/figure><div class=\"wp-block-media-text__content\">\n<p><strong>Semesterstart-Gottesdienst \/ Start of semester service<\/strong><\/p>\n\n\n\n<p>Hier kommt schon mal das save the date f\u00fcr den Semesterstart-Gottesdienst am 19.04. Gemeinsam mit dem Kath. Seminar feiern wir 18 Uhr Heilige Messe und im Anschluss gibt es wieder ein Meet &amp; Greet in der KHG. Mehr Infos dazu erf\u00e4hrst du rechtzeitig. <br><br><strong>19.04. (So) <br>18 Uhr Gottesdienst Kirche St. Peter &amp; Paul<\/strong><br>Biegenstra\u00dfe 18 <br><strong>19 Uhr Meet &amp; Greet KHG Marburg<\/strong><br>Biegenstra\u00dfe 18 a<br><br>Here is the save the date for the start of semester service on 19 April. Together with the Catholic Seminary, we will celebrate Holy Mass at 6 p.m., followed by another Meet &amp; Greet at the KHG. More information will be provided in due course.<\/p>\n<\/div><\/div>\n\n\n\n<hr class=\"wp-block-separator alignwide has-text-color has-alpha-channel-opacity has-background is-style-wide\" style=\"background-color:#f49716;color:#f49716\"\/>\n\n\n\n<div class=\"wp-block-media-text alignwide is-stacked-on-mobile\" style=\"grid-template-columns:30% auto\"><figure class=\"wp-block-media-text__media\"><img loading=\"lazy\" decoding=\"async\" width=\"1024\" height=\"1024\" src=\"https:\/\/khg-marburg.eu\/wp-content\/uploads\/2026\/03\/26_04_22_Cocktailabend-1080-x-1080-mm-1-1024x1024.jpg\" alt=\"\" class=\"wp-image-10010 size-full\" srcset=\"https:\/\/khg-marburg.eu\/wp-content\/uploads\/2026\/03\/26_04_22_Cocktailabend-1080-x-1080-mm-1-1024x1024.jpg 1024w, https:\/\/khg-marburg.eu\/wp-content\/uploads\/2026\/03\/26_04_22_Cocktailabend-1080-x-1080-mm-1-300x300.jpg 300w, https:\/\/khg-marburg.eu\/wp-content\/uploads\/2026\/03\/26_04_22_Cocktailabend-1080-x-1080-mm-1-150x150.jpg 150w, https:\/\/khg-marburg.eu\/wp-content\/uploads\/2026\/03\/26_04_22_Cocktailabend-1080-x-1080-mm-1-768x768.jpg 768w, https:\/\/khg-marburg.eu\/wp-content\/uploads\/2026\/03\/26_04_22_Cocktailabend-1080-x-1080-mm-1-1536x1536.jpg 1536w, https:\/\/khg-marburg.eu\/wp-content\/uploads\/2026\/03\/26_04_22_Cocktailabend-1080-x-1080-mm-1-2048x2048.jpg 2048w\" sizes=\"(max-width: 1024px) 100vw, 1024px\" \/><\/figure><div class=\"wp-block-media-text__content\">\n<p><strong>Cocktailparty<\/strong><\/p>\n\n\n\n<p>Freu dich auf einen entspannten Abend mit leckeren Drinks, lockeren Gespr\u00e4chen und netten Begegnungen. Komm vorbei, mix dir deinen Cocktail und genie\u00dfe die gem\u00fctliche Atmosph\u00e4re. Perfekt, um neue Leute kennenzulernen und gemeinsam den Abend zu genie\u00dfen. <\/p>\n\n\n\n<p><strong>22.04. (Mi) <br>19 Uhr Prayer <br>20 Uhr Cocktailabend <\/strong><br>KHG Marburg, Biegenstra\u00dfe 18a<br><br>Look forward to a relaxed evening with delicious drinks, casual conversation and friendly encounters. Drop by, mix yourself a cocktail and enjoy the cosy atmosphere. It\u2019s the perfect opportunity to meet new people and enjoy the evening together.<\/p>\n<\/div><\/div>\n\n\n\n<hr class=\"wp-block-separator alignwide has-text-color has-alpha-channel-opacity has-background is-style-wide\" style=\"background-color:#f49716;color:#f49716\"\/>\n\n\n\n<h2 class=\"wp-block-heading alignwide has-text-align-center has-text-color\" style=\"color:#eeab02\"> Save the date:<\/h2>\n\n\n\n<div class=\"wp-block-columns is-layout-flex wp-container-core-columns-layout-1 wp-block-columns-is-layout-flex\">\n<div class=\"wp-block-column is-layout-flow wp-block-column-is-layout-flow\">\n<figure class=\"wp-block-image size-large\"><img loading=\"lazy\" decoding=\"async\" width=\"1024\" height=\"1024\" src=\"https:\/\/khg-marburg.eu\/wp-content\/uploads\/2026\/03\/GEMEINDERAT-SITZUNG-Instagram-Post-Quadratisch-1-1024x1024.png\" alt=\"\" class=\"wp-image-10002\" srcset=\"https:\/\/khg-marburg.eu\/wp-content\/uploads\/2026\/03\/GEMEINDERAT-SITZUNG-Instagram-Post-Quadratisch-1-1024x1024.png 1024w, https:\/\/khg-marburg.eu\/wp-content\/uploads\/2026\/03\/GEMEINDERAT-SITZUNG-Instagram-Post-Quadratisch-1-300x300.png 300w, https:\/\/khg-marburg.eu\/wp-content\/uploads\/2026\/03\/GEMEINDERAT-SITZUNG-Instagram-Post-Quadratisch-1-150x150.png 150w, https:\/\/khg-marburg.eu\/wp-content\/uploads\/2026\/03\/GEMEINDERAT-SITZUNG-Instagram-Post-Quadratisch-1-768x768.png 768w, https:\/\/khg-marburg.eu\/wp-content\/uploads\/2026\/03\/GEMEINDERAT-SITZUNG-Instagram-Post-Quadratisch-1.png 1080w\" sizes=\"(max-width: 1024px) 100vw, 1024px\" \/><figcaption class=\"wp-element-caption\"><strong>13.04., 16 Uhr<\/strong><br>in der KHG oder <a href=\"https:\/\/teams.microsoft.com\/meet\/34011926239651?p=ii7z8X4IRtRhjhriBd\">online<\/a><\/figcaption><\/figure>\n<\/div>\n\n\n\n<div class=\"wp-block-column is-layout-flow wp-block-column-is-layout-flow\">\n<figure class=\"wp-block-image size-large\"><img loading=\"lazy\" decoding=\"async\" width=\"1024\" height=\"1024\" src=\"https:\/\/khg-marburg.eu\/wp-content\/uploads\/2026\/02\/26_04_27_Lunch-1080-x-1080-mm-2-1024x1024.jpg\" alt=\"\" class=\"wp-image-9958\" srcset=\"https:\/\/khg-marburg.eu\/wp-content\/uploads\/2026\/02\/26_04_27_Lunch-1080-x-1080-mm-2-1024x1024.jpg 1024w, https:\/\/khg-marburg.eu\/wp-content\/uploads\/2026\/02\/26_04_27_Lunch-1080-x-1080-mm-2-300x300.jpg 300w, https:\/\/khg-marburg.eu\/wp-content\/uploads\/2026\/02\/26_04_27_Lunch-1080-x-1080-mm-2-150x150.jpg 150w, https:\/\/khg-marburg.eu\/wp-content\/uploads\/2026\/02\/26_04_27_Lunch-1080-x-1080-mm-2-768x768.jpg 768w, https:\/\/khg-marburg.eu\/wp-content\/uploads\/2026\/02\/26_04_27_Lunch-1080-x-1080-mm-2-1536x1536.jpg 1536w, https:\/\/khg-marburg.eu\/wp-content\/uploads\/2026\/02\/26_04_27_Lunch-1080-x-1080-mm-2-2048x2048.jpg 2048w\" sizes=\"(max-width: 1024px) 100vw, 1024px\" \/><\/figure>\n<\/div>\n\n\n\n<div class=\"wp-block-column is-layout-flow wp-block-column-is-layout-flow\">\n<figure class=\"wp-block-image size-large\"><img loading=\"lazy\" decoding=\"async\" width=\"1024\" height=\"1024\" src=\"https:\/\/khg-marburg.eu\/wp-content\/uploads\/2026\/03\/26_04_29_Fruehlingss-Abend-1080-x-1080-mm-1-1024x1024.png\" alt=\"\" class=\"wp-image-10013\" srcset=\"https:\/\/khg-marburg.eu\/wp-content\/uploads\/2026\/03\/26_04_29_Fruehlingss-Abend-1080-x-1080-mm-1-1024x1024.png 1024w, https:\/\/khg-marburg.eu\/wp-content\/uploads\/2026\/03\/26_04_29_Fruehlingss-Abend-1080-x-1080-mm-1-300x300.png 300w, https:\/\/khg-marburg.eu\/wp-content\/uploads\/2026\/03\/26_04_29_Fruehlingss-Abend-1080-x-1080-mm-1-150x150.png 150w, https:\/\/khg-marburg.eu\/wp-content\/uploads\/2026\/03\/26_04_29_Fruehlingss-Abend-1080-x-1080-mm-1-768x768.png 768w, https:\/\/khg-marburg.eu\/wp-content\/uploads\/2026\/03\/26_04_29_Fruehlingss-Abend-1080-x-1080-mm-1-1536x1536.png 1536w, https:\/\/khg-marburg.eu\/wp-content\/uploads\/2026\/03\/26_04_29_Fruehlingss-Abend-1080-x-1080-mm-1-2048x2048.png 2048w\" sizes=\"(max-width: 1024px) 100vw, 1024px\" \/><\/figure>\n<\/div>\n\n\n\n<div class=\"wp-block-column is-layout-flow wp-block-column-is-layout-flow\">\n<figure class=\"wp-block-image size-large\"><img loading=\"lazy\" decoding=\"async\" width=\"1024\" height=\"1024\" src=\"https:\/\/khg-marburg.eu\/wp-content\/uploads\/2026\/01\/26_08_05_Harfst-1080-x-1080-mm-1024x1024.png\" alt=\"\" class=\"wp-image-9841\" srcset=\"https:\/\/khg-marburg.eu\/wp-content\/uploads\/2026\/01\/26_08_05_Harfst-1080-x-1080-mm-1024x1024.png 1024w, https:\/\/khg-marburg.eu\/wp-content\/uploads\/2026\/01\/26_08_05_Harfst-1080-x-1080-mm-300x300.png 300w, https:\/\/khg-marburg.eu\/wp-content\/uploads\/2026\/01\/26_08_05_Harfst-1080-x-1080-mm-150x150.png 150w, https:\/\/khg-marburg.eu\/wp-content\/uploads\/2026\/01\/26_08_05_Harfst-1080-x-1080-mm-768x768.png 768w, https:\/\/khg-marburg.eu\/wp-content\/uploads\/2026\/01\/26_08_05_Harfst-1080-x-1080-mm-1536x1536.png 1536w, https:\/\/khg-marburg.eu\/wp-content\/uploads\/2026\/01\/26_08_05_Harfst-1080-x-1080-mm-2048x2048.png 2048w\" sizes=\"(max-width: 1024px) 100vw, 1024px\" \/><figcaption class=\"wp-element-caption\"><a href=\"https:\/\/www.samuelharfst.de\/shop\/samuel-harfst-live-marburg\/\"><strong>Tickets gibt&#8217;s hier!<\/strong><\/a><\/figcaption><\/figure>\n<\/div>\n<\/div>\n\n\n\n<hr class=\"wp-block-separator alignwide has-text-color has-alpha-channel-opacity has-background is-style-wide\" style=\"background-color:#f49716;color:#f49716\"\/>\n\n\n\n<p>Auf unseren \u00f6ffentlichen Veranstaltungen machen wir Fotos, die wir f\u00fcr unsere Kommunikationskan\u00e4le verwenden. So nutzen wir Fotos f\u00fcr unsere Social Media Kan\u00e4le, Printwerbung und stellen Bilder der Veranstaltung in unsere Galerie auf diese Webseite. <br><em>We take photos at our public events, which we use for our communication channels like: social media, print advertising and website.<\/em><\/p>\n\n\n\n<hr class=\"wp-block-separator alignwide has-text-color has-alpha-channel-opacity has-background is-style-wide\" style=\"background-color:#f49716;color:#f49716\"\/>\n\n\n\n<h2 class=\"wp-block-heading alignwide has-text-align-center has-text-color\" style=\"color:#eeab02\">\u00dcbersicht \u00fcber das KHG-Programm im April | Overview of the KHG programme in April<\/h2>\n\n\n\n<div class=\"wp-block-columns is-layout-flex wp-container-core-columns-layout-2 wp-block-columns-is-layout-flex\">\n<div class=\"wp-block-column is-layout-flow wp-block-column-is-layout-flow\">\n<figure class=\"wp-block-image size-large\"><img loading=\"lazy\" decoding=\"async\" width=\"1024\" height=\"1024\" src=\"https:\/\/khg-marburg.eu\/wp-content\/uploads\/2026\/03\/2026-KHG-Programm-AprilMai-1080-x-1080-mm-5-1024x1024.png\" alt=\"\" class=\"wp-image-9986\" srcset=\"https:\/\/khg-marburg.eu\/wp-content\/uploads\/2026\/03\/2026-KHG-Programm-AprilMai-1080-x-1080-mm-5-1024x1024.png 1024w, https:\/\/khg-marburg.eu\/wp-content\/uploads\/2026\/03\/2026-KHG-Programm-AprilMai-1080-x-1080-mm-5-300x300.png 300w, https:\/\/khg-marburg.eu\/wp-content\/uploads\/2026\/03\/2026-KHG-Programm-AprilMai-1080-x-1080-mm-5-150x150.png 150w, https:\/\/khg-marburg.eu\/wp-content\/uploads\/2026\/03\/2026-KHG-Programm-AprilMai-1080-x-1080-mm-5-768x768.png 768w, https:\/\/khg-marburg.eu\/wp-content\/uploads\/2026\/03\/2026-KHG-Programm-AprilMai-1080-x-1080-mm-5-1536x1536.png 1536w, https:\/\/khg-marburg.eu\/wp-content\/uploads\/2026\/03\/2026-KHG-Programm-AprilMai-1080-x-1080-mm-5-2048x2048.png 2048w\" sizes=\"(max-width: 1024px) 100vw, 1024px\" \/><\/figure>\n<\/div>\n\n\n\n<div class=\"wp-block-column is-layout-flow wp-block-column-is-layout-flow\">\n<figure class=\"wp-block-image size-large\"><img loading=\"lazy\" decoding=\"async\" width=\"1024\" height=\"1024\" src=\"https:\/\/khg-marburg.eu\/wp-content\/uploads\/2026\/03\/2026-KHG-Programm-AprilMai-1080-x-1080-mm-1-4-1024x1024.png\" alt=\"\" class=\"wp-image-9987\" srcset=\"https:\/\/khg-marburg.eu\/wp-content\/uploads\/2026\/03\/2026-KHG-Programm-AprilMai-1080-x-1080-mm-1-4-1024x1024.png 1024w, https:\/\/khg-marburg.eu\/wp-content\/uploads\/2026\/03\/2026-KHG-Programm-AprilMai-1080-x-1080-mm-1-4-300x300.png 300w, https:\/\/khg-marburg.eu\/wp-content\/uploads\/2026\/03\/2026-KHG-Programm-AprilMai-1080-x-1080-mm-1-4-150x150.png 150w, https:\/\/khg-marburg.eu\/wp-content\/uploads\/2026\/03\/2026-KHG-Programm-AprilMai-1080-x-1080-mm-1-4-768x768.png 768w, https:\/\/khg-marburg.eu\/wp-content\/uploads\/2026\/03\/2026-KHG-Programm-AprilMai-1080-x-1080-mm-1-4-1536x1536.png 1536w, https:\/\/khg-marburg.eu\/wp-content\/uploads\/2026\/03\/2026-KHG-Programm-AprilMai-1080-x-1080-mm-1-4-2048x2048.png 2048w\" sizes=\"(max-width: 1024px) 100vw, 1024px\" \/><\/figure>\n<\/div>\n<\/div>\n","protected":false},"excerpt":{"rendered":"<p>Aktuelle Veranstaltungen \/ Current events Kleidertauschparty \/ Clothing swap party Bald ist es wieder so weit und wir laden dich zur Fr\u00fchjahrsausgabe unserer Kleidertauschparty ein. Zu Semesterbeginn, am 15.04. ab&#8230;<\/p>\n","protected":false},"author":2,"featured_media":0,"parent":0,"menu_order":0,"comment_status":"closed","ping_status":"closed","template":"","meta":{"inline_featured_image":false,"_kadence_starter_templates_imported_post":false,"_kad_post_transparent":"","_kad_post_title":"","_kad_post_layout":"","_kad_post_sidebar_id":"","_kad_post_content_style":"","_kad_post_vertical_padding":"","_kad_post_feature":"default","_kad_post_feature_position":"","_kad_post_header":false,"_kad_post_footer":false,"footnotes":""},"yoast_head":"<!-- This site is optimized with the Yoast SEO plugin v22.3 - https:\/\/yoast.com\/wordpress\/plugins\/seo\/ -->\n<title>Weitere Veranstaltungen - Katholische Hochschulgemeinde Marburg<\/title>\n<meta name=\"robots\" content=\"index, follow, max-snippet:-1, max-image-preview:large, max-video-preview:-1\" \/>\n<link rel=\"canonical\" href=\"https:\/\/khg-marburg.eu\/index.php\/a-2-weitere-veranstaltungen\/\" \/>\n<meta property=\"og:locale\" content=\"de_DE\" \/>\n<meta property=\"og:type\" content=\"article\" \/>\n<meta property=\"og:title\" content=\"Weitere Veranstaltungen - Katholische Hochschulgemeinde Marburg\" \/>\n<meta property=\"og:description\" content=\"Aktuelle Veranstaltungen \/ Current events Kleidertauschparty \/ Clothing swap party Bald ist es wieder so weit und wir laden dich zur Fr\u00fchjahrsausgabe unserer Kleidertauschparty ein. Zu Semesterbeginn, am 15.04. ab...\" \/>\n<meta property=\"og:url\" content=\"https:\/\/khg-marburg.eu\/index.php\/a-2-weitere-veranstaltungen\/\" \/>\n<meta property=\"og:site_name\" content=\"Katholische Hochschulgemeinde Marburg\" \/>\n<meta property=\"article:publisher\" content=\"https:\/\/www.facebook.com\/KHGMarburg\" \/>\n<meta property=\"article:modified_time\" content=\"2026-03-27T11:20:07+00:00\" \/>\n<meta property=\"og:image\" content=\"https:\/\/khg-marburg.eu\/wp-content\/uploads\/2024\/01\/Startbilder_Webseite-30-x-10-cm-4.png\" \/>\n<meta name=\"twitter:card\" content=\"summary_large_image\" \/>\n<meta name=\"twitter:label1\" content=\"Gesch\u00e4tzte Lesezeit\" \/>\n\t<meta name=\"twitter:data1\" content=\"5\u00a0Minuten\" \/>\n<script type=\"application\/ld+json\" class=\"yoast-schema-graph\">{\"@context\":\"https:\/\/schema.org\",\"@graph\":[{\"@type\":\"WebPage\",\"@id\":\"https:\/\/khg-marburg.eu\/index.php\/a-2-weitere-veranstaltungen\/\",\"url\":\"https:\/\/khg-marburg.eu\/index.php\/a-2-weitere-veranstaltungen\/\",\"name\":\"Weitere Veranstaltungen - Katholische Hochschulgemeinde Marburg\",\"isPartOf\":{\"@id\":\"https:\/\/khg-marburg.eu\/#website\"},\"primaryImageOfPage\":{\"@id\":\"https:\/\/khg-marburg.eu\/index.php\/a-2-weitere-veranstaltungen\/#primaryimage\"},\"image\":{\"@id\":\"https:\/\/khg-marburg.eu\/index.php\/a-2-weitere-veranstaltungen\/#primaryimage\"},\"thumbnailUrl\":\"https:\/\/khg-marburg.eu\/wp-content\/uploads\/2024\/01\/Startbilder_Webseite-30-x-10-cm-4.png\",\"datePublished\":\"2023-05-02T20:22:01+00:00\",\"dateModified\":\"2026-03-27T11:20:07+00:00\",\"breadcrumb\":{\"@id\":\"https:\/\/khg-marburg.eu\/index.php\/a-2-weitere-veranstaltungen\/#breadcrumb\"},\"inLanguage\":\"de\",\"potentialAction\":[{\"@type\":\"ReadAction\",\"target\":[\"https:\/\/khg-marburg.eu\/index.php\/a-2-weitere-veranstaltungen\/\"]}]},{\"@type\":\"ImageObject\",\"inLanguage\":\"de\",\"@id\":\"https:\/\/khg-marburg.eu\/index.php\/a-2-weitere-veranstaltungen\/#primaryimage\",\"url\":\"https:\/\/khg-marburg.eu\/wp-content\/uploads\/2024\/01\/Startbilder_Webseite-30-x-10-cm-4.png\",\"contentUrl\":\"https:\/\/khg-marburg.eu\/wp-content\/uploads\/2024\/01\/Startbilder_Webseite-30-x-10-cm-4.png\",\"width\":2000,\"height\":667},{\"@type\":\"BreadcrumbList\",\"@id\":\"https:\/\/khg-marburg.eu\/index.php\/a-2-weitere-veranstaltungen\/#breadcrumb\",\"itemListElement\":[{\"@type\":\"ListItem\",\"position\":1,\"name\":\"Startseite\",\"item\":\"https:\/\/khg-marburg.eu\/\"},{\"@type\":\"ListItem\",\"position\":2,\"name\":\"Weitere Veranstaltungen\"}]},{\"@type\":\"WebSite\",\"@id\":\"https:\/\/khg-marburg.eu\/#website\",\"url\":\"https:\/\/khg-marburg.eu\/\",\"name\":\"Katholische Hochschulgemeinde Marburg\",\"description\":\"Die Katholische Hochschulgemeinde - Katholische Kirche in Marburg\",\"publisher\":{\"@id\":\"https:\/\/khg-marburg.eu\/#organization\"},\"potentialAction\":[{\"@type\":\"SearchAction\",\"target\":{\"@type\":\"EntryPoint\",\"urlTemplate\":\"https:\/\/khg-marburg.eu\/?s={search_term_string}\"},\"query-input\":\"required name=search_term_string\"}],\"inLanguage\":\"de\"},{\"@type\":\"Organization\",\"@id\":\"https:\/\/khg-marburg.eu\/#organization\",\"name\":\"Katholische Hochschulgemeinde Marburg\",\"url\":\"https:\/\/khg-marburg.eu\/\",\"logo\":{\"@type\":\"ImageObject\",\"inLanguage\":\"de\",\"@id\":\"https:\/\/khg-marburg.eu\/#\/schema\/logo\/image\/\",\"url\":\"https:\/\/khg-marburg.eu\/wp-content\/uploads\/2020\/04\/logo_wei\u00df.jpg\",\"contentUrl\":\"https:\/\/khg-marburg.eu\/wp-content\/uploads\/2020\/04\/logo_wei\u00df.jpg\",\"width\":750,\"height\":650,\"caption\":\"Katholische Hochschulgemeinde Marburg\"},\"image\":{\"@id\":\"https:\/\/khg-marburg.eu\/#\/schema\/logo\/image\/\"},\"sameAs\":[\"https:\/\/www.facebook.com\/KHGMarburg\",\"https:\/\/www.instagram.com\/khgmarburg\/\"]}]}<\/script>\n<!-- \/ Yoast SEO plugin. -->","yoast_head_json":{"title":"Weitere Veranstaltungen - Katholische Hochschulgemeinde Marburg","robots":{"index":"index","follow":"follow","max-snippet":"max-snippet:-1","max-image-preview":"max-image-preview:large","max-video-preview":"max-video-preview:-1"},"canonical":"https:\/\/khg-marburg.eu\/index.php\/a-2-weitere-veranstaltungen\/","og_locale":"de_DE","og_type":"article","og_title":"Weitere Veranstaltungen - Katholische Hochschulgemeinde Marburg","og_description":"Aktuelle Veranstaltungen \/ Current events Kleidertauschparty \/ Clothing swap party Bald ist es wieder so weit und wir laden dich zur Fr\u00fchjahrsausgabe unserer Kleidertauschparty ein. Zu Semesterbeginn, am 15.04. ab...","og_url":"https:\/\/khg-marburg.eu\/index.php\/a-2-weitere-veranstaltungen\/","og_site_name":"Katholische Hochschulgemeinde Marburg","article_publisher":"https:\/\/www.facebook.com\/KHGMarburg","article_modified_time":"2026-03-27T11:20:07+00:00","og_image":[{"url":"https:\/\/khg-marburg.eu\/wp-content\/uploads\/2024\/01\/Startbilder_Webseite-30-x-10-cm-4.png"}],"twitter_card":"summary_large_image","twitter_misc":{"Gesch\u00e4tzte Lesezeit":"5\u00a0Minuten"},"schema":{"@context":"https:\/\/schema.org","@graph":[{"@type":"WebPage","@id":"https:\/\/khg-marburg.eu\/index.php\/a-2-weitere-veranstaltungen\/","url":"https:\/\/khg-marburg.eu\/index.php\/a-2-weitere-veranstaltungen\/","name":"Weitere Veranstaltungen - Katholische Hochschulgemeinde Marburg","isPartOf":{"@id":"https:\/\/khg-marburg.eu\/#website"},"primaryImageOfPage":{"@id":"https:\/\/khg-marburg.eu\/index.php\/a-2-weitere-veranstaltungen\/#primaryimage"},"image":{"@id":"https:\/\/khg-marburg.eu\/index.php\/a-2-weitere-veranstaltungen\/#primaryimage"},"thumbnailUrl":"https:\/\/khg-marburg.eu\/wp-content\/uploads\/2024\/01\/Startbilder_Webseite-30-x-10-cm-4.png","datePublished":"2023-05-02T20:22:01+00:00","dateModified":"2026-03-27T11:20:07+00:00","breadcrumb":{"@id":"https:\/\/khg-marburg.eu\/index.php\/a-2-weitere-veranstaltungen\/#breadcrumb"},"inLanguage":"de","potentialAction":[{"@type":"ReadAction","target":["https:\/\/khg-marburg.eu\/index.php\/a-2-weitere-veranstaltungen\/"]}]},{"@type":"ImageObject","inLanguage":"de","@id":"https:\/\/khg-marburg.eu\/index.php\/a-2-weitere-veranstaltungen\/#primaryimage","url":"https:\/\/khg-marburg.eu\/wp-content\/uploads\/2024\/01\/Startbilder_Webseite-30-x-10-cm-4.png","contentUrl":"https:\/\/khg-marburg.eu\/wp-content\/uploads\/2024\/01\/Startbilder_Webseite-30-x-10-cm-4.png","width":2000,"height":667},{"@type":"BreadcrumbList","@id":"https:\/\/khg-marburg.eu\/index.php\/a-2-weitere-veranstaltungen\/#breadcrumb","itemListElement":[{"@type":"ListItem","position":1,"name":"Startseite","item":"https:\/\/khg-marburg.eu\/"},{"@type":"ListItem","position":2,"name":"Weitere Veranstaltungen"}]},{"@type":"WebSite","@id":"https:\/\/khg-marburg.eu\/#website","url":"https:\/\/khg-marburg.eu\/","name":"Katholische Hochschulgemeinde Marburg","description":"Die Katholische Hochschulgemeinde - Katholische Kirche in Marburg","publisher":{"@id":"https:\/\/khg-marburg.eu\/#organization"},"potentialAction":[{"@type":"SearchAction","target":{"@type":"EntryPoint","urlTemplate":"https:\/\/khg-marburg.eu\/?s={search_term_string}"},"query-input":"required name=search_term_string"}],"inLanguage":"de"},{"@type":"Organization","@id":"https:\/\/khg-marburg.eu\/#organization","name":"Katholische Hochschulgemeinde Marburg","url":"https:\/\/khg-marburg.eu\/","logo":{"@type":"ImageObject","inLanguage":"de","@id":"https:\/\/khg-marburg.eu\/#\/schema\/logo\/image\/","url":"https:\/\/khg-marburg.eu\/wp-content\/uploads\/2020\/04\/logo_wei\u00df.jpg","contentUrl":"https:\/\/khg-marburg.eu\/wp-content\/uploads\/2020\/04\/logo_wei\u00df.jpg","width":750,"height":650,"caption":"Katholische Hochschulgemeinde Marburg"},"image":{"@id":"https:\/\/khg-marburg.eu\/#\/schema\/logo\/image\/"},"sameAs":["https:\/\/www.facebook.com\/KHGMarburg","https:\/\/www.instagram.com\/khgmarburg\/"]}]}},"_links":{"self":[{"href":"https:\/\/khg-marburg.eu\/index.php\/wp-json\/wp\/v2\/pages\/5133"}],"collection":[{"href":"https:\/\/khg-marburg.eu\/index.php\/wp-json\/wp\/v2\/pages"}],"about":[{"href":"https:\/\/khg-marburg.eu\/index.php\/wp-json\/wp\/v2\/types\/page"}],"author":[{"embeddable":true,"href":"https:\/\/khg-marburg.eu\/index.php\/wp-json\/wp\/v2\/users\/2"}],"replies":[{"embeddable":true,"href":"https:\/\/khg-marburg.eu\/index.php\/wp-json\/wp\/v2\/comments?post=5133"}],"version-history":[{"count":435,"href":"https:\/\/khg-marburg.eu\/index.php\/wp-json\/wp\/v2\/pages\/5133\/revisions"}],"predecessor-version":[{"id":10016,"href":"https:\/\/khg-marburg.eu\/index.php\/wp-json\/wp\/v2\/pages\/5133\/revisions\/10016"}],"wp:attachment":[{"href":"https:\/\/khg-marburg.eu\/index.php\/wp-json\/wp\/v2\/media?parent=5133"}],"curies":[{"name":"wp","href":"https:\/\/api.w.org\/{rel}","templated":true}]}}