{"id":5619,"date":"2023-05-31T12:25:42","date_gmt":"2023-05-31T10:25:42","guid":{"rendered":"https:\/\/khg-marburg.eu\/?page_id=5619"},"modified":"2025-10-30T09:28:44","modified_gmt":"2025-10-30T08:28:44","slug":"khg-studi-appartments","status":"publish","type":"page","link":"https:\/\/khg-marburg.eu\/index.php\/khg-studi-appartments\/","title":{"rendered":"KHG Studierenden Appartments"},"content":{"rendered":"\n<figure class=\"wp-block-image alignfull size-full\"><img loading=\"lazy\" decoding=\"async\" width=\"2000\" height=\"667\" src=\"https:\/\/khg-marburg.eu\/wp-content\/uploads\/2025\/06\/Studi-Appartement2.png\" alt=\"\" class=\"wp-image-9283\" srcset=\"https:\/\/khg-marburg.eu\/wp-content\/uploads\/2025\/06\/Studi-Appartement2.png 2000w, https:\/\/khg-marburg.eu\/wp-content\/uploads\/2025\/06\/Studi-Appartement2-300x100.png 300w, https:\/\/khg-marburg.eu\/wp-content\/uploads\/2025\/06\/Studi-Appartement2-1024x342.png 1024w, https:\/\/khg-marburg.eu\/wp-content\/uploads\/2025\/06\/Studi-Appartement2-768x256.png 768w, https:\/\/khg-marburg.eu\/wp-content\/uploads\/2025\/06\/Studi-Appartement2-1536x512.png 1536w\" sizes=\"(max-width: 2000px) 100vw, 2000px\" \/><\/figure>\n\n\n\n<p>In Marburgs Mitte gibt es 14 neue Appartements f\u00fcr Studierende der Philipps-Universit\u00e4t-Marburg. Seit dem 1. Oktober 2024 hat sich das KHG-Wohnheim mit Leben gef\u00fcllt und Studierende haben ein neues Zuhause gefunden. Wer hier wohnt, lebt nicht nur in Marburgs zentralem Biegenviertel &#8211; direkt am H\u00f6rsaalgeb\u00e4ude und in Fu\u00dfentfernung zur Uni-Bib &#8211; sondern kann sich auch \u00fcber beste Gesellschaft freuen. Hier leben Studierende aus ganz Deutschland und der Welt sowie den unterschiedlichsten Fachbereichen. <br><strong>Uns ist es wichtig<\/strong>, dass die Studierendengemeinde und die Bewohner*innen des Wohnheims in einer Gemeinschaft zusammen leben, andere Willkommen hei\u00dfen, Aktionen gestalten, Ideen verwirklichen und respektvoll miteinander umgehen. In der KHG k\u00f6nnen junge Menschen gemeinsam ihren Glauben leben und entdecken.<\/p>\n\n\n\n<p class=\"has-text-align-center\"><strong>Leider haben wir derzeit kein freies Appartement.<\/strong><\/p>\n\n\n\n<h3 class=\"wp-block-heading has-text-color has-link-color wp-elements-4d081b53228875cfb2a9ba712a10405d\" style=\"color:#eeab02\">Appartement Bilder:<\/h3>\n\n\n\n<div class=\"wp-block-columns is-layout-flex wp-container-core-columns-layout-1 wp-block-columns-is-layout-flex\">\n<div class=\"wp-block-column is-layout-flow wp-block-column-is-layout-flow\">\n<figure class=\"wp-block-image size-large\"><img loading=\"lazy\" decoding=\"async\" width=\"1024\" height=\"1024\" src=\"https:\/\/khg-marburg.eu\/wp-content\/uploads\/2025\/05\/Webseite_5-1024x1024.jpg\" alt=\"\" class=\"wp-image-8952\" srcset=\"https:\/\/khg-marburg.eu\/wp-content\/uploads\/2025\/05\/Webseite_5-1024x1024.jpg 1024w, https:\/\/khg-marburg.eu\/wp-content\/uploads\/2025\/05\/Webseite_5-300x300.jpg 300w, https:\/\/khg-marburg.eu\/wp-content\/uploads\/2025\/05\/Webseite_5-150x150.jpg 150w, https:\/\/khg-marburg.eu\/wp-content\/uploads\/2025\/05\/Webseite_5-768x768.jpg 768w, https:\/\/khg-marburg.eu\/wp-content\/uploads\/2025\/05\/Webseite_5-1536x1536.jpg 1536w, https:\/\/khg-marburg.eu\/wp-content\/uploads\/2025\/05\/Webseite_5-2048x2048.jpg 2048w\" sizes=\"(max-width: 1024px) 100vw, 1024px\" \/><\/figure>\n<\/div>\n\n\n\n<div class=\"wp-block-column is-layout-flow wp-block-column-is-layout-flow\">\n<figure class=\"wp-block-image size-full\"><img loading=\"lazy\" decoding=\"async\" width=\"530\" height=\"530\" src=\"https:\/\/khg-marburg.eu\/wp-content\/uploads\/2024\/10\/Appartement-schmal-Ansicht.png\" alt=\"\" class=\"wp-image-8069\" srcset=\"https:\/\/khg-marburg.eu\/wp-content\/uploads\/2024\/10\/Appartement-schmal-Ansicht.png 530w, https:\/\/khg-marburg.eu\/wp-content\/uploads\/2024\/10\/Appartement-schmal-Ansicht-300x300.png 300w, https:\/\/khg-marburg.eu\/wp-content\/uploads\/2024\/10\/Appartement-schmal-Ansicht-150x150.png 150w\" sizes=\"(max-width: 530px) 100vw, 530px\" \/><figcaption class=\"wp-element-caption\">Appartement lang<\/figcaption><\/figure>\n<\/div>\n\n\n\n<div class=\"wp-block-column is-layout-flow wp-block-column-is-layout-flow\">\n<figure class=\"wp-block-image size-full\"><img loading=\"lazy\" decoding=\"async\" width=\"494\" height=\"494\" src=\"https:\/\/khg-marburg.eu\/wp-content\/uploads\/2025\/06\/Appartement-breit-Ansicht-1.png\" alt=\"\" class=\"wp-image-9286\" srcset=\"https:\/\/khg-marburg.eu\/wp-content\/uploads\/2025\/06\/Appartement-breit-Ansicht-1.png 494w, https:\/\/khg-marburg.eu\/wp-content\/uploads\/2025\/06\/Appartement-breit-Ansicht-1-300x300.png 300w, https:\/\/khg-marburg.eu\/wp-content\/uploads\/2025\/06\/Appartement-breit-Ansicht-1-150x150.png 150w\" sizes=\"(max-width: 494px) 100vw, 494px\" \/><figcaption class=\"wp-element-caption\">Appartement breit<\/figcaption><\/figure>\n<\/div>\n\n\n\n<div class=\"wp-block-column is-layout-flow wp-block-column-is-layout-flow\">\n<figure class=\"wp-block-image size-large\"><img loading=\"lazy\" decoding=\"async\" width=\"1024\" height=\"1024\" src=\"https:\/\/khg-marburg.eu\/wp-content\/uploads\/2025\/05\/Webseite_4-1024x1024.jpg\" alt=\"\" class=\"wp-image-8954\" srcset=\"https:\/\/khg-marburg.eu\/wp-content\/uploads\/2025\/05\/Webseite_4-1024x1024.jpg 1024w, https:\/\/khg-marburg.eu\/wp-content\/uploads\/2025\/05\/Webseite_4-300x300.jpg 300w, https:\/\/khg-marburg.eu\/wp-content\/uploads\/2025\/05\/Webseite_4-150x150.jpg 150w, https:\/\/khg-marburg.eu\/wp-content\/uploads\/2025\/05\/Webseite_4-768x768.jpg 768w, https:\/\/khg-marburg.eu\/wp-content\/uploads\/2025\/05\/Webseite_4-1536x1536.jpg 1536w, https:\/\/khg-marburg.eu\/wp-content\/uploads\/2025\/05\/Webseite_4-2048x2048.jpg 2048w\" sizes=\"(max-width: 1024px) 100vw, 1024px\" \/><\/figure>\n<\/div>\n<\/div>\n\n\n\n<div class=\"wp-block-columns is-layout-flex wp-container-core-columns-layout-2 wp-block-columns-is-layout-flex\">\n<div class=\"wp-block-column is-layout-flow wp-block-column-is-layout-flow\">\n<figure class=\"wp-block-image size-large\"><img loading=\"lazy\" decoding=\"async\" width=\"1024\" height=\"1024\" src=\"https:\/\/khg-marburg.eu\/wp-content\/uploads\/2025\/05\/Webseite_2-1024x1024.jpg\" alt=\"\" class=\"wp-image-8955\" srcset=\"https:\/\/khg-marburg.eu\/wp-content\/uploads\/2025\/05\/Webseite_2-1024x1024.jpg 1024w, https:\/\/khg-marburg.eu\/wp-content\/uploads\/2025\/05\/Webseite_2-300x300.jpg 300w, https:\/\/khg-marburg.eu\/wp-content\/uploads\/2025\/05\/Webseite_2-150x150.jpg 150w, https:\/\/khg-marburg.eu\/wp-content\/uploads\/2025\/05\/Webseite_2-768x768.jpg 768w, https:\/\/khg-marburg.eu\/wp-content\/uploads\/2025\/05\/Webseite_2-1536x1536.jpg 1536w, https:\/\/khg-marburg.eu\/wp-content\/uploads\/2025\/05\/Webseite_2-2048x2048.jpg 2048w\" sizes=\"(max-width: 1024px) 100vw, 1024px\" \/><\/figure>\n<\/div>\n\n\n\n<div class=\"wp-block-column is-layout-flow wp-block-column-is-layout-flow\">\n<figure class=\"wp-block-image size-full\"><img loading=\"lazy\" decoding=\"async\" width=\"2560\" height=\"2560\" src=\"https:\/\/khg-marburg.eu\/wp-content\/uploads\/2025\/06\/Webseite_3-scaled.jpg\" alt=\"\" class=\"wp-image-9288\" srcset=\"https:\/\/khg-marburg.eu\/wp-content\/uploads\/2025\/06\/Webseite_3-scaled.jpg 2560w, https:\/\/khg-marburg.eu\/wp-content\/uploads\/2025\/06\/Webseite_3-300x300.jpg 300w, https:\/\/khg-marburg.eu\/wp-content\/uploads\/2025\/06\/Webseite_3-1024x1024.jpg 1024w, https:\/\/khg-marburg.eu\/wp-content\/uploads\/2025\/06\/Webseite_3-150x150.jpg 150w, https:\/\/khg-marburg.eu\/wp-content\/uploads\/2025\/06\/Webseite_3-768x768.jpg 768w, https:\/\/khg-marburg.eu\/wp-content\/uploads\/2025\/06\/Webseite_3-1536x1536.jpg 1536w, https:\/\/khg-marburg.eu\/wp-content\/uploads\/2025\/06\/Webseite_3-2048x2048.jpg 2048w\" sizes=\"(max-width: 2560px) 100vw, 2560px\" \/><\/figure>\n<\/div>\n\n\n\n<div class=\"wp-block-column is-layout-flow wp-block-column-is-layout-flow\">\n<figure class=\"wp-block-image size-large\"><img loading=\"lazy\" decoding=\"async\" width=\"1024\" height=\"1024\" src=\"https:\/\/khg-marburg.eu\/wp-content\/uploads\/2025\/05\/Webseite_6-1024x1024.jpg\" alt=\"\" class=\"wp-image-8958\" srcset=\"https:\/\/khg-marburg.eu\/wp-content\/uploads\/2025\/05\/Webseite_6-1024x1024.jpg 1024w, https:\/\/khg-marburg.eu\/wp-content\/uploads\/2025\/05\/Webseite_6-300x300.jpg 300w, https:\/\/khg-marburg.eu\/wp-content\/uploads\/2025\/05\/Webseite_6-150x150.jpg 150w, https:\/\/khg-marburg.eu\/wp-content\/uploads\/2025\/05\/Webseite_6-768x768.jpg 768w, https:\/\/khg-marburg.eu\/wp-content\/uploads\/2025\/05\/Webseite_6-1536x1536.jpg 1536w, https:\/\/khg-marburg.eu\/wp-content\/uploads\/2025\/05\/Webseite_6-2048x2048.jpg 2048w\" sizes=\"(max-width: 1024px) 100vw, 1024px\" \/><\/figure>\n<\/div>\n\n\n\n<div class=\"wp-block-column is-layout-flow wp-block-column-is-layout-flow\">\n<figure class=\"wp-block-image size-large\"><img loading=\"lazy\" decoding=\"async\" width=\"1024\" height=\"1024\" src=\"https:\/\/khg-marburg.eu\/wp-content\/uploads\/2025\/05\/Webseite_7-1024x1024.jpg\" alt=\"\" class=\"wp-image-8959\" srcset=\"https:\/\/khg-marburg.eu\/wp-content\/uploads\/2025\/05\/Webseite_7-1024x1024.jpg 1024w, https:\/\/khg-marburg.eu\/wp-content\/uploads\/2025\/05\/Webseite_7-300x300.jpg 300w, https:\/\/khg-marburg.eu\/wp-content\/uploads\/2025\/05\/Webseite_7-150x150.jpg 150w, https:\/\/khg-marburg.eu\/wp-content\/uploads\/2025\/05\/Webseite_7-768x768.jpg 768w, https:\/\/khg-marburg.eu\/wp-content\/uploads\/2025\/05\/Webseite_7-1536x1536.jpg 1536w, https:\/\/khg-marburg.eu\/wp-content\/uploads\/2025\/05\/Webseite_7-2048x2048.jpg 2048w\" sizes=\"(max-width: 1024px) 100vw, 1024px\" \/><\/figure>\n<\/div>\n<\/div>\n\n\n\n<h3 class=\"wp-block-heading has-text-color has-link-color wp-elements-b463a828677410aadc27341bc451c4e0\" style=\"color:#eeab02\">Unser Angebot<\/h3>\n\n\n\n<p>Unsere Appartements sind ca. 18,5m\u00b2 gro\u00df und m\u00f6bliert, mit Badezimmer und K\u00fcchenzeile. Im Haus stehen allen Bewohner*innen Waschmaschinen und Trockner zur Verf\u00fcgung, die man gegen M\u00fcnzeinwurf nutzen kann. In allen Appartements gibt es Wlan.<br>Dar\u00fcber hinaus steht den Bewohner*innen die KHG-Bar zur gemeinschaftlichen Nutzung offen. Wir freuen uns, wenn sich die Wohnheimbewohner*innen an den KHG-Aktionen beteiligen.<br>W\u00e4hrend des Semesters haben wir ein breites Angebot an <a href=\"https:\/\/khg-marburg.eu\/index.php\/a-2-weitere-veranstaltungen\/\">Veranstaltungen<\/a>. Allen voran unsere Mittwoch-Abende mit Workshops, Vortr\u00e4gen, Themenabenden u.v.m. <\/p>\n\n\n\n<h3 class=\"wp-block-heading has-text-color has-link-color wp-elements-1ff8dcfa4c6c681696d11504ea9f5674\" style=\"color:#eeab02\">Zimmer und Preise<\/h3>\n\n\n\n<p>Bei allen Appartements im KHG-Wohnheim handelt es sich um Einzelappartements.<br><br><strong>Die monatliche Miete betr\u00e4gt: 420\u20ac (alles inklusive)<br>Bei Einzug wird eine Kaution von zwei Monatsmieten (840\u20ac) f\u00e4llig.<\/strong><br><br>Alle Wohneinheiten verf\u00fcgen \u00fcber eine K\u00fcchenzeile mit zwei Herdplatten, Sp\u00fclbecken und einem K\u00fchlschrank und ein eigenes Badezimmer mit Dusche und WC (siehe Grundriss). <br>Die Grundausstattung an Mobiliar umfasst:<\/p>\n\n\n\n<ul>\n<li>Bett <\/li>\n\n\n\n<li>Kleiderschrank<\/li>\n\n\n\n<li>Regal<\/li>\n\n\n\n<li>Schreibtisch<\/li>\n\n\n\n<li>Stuhl<\/li>\n<\/ul>\n\n\n\n<p>Wenn du noch Fragen hast, dann melde dich bei uns unter: <a href=\"mailto:khg-marburg@bistum-fulda.de\">khg-marburg@bistum-fulda.de<\/a><\/p>\n\n\n\n<p><\/p>\n","protected":false},"excerpt":{"rendered":"<p>In Marburgs Mitte gibt es 14 neue Appartements f\u00fcr Studierende der Philipps-Universit\u00e4t-Marburg. Seit dem 1. Oktober 2024 hat sich das KHG-Wohnheim mit Leben gef\u00fcllt und Studierende haben ein neues Zuhause&#8230;<\/p>\n","protected":false},"author":2,"featured_media":0,"parent":0,"menu_order":0,"comment_status":"closed","ping_status":"closed","template":"","meta":{"inline_featured_image":false,"_kadence_starter_templates_imported_post":false,"_kad_post_transparent":"","_kad_post_title":"","_kad_post_layout":"","_kad_post_sidebar_id":"","_kad_post_content_style":"","_kad_post_vertical_padding":"","_kad_post_feature":"","_kad_post_feature_position":"","_kad_post_header":false,"_kad_post_footer":false,"footnotes":""},"yoast_head":"<!-- This site is optimized with the Yoast SEO plugin v22.3 - https:\/\/yoast.com\/wordpress\/plugins\/seo\/ -->\n<title>KHG Studierenden Appartments - Katholische Hochschulgemeinde Marburg<\/title>\n<meta name=\"robots\" content=\"index, follow, max-snippet:-1, max-image-preview:large, max-video-preview:-1\" \/>\n<link rel=\"canonical\" href=\"https:\/\/khg-marburg.eu\/index.php\/khg-studi-appartments\/\" \/>\n<meta property=\"og:locale\" content=\"de_DE\" \/>\n<meta property=\"og:type\" content=\"article\" \/>\n<meta property=\"og:title\" content=\"KHG Studierenden Appartments - Katholische Hochschulgemeinde Marburg\" \/>\n<meta property=\"og:description\" content=\"In Marburgs Mitte gibt es 14 neue Appartements f\u00fcr Studierende der Philipps-Universit\u00e4t-Marburg. Seit dem 1. Oktober 2024 hat sich das KHG-Wohnheim mit Leben gef\u00fcllt und Studierende haben ein neues Zuhause...\" \/>\n<meta property=\"og:url\" content=\"https:\/\/khg-marburg.eu\/index.php\/khg-studi-appartments\/\" \/>\n<meta property=\"og:site_name\" content=\"Katholische Hochschulgemeinde Marburg\" \/>\n<meta property=\"article:publisher\" content=\"https:\/\/www.facebook.com\/KHGMarburg\" \/>\n<meta property=\"article:modified_time\" content=\"2025-10-30T08:28:44+00:00\" \/>\n<meta property=\"og:image\" content=\"https:\/\/khg-marburg.eu\/wp-content\/uploads\/2025\/06\/Studi-Appartement2.png\" \/>\n<meta name=\"twitter:card\" content=\"summary_large_image\" \/>\n<meta name=\"twitter:label1\" content=\"Gesch\u00e4tzte Lesezeit\" \/>\n\t<meta name=\"twitter:data1\" content=\"4\u00a0Minuten\" \/>\n<script type=\"application\/ld+json\" class=\"yoast-schema-graph\">{\"@context\":\"https:\/\/schema.org\",\"@graph\":[{\"@type\":\"WebPage\",\"@id\":\"https:\/\/khg-marburg.eu\/index.php\/khg-studi-appartments\/\",\"url\":\"https:\/\/khg-marburg.eu\/index.php\/khg-studi-appartments\/\",\"name\":\"KHG Studierenden Appartments - Katholische Hochschulgemeinde Marburg\",\"isPartOf\":{\"@id\":\"https:\/\/khg-marburg.eu\/#website\"},\"primaryImageOfPage\":{\"@id\":\"https:\/\/khg-marburg.eu\/index.php\/khg-studi-appartments\/#primaryimage\"},\"image\":{\"@id\":\"https:\/\/khg-marburg.eu\/index.php\/khg-studi-appartments\/#primaryimage\"},\"thumbnailUrl\":\"https:\/\/khg-marburg.eu\/wp-content\/uploads\/2025\/06\/Studi-Appartement2.png\",\"datePublished\":\"2023-05-31T10:25:42+00:00\",\"dateModified\":\"2025-10-30T08:28:44+00:00\",\"breadcrumb\":{\"@id\":\"https:\/\/khg-marburg.eu\/index.php\/khg-studi-appartments\/#breadcrumb\"},\"inLanguage\":\"de\",\"potentialAction\":[{\"@type\":\"ReadAction\",\"target\":[\"https:\/\/khg-marburg.eu\/index.php\/khg-studi-appartments\/\"]}]},{\"@type\":\"ImageObject\",\"inLanguage\":\"de\",\"@id\":\"https:\/\/khg-marburg.eu\/index.php\/khg-studi-appartments\/#primaryimage\",\"url\":\"https:\/\/khg-marburg.eu\/wp-content\/uploads\/2025\/06\/Studi-Appartement2.png\",\"contentUrl\":\"https:\/\/khg-marburg.eu\/wp-content\/uploads\/2025\/06\/Studi-Appartement2.png\",\"width\":2000,\"height\":667},{\"@type\":\"BreadcrumbList\",\"@id\":\"https:\/\/khg-marburg.eu\/index.php\/khg-studi-appartments\/#breadcrumb\",\"itemListElement\":[{\"@type\":\"ListItem\",\"position\":1,\"name\":\"Startseite\",\"item\":\"https:\/\/khg-marburg.eu\/\"},{\"@type\":\"ListItem\",\"position\":2,\"name\":\"KHG Studierenden Appartments\"}]},{\"@type\":\"WebSite\",\"@id\":\"https:\/\/khg-marburg.eu\/#website\",\"url\":\"https:\/\/khg-marburg.eu\/\",\"name\":\"Katholische Hochschulgemeinde Marburg\",\"description\":\"Die Katholische Hochschulgemeinde - Katholische Kirche in Marburg\",\"publisher\":{\"@id\":\"https:\/\/khg-marburg.eu\/#organization\"},\"potentialAction\":[{\"@type\":\"SearchAction\",\"target\":{\"@type\":\"EntryPoint\",\"urlTemplate\":\"https:\/\/khg-marburg.eu\/?s={search_term_string}\"},\"query-input\":\"required name=search_term_string\"}],\"inLanguage\":\"de\"},{\"@type\":\"Organization\",\"@id\":\"https:\/\/khg-marburg.eu\/#organization\",\"name\":\"Katholische Hochschulgemeinde Marburg\",\"url\":\"https:\/\/khg-marburg.eu\/\",\"logo\":{\"@type\":\"ImageObject\",\"inLanguage\":\"de\",\"@id\":\"https:\/\/khg-marburg.eu\/#\/schema\/logo\/image\/\",\"url\":\"https:\/\/khg-marburg.eu\/wp-content\/uploads\/2020\/04\/logo_wei\u00df.jpg\",\"contentUrl\":\"https:\/\/khg-marburg.eu\/wp-content\/uploads\/2020\/04\/logo_wei\u00df.jpg\",\"width\":750,\"height\":650,\"caption\":\"Katholische Hochschulgemeinde Marburg\"},\"image\":{\"@id\":\"https:\/\/khg-marburg.eu\/#\/schema\/logo\/image\/\"},\"sameAs\":[\"https:\/\/www.facebook.com\/KHGMarburg\",\"https:\/\/www.instagram.com\/khgmarburg\/\"]}]}<\/script>\n<!-- \/ Yoast SEO plugin. -->","yoast_head_json":{"title":"KHG Studierenden Appartments - Katholische Hochschulgemeinde Marburg","robots":{"index":"index","follow":"follow","max-snippet":"max-snippet:-1","max-image-preview":"max-image-preview:large","max-video-preview":"max-video-preview:-1"},"canonical":"https:\/\/khg-marburg.eu\/index.php\/khg-studi-appartments\/","og_locale":"de_DE","og_type":"article","og_title":"KHG Studierenden Appartments - Katholische Hochschulgemeinde Marburg","og_description":"In Marburgs Mitte gibt es 14 neue Appartements f\u00fcr Studierende der Philipps-Universit\u00e4t-Marburg. Seit dem 1. Oktober 2024 hat sich das KHG-Wohnheim mit Leben gef\u00fcllt und Studierende haben ein neues Zuhause...","og_url":"https:\/\/khg-marburg.eu\/index.php\/khg-studi-appartments\/","og_site_name":"Katholische Hochschulgemeinde Marburg","article_publisher":"https:\/\/www.facebook.com\/KHGMarburg","article_modified_time":"2025-10-30T08:28:44+00:00","og_image":[{"url":"https:\/\/khg-marburg.eu\/wp-content\/uploads\/2025\/06\/Studi-Appartement2.png"}],"twitter_card":"summary_large_image","twitter_misc":{"Gesch\u00e4tzte Lesezeit":"4\u00a0Minuten"},"schema":{"@context":"https:\/\/schema.org","@graph":[{"@type":"WebPage","@id":"https:\/\/khg-marburg.eu\/index.php\/khg-studi-appartments\/","url":"https:\/\/khg-marburg.eu\/index.php\/khg-studi-appartments\/","name":"KHG Studierenden Appartments - Katholische Hochschulgemeinde Marburg","isPartOf":{"@id":"https:\/\/khg-marburg.eu\/#website"},"primaryImageOfPage":{"@id":"https:\/\/khg-marburg.eu\/index.php\/khg-studi-appartments\/#primaryimage"},"image":{"@id":"https:\/\/khg-marburg.eu\/index.php\/khg-studi-appartments\/#primaryimage"},"thumbnailUrl":"https:\/\/khg-marburg.eu\/wp-content\/uploads\/2025\/06\/Studi-Appartement2.png","datePublished":"2023-05-31T10:25:42+00:00","dateModified":"2025-10-30T08:28:44+00:00","breadcrumb":{"@id":"https:\/\/khg-marburg.eu\/index.php\/khg-studi-appartments\/#breadcrumb"},"inLanguage":"de","potentialAction":[{"@type":"ReadAction","target":["https:\/\/khg-marburg.eu\/index.php\/khg-studi-appartments\/"]}]},{"@type":"ImageObject","inLanguage":"de","@id":"https:\/\/khg-marburg.eu\/index.php\/khg-studi-appartments\/#primaryimage","url":"https:\/\/khg-marburg.eu\/wp-content\/uploads\/2025\/06\/Studi-Appartement2.png","contentUrl":"https:\/\/khg-marburg.eu\/wp-content\/uploads\/2025\/06\/Studi-Appartement2.png","width":2000,"height":667},{"@type":"BreadcrumbList","@id":"https:\/\/khg-marburg.eu\/index.php\/khg-studi-appartments\/#breadcrumb","itemListElement":[{"@type":"ListItem","position":1,"name":"Startseite","item":"https:\/\/khg-marburg.eu\/"},{"@type":"ListItem","position":2,"name":"KHG Studierenden Appartments"}]},{"@type":"WebSite","@id":"https:\/\/khg-marburg.eu\/#website","url":"https:\/\/khg-marburg.eu\/","name":"Katholische Hochschulgemeinde Marburg","description":"Die Katholische Hochschulgemeinde - Katholische Kirche in Marburg","publisher":{"@id":"https:\/\/khg-marburg.eu\/#organization"},"potentialAction":[{"@type":"SearchAction","target":{"@type":"EntryPoint","urlTemplate":"https:\/\/khg-marburg.eu\/?s={search_term_string}"},"query-input":"required name=search_term_string"}],"inLanguage":"de"},{"@type":"Organization","@id":"https:\/\/khg-marburg.eu\/#organization","name":"Katholische Hochschulgemeinde Marburg","url":"https:\/\/khg-marburg.eu\/","logo":{"@type":"ImageObject","inLanguage":"de","@id":"https:\/\/khg-marburg.eu\/#\/schema\/logo\/image\/","url":"https:\/\/khg-marburg.eu\/wp-content\/uploads\/2020\/04\/logo_wei\u00df.jpg","contentUrl":"https:\/\/khg-marburg.eu\/wp-content\/uploads\/2020\/04\/logo_wei\u00df.jpg","width":750,"height":650,"caption":"Katholische Hochschulgemeinde Marburg"},"image":{"@id":"https:\/\/khg-marburg.eu\/#\/schema\/logo\/image\/"},"sameAs":["https:\/\/www.facebook.com\/KHGMarburg","https:\/\/www.instagram.com\/khgmarburg\/"]}]}},"_links":{"self":[{"href":"https:\/\/khg-marburg.eu\/index.php\/wp-json\/wp\/v2\/pages\/5619"}],"collection":[{"href":"https:\/\/khg-marburg.eu\/index.php\/wp-json\/wp\/v2\/pages"}],"about":[{"href":"https:\/\/khg-marburg.eu\/index.php\/wp-json\/wp\/v2\/types\/page"}],"author":[{"embeddable":true,"href":"https:\/\/khg-marburg.eu\/index.php\/wp-json\/wp\/v2\/users\/2"}],"replies":[{"embeddable":true,"href":"https:\/\/khg-marburg.eu\/index.php\/wp-json\/wp\/v2\/comments?post=5619"}],"version-history":[{"count":45,"href":"https:\/\/khg-marburg.eu\/index.php\/wp-json\/wp\/v2\/pages\/5619\/revisions"}],"predecessor-version":[{"id":9571,"href":"https:\/\/khg-marburg.eu\/index.php\/wp-json\/wp\/v2\/pages\/5619\/revisions\/9571"}],"wp:attachment":[{"href":"https:\/\/khg-marburg.eu\/index.php\/wp-json\/wp\/v2\/media?parent=5619"}],"curies":[{"name":"wp","href":"https:\/\/api.w.org\/{rel}","templated":true}]}}