{"id":6269,"date":"2023-10-18T14:35:09","date_gmt":"2023-10-18T12:35:09","guid":{"rendered":"https:\/\/khg-marburg.eu\/?page_id=6269"},"modified":"2026-01-27T13:45:46","modified_gmt":"2026-01-27T12:45:46","slug":"coaching-fuer-berufseinsteiger","status":"publish","type":"page","link":"https:\/\/khg-marburg.eu\/index.php\/coaching-fuer-berufseinsteiger\/","title":{"rendered":"Coaching f\u00fcr Berufseinsteiger"},"content":{"rendered":"\n<h2 class=\"wp-block-heading alignwide has-text-align-center has-text-color\" style=\"color:#f09929\">St\u00e4rkenorientiertes Coaching f\u00fcr Berufseinsteiger<br><em>Strength-orientated coaching for career starters<\/em><\/h2>\n\n\n\n<p class=\"has-text-align-left\">Du bist mit deinem Studium fast fertig, stehst kurz vor dem Abschluss und fragst dich, welcher berufliche Weg der Richtige f\u00fcr dich ist? <\/p>\n\n\n\n<p><strong>Unser besonderes Angebot:<\/strong><br>Unsere erfahrene Coachin Sonja begleitet dich auf diesem spannenden Weg. Sonja arbeitet ehrenamtlich, denn sie ist \u00fcberzeugt von der Bedeutung einer fundierten Berufsorientierung. <a href=\"mailto:Coach@herfort.org?subject=Anfrage%20Coaching%20Kennenlern-Termin%20%3e%20KHG-Angebot\">Vereinbare einfach einen kostenlosen Ersttermin<\/a>\u00a0mit ihr, um einander kennenzulernen und die Basis f\u00fcr ein gemeinsames Arbeiten zu legen. Mit ihrer <strong>ehrenamtlichen Arbeit <\/strong>unterst\u00fctzt sie gemeinn\u00fctzige Organisationen (DKSM, NABU und Demenz). Gemeinsam \u00fcberlegst du mit ihr, welcher Betrag m\u00f6glich und sinnvoll ist. Deine Spendenquittung ist dann quasi dein Coaching-Ticket.<br><br><em>Are you almost finished your studies, about to graduate and wondering which career path is right for you?<br><strong>Our special offer:<\/strong><br>Our experienced coach Sonja will accompany you on this exciting journey. Sonja works on a voluntary basis because she is convinced of the importance of sound career guidance. <a href=\"mailto:Coach@herfort.org?subject=Anfrage%20Coaching%20Kennenlern-Termin%20%3e%20KHG-Angebot\">Simply arrange a free initial appointment with her<\/a> to get to know each other and lay the foundations for working together. She supports charitable organisations (DKSM, NABU and dementia) with her voluntary work. Together with her, you consider what amount is possible and sensible. Your donation receipt will be your coaching ticket.<\/em><\/p>\n\n\n\n<hr class=\"wp-block-separator alignwide has-text-color has-alpha-channel-opacity has-background is-style-wide\" style=\"background-color:#f49716;color:#f49716\"\/>\n\n\n\n<h3 class=\"wp-block-heading has-text-color\" style=\"color:#f29b37\">Dein Weg zu mehr Klarheit:<\/h3>\n\n\n\n<div class=\"wp-block-media-text alignwide is-stacked-on-mobile\" style=\"grid-template-columns:20% auto\"><figure class=\"wp-block-media-text__media\"><img loading=\"lazy\" decoding=\"async\" width=\"300\" height=\"300\" src=\"https:\/\/khg-marburg.eu\/wp-content\/uploads\/2023\/10\/20231015-Coaching-Situation-Online-Foto-_300px-Quadrat-150dpi-copy-1.jpeg\" alt=\"\" class=\"wp-image-6303 size-full\" srcset=\"https:\/\/khg-marburg.eu\/wp-content\/uploads\/2023\/10\/20231015-Coaching-Situation-Online-Foto-_300px-Quadrat-150dpi-copy-1.jpeg 300w, https:\/\/khg-marburg.eu\/wp-content\/uploads\/2023\/10\/20231015-Coaching-Situation-Online-Foto-_300px-Quadrat-150dpi-copy-1-150x150.jpeg 150w\" sizes=\"(max-width: 300px) 100vw, 300px\" \/><\/figure><div class=\"wp-block-media-text__content\">\n<ol start=\"1\" style=\"list-style-type:1\">\n<li>Vereinbare einen kostenlosen Kennenlern-Termin mit Sonja.<\/li>\n\n\n\n<li>Gemeinsam erarbeitet ihr einen individuellen Coaching-Plan. (Bis zu 3 Termine \u00e0 45 Min.)<\/li>\n\n\n\n<li>L\u00f6se dein Coaching-Ticket mit deiner Spende an eine der u.g. gemeinn\u00fctzigen Organisationen.<\/li>\n\n\n\n<li>Entdecke dein Potenzial und gestalte deine sinnstiftende berufliche Zukunft. <\/li>\n<\/ol>\n\n\n\n<div class=\"wp-block-buttons is-content-justification-space-between is-layout-flex wp-container-core-buttons-layout-1 wp-block-buttons-is-layout-flex\">\n<div class=\"wp-block-button\"><a class=\"wp-block-button__link has-background wp-element-button\" href=\"mailto:Coach@herfort.org?subject=Anfrage%20Coaching%20Kennenlern-Termin%20%3e%20KHG-Angebot\" style=\"background-color:#f49e43\">Jetzt kostenlosen Termin anfragen<\/a><\/div>\n<\/div>\n\n\n\n<p>Hinweis: Die ehrenamtlichen Termine sind begrenzt pro Semester. Sichere dir deinen Platz und engagiere dich gleichzeitig gemeinn\u00fctzig!<br><br><em><strong>Your way to more clarity<\/strong>:<\/em><\/p>\n\n\n\n<ol>\n<li><em>Arrange a free int<\/em>r<em>oductory appointment with Sonja.<\/em><\/li>\n\n\n\n<li><em>Together you will work out a personalised coaching plan. (Up to 3 appointments of 45 minutes each)<\/em><\/li>\n\n\n\n<li><em>Redeem your coaching ticket with your donation to one of the charitable organisations listed below<\/em>.<\/li>\n\n\n\n<li><em>Discover your potential and shape your meaningful professional future.<\/em><\/li>\n<\/ol>\n\n\n\n<div class=\"wp-block-buttons is-content-justification-space-between is-layout-flex wp-container-core-buttons-layout-2 wp-block-buttons-is-layout-flex\">\n<div class=\"wp-block-button\"><a class=\"wp-block-button__link has-background wp-element-button\" href=\"mailto:Coach@herfort.org?subject=Anfrage%20Coaching%20Kennenlern-Termin%20%3e%20KHG-Angebot\" style=\"background-color:#f49e43\">Request your free appointment now<\/a><\/div>\n<\/div>\n<\/div><\/div>\n\n\n\n<p class=\"has-text-align-center\">                                                <em>Please note: Volunteer appointments are limited per semester. Secure your place and get involved in charitable work at the same time!<\/em><\/p>\n\n\n\n<hr class=\"wp-block-separator alignwide has-text-color has-alpha-channel-opacity has-background is-style-wide\" style=\"background-color:#f49716;color:#f49716\"\/>\n\n\n\n<div class=\"wp-block-media-text alignwide is-stacked-on-mobile\" style=\"grid-template-columns:20% auto\"><figure class=\"wp-block-media-text__media\"><img loading=\"lazy\" decoding=\"async\" width=\"1024\" height=\"1024\" src=\"https:\/\/khg-marburg.eu\/wp-content\/uploads\/2023\/10\/Portait-Sonja-Coaching_10x21cm_300dpi_rgb-1024x1024.png\" alt=\"\" class=\"wp-image-6282 size-full\" srcset=\"https:\/\/khg-marburg.eu\/wp-content\/uploads\/2023\/10\/Portait-Sonja-Coaching_10x21cm_300dpi_rgb-1024x1024.png 1024w, https:\/\/khg-marburg.eu\/wp-content\/uploads\/2023\/10\/Portait-Sonja-Coaching_10x21cm_300dpi_rgb-300x300.png 300w, https:\/\/khg-marburg.eu\/wp-content\/uploads\/2023\/10\/Portait-Sonja-Coaching_10x21cm_300dpi_rgb-150x150.png 150w, https:\/\/khg-marburg.eu\/wp-content\/uploads\/2023\/10\/Portait-Sonja-Coaching_10x21cm_300dpi_rgb-768x768.png 768w, https:\/\/khg-marburg.eu\/wp-content\/uploads\/2023\/10\/Portait-Sonja-Coaching_10x21cm_300dpi_rgb.png 1181w\" sizes=\"(max-width: 1024px) 100vw, 1024px\" \/><\/figure><div class=\"wp-block-media-text__content\">\n<p><strong>\u00dcber Coach Sonja:<\/strong><br>Sonja ist zertifizierter Systemischer Business Coach mit Schwerpunkt Berufseinsteiger &amp; F\u00fchrungskr\u00e4fte. Mit 20+ Jahren gelebter Arbeits- \/ F\u00fchrungspraxis bringt sie umfassende Erfahrung mit. Dar\u00fcber hinaus verf\u00fcgt sie \u00fcber Expertise in verschiedenen Branchen &amp; M\u00e4rkten, sowohl national als auch international.<\/p>\n\n\n\n<p>Emphatisch unterst\u00fctzt sie dich dabei, mit ihrer fundierten Kenntnis, Klarheit \u00fcber deine beruflichen Ziele zu gewinnen. Sonja arbeitet ehrenamtlich, denn sie ist \u00fcberzeugt von der Bedeutung einer fundierten Berufsorientierung.<\/p>\n\n\n\n<p><em><strong>About Coach Sonja:<\/strong><br>Sonja is a certified systemic business coach specialising in career starters and managers. With 20+ years of lived work \/ leadership practice, she has extensive experience. In addition, she has expertise in various industries &amp; markets, both nationally and internationally.<\/em><\/p>\n\n\n\n<p><em>She empathically supports you with her in-depth knowledge to gain clarity about your professional goals. Sonja works on a voluntary basis because she is convinced of the importance of sound career guidance.<\/em><\/p>\n<\/div><\/div>\n\n\n\n<hr class=\"wp-block-separator alignwide has-text-color has-alpha-channel-opacity has-background is-style-wide\" style=\"background-color:#f49716;color:#f49716\"\/>\n\n\n\n<h3 class=\"wp-block-heading has-text-color\" style=\"color:#f29b37\">Zusammenfassung:<\/h3>\n\n\n\n<p><strong>F\u00fcr wen:<\/strong> Studierende \u2013 JobeinsteigerInnen \/ Personen mit Ver\u00e4nderungswunsch im Job<br><strong>Wie:<\/strong> Online<br><strong>Wo:<\/strong> Zoom (du bekommst einen Link)<br><strong>Dauer:<\/strong> 45 Min \/ Coaching<br><strong>Honorar-Modell:<\/strong> Ehrenamtlich (mit Spende an gemeinn\u00fctzige Organisation)<br><br><strong>Du w\u00e4hlst und spendest an eine der folgenden Organisationen:<\/strong><\/p>\n\n\n\n<ul>\n<li>Du kannst Leben retten mit deiner <a href=\"https:\/\/www.dkms.de\/aktiv-werden\/geld-spenden\">Spende an DKMS<\/a>.<\/li>\n\n\n\n<li>Du kannst helfen, wo die Natur dich braucht! <a href=\"https:\/\/www.nabu.de\/spenden-und-mitmachen\/spenden\/index.html\">Spende an den NABU<\/a>.<\/li>\n\n\n\n<li>Du kannst ein besseres Leben mit Demenz erm\u00f6glichen! <a href=\"https:\/\/www.deutsche-alzheimer.de\/spenden#c1976\">Spende an Deutsche Alzheimer Gesellschaft e.V.<\/a><\/li>\n<\/ul>\n\n\n\n<div class=\"wp-block-buttons is-content-justification-space-between is-layout-flex wp-container-core-buttons-layout-3 wp-block-buttons-is-layout-flex\">\n<div class=\"wp-block-button\"><a class=\"wp-block-button__link has-background wp-element-button\" href=\"mailto:Coach@herfort.org?subject=Anfrage%20Coaching%20Kennenlern-Termin%20%3e%20KHG-Angebot\" style=\"background-color:#f49e43\">Jetzt kostenlosen Termin anfragen<\/a><\/div>\n<\/div>\n\n\n\n<hr class=\"wp-block-separator alignwide has-text-color has-alpha-channel-opacity has-background is-style-wide\" style=\"background-color:#f49716;color:#f49716\"\/>\n\n\n\n<h3 class=\"wp-block-heading has-text-color\" style=\"color:#f29b37\">Summary:<\/h3>\n\n\n\n<p><strong>Who for: <\/strong>Students &#8211; job starters \/ people who want to change jobs<strong><br>How: <\/strong>Online<strong><br>Where: <\/strong>Zoom (you will receive a link)<strong><br>Duration: <\/strong>45 min \/ coaching<strong><br>Fee model: <\/strong>Voluntary (with donation to charitable organisation)<\/p>\n\n\n\n<p><strong>You choose and donate to one of the following organisations:<\/strong><\/p>\n\n\n\n<ul>\n<li>You can save lives with your <a href=\"https:\/\/www.dkms.de\/aktiv-werden\/geld-spenden\">donation to DKMS<\/a>. <\/li>\n\n\n\n<li>You can help where nature needs you! <a href=\"https:\/\/www.nabu.de\/spenden-und-mitmachen\/spenden\/index.html\">Donate to NABU<\/a>.<\/li>\n\n\n\n<li>You can make a better life with dementia possible! <a href=\"https:\/\/www.deutsche-alzheimer.de\/spenden#c1976\">Donate to the German Alzheimer Society<\/a>. <\/li>\n<\/ul>\n\n\n\n<div class=\"wp-block-buttons is-content-justification-space-between is-layout-flex wp-container-core-buttons-layout-4 wp-block-buttons-is-layout-flex\">\n<div class=\"wp-block-button\"><a class=\"wp-block-button__link has-background wp-element-button\" href=\"mailto:Coach@herfort.org?subject=Anfrage%20Coaching%20Kennenlern-Termin%20%3e%20KHG-Angebot\" style=\"background-color:#f49e43\">Request a free appointment now<\/a><\/div>\n<\/div>\n","protected":false},"excerpt":{"rendered":"<p>St\u00e4rkenorientiertes Coaching f\u00fcr BerufseinsteigerStrength-orientated coaching for career starters Du bist mit deinem Studium fast fertig, stehst kurz vor dem Abschluss und fragst dich, welcher berufliche Weg der Richtige f\u00fcr dich&#8230;<\/p>\n","protected":false},"author":2,"featured_media":0,"parent":0,"menu_order":0,"comment_status":"closed","ping_status":"closed","template":"","meta":{"inline_featured_image":false,"_kadence_starter_templates_imported_post":false,"_kad_post_transparent":"","_kad_post_title":"","_kad_post_layout":"","_kad_post_sidebar_id":"","_kad_post_content_style":"","_kad_post_vertical_padding":"","_kad_post_feature":"","_kad_post_feature_position":"","_kad_post_header":false,"_kad_post_footer":false,"footnotes":""},"yoast_head":"<!-- This site is optimized with the Yoast SEO plugin v22.3 - https:\/\/yoast.com\/wordpress\/plugins\/seo\/ -->\n<title>Coaching f\u00fcr Berufseinsteiger - Katholische Hochschulgemeinde Marburg<\/title>\n<meta name=\"robots\" content=\"index, follow, max-snippet:-1, max-image-preview:large, max-video-preview:-1\" \/>\n<link rel=\"canonical\" href=\"https:\/\/khg-marburg.eu\/index.php\/coaching-fuer-berufseinsteiger\/\" \/>\n<meta property=\"og:locale\" content=\"de_DE\" \/>\n<meta property=\"og:type\" content=\"article\" \/>\n<meta property=\"og:title\" content=\"Coaching f\u00fcr Berufseinsteiger - Katholische Hochschulgemeinde Marburg\" \/>\n<meta property=\"og:description\" content=\"St\u00e4rkenorientiertes Coaching f\u00fcr BerufseinsteigerStrength-orientated coaching for career starters Du bist mit deinem Studium fast fertig, stehst kurz vor dem Abschluss und fragst dich, welcher berufliche Weg der Richtige f\u00fcr dich...\" \/>\n<meta property=\"og:url\" content=\"https:\/\/khg-marburg.eu\/index.php\/coaching-fuer-berufseinsteiger\/\" \/>\n<meta property=\"og:site_name\" content=\"Katholische Hochschulgemeinde Marburg\" \/>\n<meta property=\"article:publisher\" content=\"https:\/\/www.facebook.com\/KHGMarburg\" \/>\n<meta property=\"article:modified_time\" content=\"2026-01-27T12:45:46+00:00\" \/>\n<meta property=\"og:image\" content=\"https:\/\/khg-marburg.eu\/wp-content\/uploads\/2023\/10\/20231015-Coaching-Situation-Online-Foto-_300px-Quadrat-150dpi-copy-1.jpeg\" \/>\n<meta name=\"twitter:card\" content=\"summary_large_image\" \/>\n<meta name=\"twitter:label1\" content=\"Gesch\u00e4tzte Lesezeit\" \/>\n\t<meta name=\"twitter:data1\" content=\"5\u00a0Minuten\" \/>\n<script type=\"application\/ld+json\" class=\"yoast-schema-graph\">{\"@context\":\"https:\/\/schema.org\",\"@graph\":[{\"@type\":\"WebPage\",\"@id\":\"https:\/\/khg-marburg.eu\/index.php\/coaching-fuer-berufseinsteiger\/\",\"url\":\"https:\/\/khg-marburg.eu\/index.php\/coaching-fuer-berufseinsteiger\/\",\"name\":\"Coaching f\u00fcr Berufseinsteiger - Katholische Hochschulgemeinde Marburg\",\"isPartOf\":{\"@id\":\"https:\/\/khg-marburg.eu\/#website\"},\"primaryImageOfPage\":{\"@id\":\"https:\/\/khg-marburg.eu\/index.php\/coaching-fuer-berufseinsteiger\/#primaryimage\"},\"image\":{\"@id\":\"https:\/\/khg-marburg.eu\/index.php\/coaching-fuer-berufseinsteiger\/#primaryimage\"},\"thumbnailUrl\":\"https:\/\/khg-marburg.eu\/wp-content\/uploads\/2023\/10\/20231015-Coaching-Situation-Online-Foto-_300px-Quadrat-150dpi-copy-1.jpeg\",\"datePublished\":\"2023-10-18T12:35:09+00:00\",\"dateModified\":\"2026-01-27T12:45:46+00:00\",\"breadcrumb\":{\"@id\":\"https:\/\/khg-marburg.eu\/index.php\/coaching-fuer-berufseinsteiger\/#breadcrumb\"},\"inLanguage\":\"de\",\"potentialAction\":[{\"@type\":\"ReadAction\",\"target\":[\"https:\/\/khg-marburg.eu\/index.php\/coaching-fuer-berufseinsteiger\/\"]}]},{\"@type\":\"ImageObject\",\"inLanguage\":\"de\",\"@id\":\"https:\/\/khg-marburg.eu\/index.php\/coaching-fuer-berufseinsteiger\/#primaryimage\",\"url\":\"https:\/\/khg-marburg.eu\/wp-content\/uploads\/2023\/10\/20231015-Coaching-Situation-Online-Foto-_300px-Quadrat-150dpi-copy-1.jpeg\",\"contentUrl\":\"https:\/\/khg-marburg.eu\/wp-content\/uploads\/2023\/10\/20231015-Coaching-Situation-Online-Foto-_300px-Quadrat-150dpi-copy-1.jpeg\",\"width\":300,\"height\":300,\"caption\":\"(c)herfort.org\"},{\"@type\":\"BreadcrumbList\",\"@id\":\"https:\/\/khg-marburg.eu\/index.php\/coaching-fuer-berufseinsteiger\/#breadcrumb\",\"itemListElement\":[{\"@type\":\"ListItem\",\"position\":1,\"name\":\"Startseite\",\"item\":\"https:\/\/khg-marburg.eu\/\"},{\"@type\":\"ListItem\",\"position\":2,\"name\":\"Coaching f\u00fcr Berufseinsteiger\"}]},{\"@type\":\"WebSite\",\"@id\":\"https:\/\/khg-marburg.eu\/#website\",\"url\":\"https:\/\/khg-marburg.eu\/\",\"name\":\"Katholische Hochschulgemeinde Marburg\",\"description\":\"Die Katholische Hochschulgemeinde - Katholische Kirche in Marburg\",\"publisher\":{\"@id\":\"https:\/\/khg-marburg.eu\/#organization\"},\"potentialAction\":[{\"@type\":\"SearchAction\",\"target\":{\"@type\":\"EntryPoint\",\"urlTemplate\":\"https:\/\/khg-marburg.eu\/?s={search_term_string}\"},\"query-input\":\"required name=search_term_string\"}],\"inLanguage\":\"de\"},{\"@type\":\"Organization\",\"@id\":\"https:\/\/khg-marburg.eu\/#organization\",\"name\":\"Katholische Hochschulgemeinde Marburg\",\"url\":\"https:\/\/khg-marburg.eu\/\",\"logo\":{\"@type\":\"ImageObject\",\"inLanguage\":\"de\",\"@id\":\"https:\/\/khg-marburg.eu\/#\/schema\/logo\/image\/\",\"url\":\"https:\/\/khg-marburg.eu\/wp-content\/uploads\/2020\/04\/logo_wei\u00df.jpg\",\"contentUrl\":\"https:\/\/khg-marburg.eu\/wp-content\/uploads\/2020\/04\/logo_wei\u00df.jpg\",\"width\":750,\"height\":650,\"caption\":\"Katholische Hochschulgemeinde Marburg\"},\"image\":{\"@id\":\"https:\/\/khg-marburg.eu\/#\/schema\/logo\/image\/\"},\"sameAs\":[\"https:\/\/www.facebook.com\/KHGMarburg\",\"https:\/\/www.instagram.com\/khgmarburg\/\"]}]}<\/script>\n<!-- \/ Yoast SEO plugin. -->","yoast_head_json":{"title":"Coaching f\u00fcr Berufseinsteiger - Katholische Hochschulgemeinde Marburg","robots":{"index":"index","follow":"follow","max-snippet":"max-snippet:-1","max-image-preview":"max-image-preview:large","max-video-preview":"max-video-preview:-1"},"canonical":"https:\/\/khg-marburg.eu\/index.php\/coaching-fuer-berufseinsteiger\/","og_locale":"de_DE","og_type":"article","og_title":"Coaching f\u00fcr Berufseinsteiger - Katholische Hochschulgemeinde Marburg","og_description":"St\u00e4rkenorientiertes Coaching f\u00fcr BerufseinsteigerStrength-orientated coaching for career starters Du bist mit deinem Studium fast fertig, stehst kurz vor dem Abschluss und fragst dich, welcher berufliche Weg der Richtige f\u00fcr dich...","og_url":"https:\/\/khg-marburg.eu\/index.php\/coaching-fuer-berufseinsteiger\/","og_site_name":"Katholische Hochschulgemeinde Marburg","article_publisher":"https:\/\/www.facebook.com\/KHGMarburg","article_modified_time":"2026-01-27T12:45:46+00:00","og_image":[{"url":"https:\/\/khg-marburg.eu\/wp-content\/uploads\/2023\/10\/20231015-Coaching-Situation-Online-Foto-_300px-Quadrat-150dpi-copy-1.jpeg"}],"twitter_card":"summary_large_image","twitter_misc":{"Gesch\u00e4tzte Lesezeit":"5\u00a0Minuten"},"schema":{"@context":"https:\/\/schema.org","@graph":[{"@type":"WebPage","@id":"https:\/\/khg-marburg.eu\/index.php\/coaching-fuer-berufseinsteiger\/","url":"https:\/\/khg-marburg.eu\/index.php\/coaching-fuer-berufseinsteiger\/","name":"Coaching f\u00fcr Berufseinsteiger - Katholische Hochschulgemeinde Marburg","isPartOf":{"@id":"https:\/\/khg-marburg.eu\/#website"},"primaryImageOfPage":{"@id":"https:\/\/khg-marburg.eu\/index.php\/coaching-fuer-berufseinsteiger\/#primaryimage"},"image":{"@id":"https:\/\/khg-marburg.eu\/index.php\/coaching-fuer-berufseinsteiger\/#primaryimage"},"thumbnailUrl":"https:\/\/khg-marburg.eu\/wp-content\/uploads\/2023\/10\/20231015-Coaching-Situation-Online-Foto-_300px-Quadrat-150dpi-copy-1.jpeg","datePublished":"2023-10-18T12:35:09+00:00","dateModified":"2026-01-27T12:45:46+00:00","breadcrumb":{"@id":"https:\/\/khg-marburg.eu\/index.php\/coaching-fuer-berufseinsteiger\/#breadcrumb"},"inLanguage":"de","potentialAction":[{"@type":"ReadAction","target":["https:\/\/khg-marburg.eu\/index.php\/coaching-fuer-berufseinsteiger\/"]}]},{"@type":"ImageObject","inLanguage":"de","@id":"https:\/\/khg-marburg.eu\/index.php\/coaching-fuer-berufseinsteiger\/#primaryimage","url":"https:\/\/khg-marburg.eu\/wp-content\/uploads\/2023\/10\/20231015-Coaching-Situation-Online-Foto-_300px-Quadrat-150dpi-copy-1.jpeg","contentUrl":"https:\/\/khg-marburg.eu\/wp-content\/uploads\/2023\/10\/20231015-Coaching-Situation-Online-Foto-_300px-Quadrat-150dpi-copy-1.jpeg","width":300,"height":300,"caption":"(c)herfort.org"},{"@type":"BreadcrumbList","@id":"https:\/\/khg-marburg.eu\/index.php\/coaching-fuer-berufseinsteiger\/#breadcrumb","itemListElement":[{"@type":"ListItem","position":1,"name":"Startseite","item":"https:\/\/khg-marburg.eu\/"},{"@type":"ListItem","position":2,"name":"Coaching f\u00fcr Berufseinsteiger"}]},{"@type":"WebSite","@id":"https:\/\/khg-marburg.eu\/#website","url":"https:\/\/khg-marburg.eu\/","name":"Katholische Hochschulgemeinde Marburg","description":"Die Katholische Hochschulgemeinde - Katholische Kirche in Marburg","publisher":{"@id":"https:\/\/khg-marburg.eu\/#organization"},"potentialAction":[{"@type":"SearchAction","target":{"@type":"EntryPoint","urlTemplate":"https:\/\/khg-marburg.eu\/?s={search_term_string}"},"query-input":"required name=search_term_string"}],"inLanguage":"de"},{"@type":"Organization","@id":"https:\/\/khg-marburg.eu\/#organization","name":"Katholische Hochschulgemeinde Marburg","url":"https:\/\/khg-marburg.eu\/","logo":{"@type":"ImageObject","inLanguage":"de","@id":"https:\/\/khg-marburg.eu\/#\/schema\/logo\/image\/","url":"https:\/\/khg-marburg.eu\/wp-content\/uploads\/2020\/04\/logo_wei\u00df.jpg","contentUrl":"https:\/\/khg-marburg.eu\/wp-content\/uploads\/2020\/04\/logo_wei\u00df.jpg","width":750,"height":650,"caption":"Katholische Hochschulgemeinde Marburg"},"image":{"@id":"https:\/\/khg-marburg.eu\/#\/schema\/logo\/image\/"},"sameAs":["https:\/\/www.facebook.com\/KHGMarburg","https:\/\/www.instagram.com\/khgmarburg\/"]}]}},"_links":{"self":[{"href":"https:\/\/khg-marburg.eu\/index.php\/wp-json\/wp\/v2\/pages\/6269"}],"collection":[{"href":"https:\/\/khg-marburg.eu\/index.php\/wp-json\/wp\/v2\/pages"}],"about":[{"href":"https:\/\/khg-marburg.eu\/index.php\/wp-json\/wp\/v2\/types\/page"}],"author":[{"embeddable":true,"href":"https:\/\/khg-marburg.eu\/index.php\/wp-json\/wp\/v2\/users\/2"}],"replies":[{"embeddable":true,"href":"https:\/\/khg-marburg.eu\/index.php\/wp-json\/wp\/v2\/comments?post=6269"}],"version-history":[{"count":28,"href":"https:\/\/khg-marburg.eu\/index.php\/wp-json\/wp\/v2\/pages\/6269\/revisions"}],"predecessor-version":[{"id":7113,"href":"https:\/\/khg-marburg.eu\/index.php\/wp-json\/wp\/v2\/pages\/6269\/revisions\/7113"}],"wp:attachment":[{"href":"https:\/\/khg-marburg.eu\/index.php\/wp-json\/wp\/v2\/media?parent=6269"}],"curies":[{"name":"wp","href":"https:\/\/api.w.org\/{rel}","templated":true}]}}