{"id":66,"date":"2019-05-22T13:02:28","date_gmt":"2019-05-22T11:02:28","guid":{"rendered":"http:\/\/khg-marburg.eu\/?page_id=66"},"modified":"2025-06-25T09:59:30","modified_gmt":"2025-06-25T07:59:30","slug":"up-to-date","status":"publish","type":"page","link":"https:\/\/khg-marburg.eu\/index.php\/ueber-uns\/up-to-date\/","title":{"rendered":"up to date"},"content":{"rendered":"<div id=\"pl-66\"  class=\"panel-layout\" ><div id=\"pg-66-0\"  class=\"panel-grid panel-no-style\" ><div id=\"pgc-66-0-0\"  class=\"panel-grid-cell\" ><div id=\"panel-66-0-0-0\" class=\"so-panel widget widget_sow-editor panel-first-child panel-last-child\" data-index=\"0\" ><div\n\t\t\t\n\t\t\tclass=\"so-widget-sow-editor so-widget-sow-editor-base\"\n\t\t\t\n\t\t>\n<div class=\"siteorigin-widget-tinymce textwidget\">\n\t<p>Du m\u00f6chtest immer \u201eup to date\u201c sein und schnell \u00fcber alle Aktionen der KHG-Marburg informiert werden? Wir bieten verschiedene Kan\u00e4le \u00fcber die wir dich regelm\u00e4\u00dfig informieren was l\u00e4uft. Nutze unsere w\u00f6chentlichen Newsletter, Spond sowie unsere Social Media Kan\u00e4le nachfolgend verlinkt.<\/p>\n<p>F\u00fcr den Newsletter nutzen wir einen Verteiler, der \u00fcber die Uni-List-Marburg l\u00e4uft. Es gelten die Datenschutzerkl\u00e4rungen der Uni-Marburg.<br \/>\nAuch f\u00fcr Spond, Instagram und die anderen Social Media Kan\u00e4le gelten die Datenschutzerkl\u00e4rungen der jeweiligen Kan\u00e4le.<br \/>\nDie KHG-Marburg ist nicht in die Verarbeitung der Daten involviert und wir haben keine administrative oder verwaltende Funktion.<\/p>\n<p>&nbsp;<\/p>\n<\/div>\n<\/div><\/div><\/div><\/div><div id=\"pg-66-1\"  class=\"panel-grid panel-no-style\" ><div id=\"pgc-66-1-0\"  class=\"panel-grid-cell\" ><div id=\"panel-66-1-0-0\" class=\"so-panel widget widget_sow-icon panel-first-child panel-last-child\" data-index=\"1\" ><div\n\t\t\t\n\t\t\tclass=\"so-widget-sow-icon so-widget-sow-icon-default-9c6dca2a0c0d-66\"\n\t\t\t\n\t\t>\n<div class=\"sow-icon-container sow-icon\">\n\t\t\t<a href=\"https:\/\/www.lists.uni-marburg.de\/lists\/sympa\/subscribe\/khg\" \n\t\t\t\t>\n\t\t\t<span class=\"sow-icon-typicons\" data-sow-icon=\"&#xe0dc;\"\n\t\t \n\t\taria-hidden=\"true\"><\/span>\t\t\t<\/a>\n\t<\/div>\n<\/div><\/div><\/div><div id=\"pgc-66-1-1\"  class=\"panel-grid-cell\" ><div id=\"panel-66-1-1-0\" class=\"so-panel widget widget_sow-editor panel-first-child panel-last-child\" data-index=\"2\" ><div\n\t\t\t\n\t\t\tclass=\"so-widget-sow-editor so-widget-sow-editor-base\"\n\t\t\t\n\t\t><h3 class=\"widget-title\">Newsletter<\/h3>\n<div class=\"siteorigin-widget-tinymce textwidget\">\n\t<div class=\"textwidget\">\n<p>Du\u00a0 willst mehr erfahren und regelm\u00e4\u00dfig Informationen und Neuigkeiten aus der KHG erhalten? Dann bist Du beim Newsletter genau richtig. Mit diesem bekommst Du jede Woche Dienstag eine E-Mail mit dem Programm der n\u00e4chsten Tage und weiteren spannenden Informationen. Melde dich jetzt f\u00fcr den <a href=\"https:\/\/www.lists.uni-marburg.de\/lists\/sympa\/subscribe\/khg\">Newsletter<\/a> an.<\/p>\n<\/div>\n<\/div>\n<\/div><\/div><\/div><\/div><div id=\"pg-66-2\"  class=\"panel-grid panel-no-style\" ><div id=\"pgc-66-2-0\"  class=\"panel-grid-cell\" ><div id=\"panel-66-2-0-0\" class=\"so-panel widget widget_media_image panel-first-child panel-last-child\" data-index=\"3\" ><img loading=\"lazy\" decoding=\"async\" width=\"300\" height=\"81\" src=\"https:\/\/khg-marburg.eu\/wp-content\/uploads\/2021\/07\/60003151c127721892ee413c_Logo-morkbla\u030a-tekst-300x81.png\" class=\"image wp-image-2820  attachment-medium size-medium\" alt=\"\" style=\"max-width: 100%; height: auto;\" srcset=\"https:\/\/khg-marburg.eu\/wp-content\/uploads\/2021\/07\/60003151c127721892ee413c_Logo-morkbla\u030a-tekst-300x81.png 300w, https:\/\/khg-marburg.eu\/wp-content\/uploads\/2021\/07\/60003151c127721892ee413c_Logo-morkbla\u030a-tekst-1024x278.png 1024w, https:\/\/khg-marburg.eu\/wp-content\/uploads\/2021\/07\/60003151c127721892ee413c_Logo-morkbla\u030a-tekst-768x208.png 768w, https:\/\/khg-marburg.eu\/wp-content\/uploads\/2021\/07\/60003151c127721892ee413c_Logo-morkbla\u030a-tekst-1536x417.png 1536w, https:\/\/khg-marburg.eu\/wp-content\/uploads\/2021\/07\/60003151c127721892ee413c_Logo-morkbla\u030a-tekst-2048x556.png 2048w\" sizes=\"(max-width: 300px) 100vw, 300px\" \/><\/div><\/div><div id=\"pgc-66-2-1\"  class=\"panel-grid-cell\" ><div id=\"panel-66-2-1-0\" class=\"so-panel widget widget_sow-editor panel-first-child panel-last-child\" data-index=\"4\" ><div\n\t\t\t\n\t\t\tclass=\"so-widget-sow-editor so-widget-sow-editor-base\"\n\t\t\t\n\t\t><h3 class=\"widget-title\">SPOND<\/h3>\n<div class=\"siteorigin-widget-tinymce textwidget\">\n\t<p>Lust, auf spontane Aktionen? Dann hol' dir die <strong>SPOND App<\/strong>.<br \/>\nMelde dich an und nutze unsere KHG-Community: <a href=\"http:\/\/group.spond.com\/DOYJS\" target=\"_blank\" rel=\"noopener\" data-saferedirecturl=\"https:\/\/www.google.com\/url?q=http:\/\/group.spond.com\/DOYJS&amp;source=gmail&amp;ust=1625214650374000&amp;usg=AFQjCNHRbSeLzssuGELjQ3sLtq6z7FGsSQ\">group.spond.com\/<wbr \/>DOYJS<\/a><\/p>\n<p>Wir wollen diese Plattform nutzen, um sowohl \u00fcber aktuelle Veranstaltungen und Events der KHG zu informieren, als auch zum freien Austausch untereinander und f\u00fcr \"spontane\" Treffen. Bitte teile nur Inhalte, die f\u00fcr die KHG-Gemeinschaft gedacht sind. Die Redakteur*innen behalten sich vor, unpassende Kommentare zu entfernen.<\/p>\n<\/div>\n<\/div><\/div><\/div><\/div><div id=\"pg-66-3\"  class=\"panel-grid panel-no-style\" ><div id=\"pgc-66-3-0\"  class=\"panel-grid-cell\" ><div id=\"panel-66-3-0-0\" class=\"so-panel widget widget_sow-icon panel-first-child panel-last-child\" data-index=\"5\" ><div\n\t\t\t\n\t\t\tclass=\"so-widget-sow-icon so-widget-sow-icon-default-1cb7e55565ff-66\"\n\t\t\t\n\t\t>\n<div class=\"sow-icon-container sow-icon\">\n\t\t\t<a href=\"https:\/\/www.instagram.com\/khgmarburg\/\" \n\t\t\t\t>\n\t\t\t<span class=\"sow-icon-genericons\" data-sow-icon=\"&#xf215;\"\n\t\t \n\t\taria-hidden=\"true\"><\/span>\t\t\t<\/a>\n\t<\/div>\n<\/div><\/div><\/div><div id=\"pgc-66-3-1\"  class=\"panel-grid-cell\" ><div id=\"panel-66-3-1-0\" class=\"so-panel widget widget_sow-editor panel-first-child panel-last-child\" data-index=\"6\" ><div\n\t\t\t\n\t\t\tclass=\"so-widget-sow-editor so-widget-sow-editor-base\"\n\t\t\t\n\t\t><h3 class=\"widget-title\">Instagram<\/h3>\n<div class=\"siteorigin-widget-tinymce textwidget\">\n\t<p style=\"text-align: justify;\">Folge uns doch auch bei <a href=\"https:\/\/www.instagram.com\/khgmarburg\/\">Instagram<\/a> @khgmarburg<\/p>\n<\/div>\n<\/div><\/div><\/div><\/div><div id=\"pg-66-4\"  class=\"panel-grid panel-no-style\" ><div id=\"pgc-66-4-0\"  class=\"panel-grid-cell\" ><div id=\"panel-66-4-0-0\" class=\"so-panel widget widget_sow-icon panel-first-child panel-last-child\" data-index=\"7\" ><div\n\t\t\t\n\t\t\tclass=\"so-widget-sow-icon so-widget-sow-icon-default-b39ec77293a2-66\"\n\t\t\t\n\t\t>\n<div class=\"sow-icon-container sow-icon\">\n\t\t\t<a href=\"https:\/\/www.youtube.com\/channel\/UCnf6L-lVAYxUeLVzPGHCDRA\" \n\t\t\t\t>\n\t\t\t<span class=\"sow-icon-genericons\" data-sow-icon=\"&#xf213;\"\n\t\t \n\t\taria-hidden=\"true\"><\/span>\t\t\t<\/a>\n\t<\/div>\n<\/div><\/div><\/div><div id=\"pgc-66-4-1\"  class=\"panel-grid-cell\" ><div id=\"panel-66-4-1-0\" class=\"so-panel widget widget_sow-editor panel-first-child panel-last-child\" data-index=\"8\" ><div\n\t\t\t\n\t\t\tclass=\"so-widget-sow-editor so-widget-sow-editor-base\"\n\t\t\t\n\t\t><h3 class=\"widget-title\">YouTube<\/h3>\n<div class=\"siteorigin-widget-tinymce textwidget\">\n\t<p>Auf unserem <a href=\"https:\/\/www.youtube.com\/channel\/UCnf6L-lVAYxUeLVzPGHCDRA\">YouTube-Kanal<\/a> befinden sich nicht viele Videos - vielleicht gibt es in Zukunft mehr zu entdecken.<\/p>\n<\/div>\n<\/div><\/div><\/div><\/div><\/div>","protected":false},"excerpt":{"rendered":"<p>Du m\u00f6chtest immer \u201eup to date\u201c sein und schnell \u00fcber alle Aktionen der KHG-Marburg informiert werden? Wir bieten verschiedene Kan\u00e4le \u00fcber die wir dich regelm\u00e4\u00dfig informieren was l\u00e4uft. Nutze unsere&#8230;<\/p>\n","protected":false},"author":2,"featured_media":0,"parent":707,"menu_order":3,"comment_status":"closed","ping_status":"closed","template":"","meta":{"inline_featured_image":false,"_kadence_starter_templates_imported_post":false,"_kad_post_transparent":"default","_kad_post_title":"default","_kad_post_layout":"default","_kad_post_sidebar_id":"","_kad_post_content_style":"default","_kad_post_vertical_padding":"default","_kad_post_feature":"","_kad_post_feature_position":"","_kad_post_header":false,"_kad_post_footer":false,"footnotes":""},"yoast_head":"<!-- This site is optimized with the Yoast SEO plugin v22.3 - https:\/\/yoast.com\/wordpress\/plugins\/seo\/ -->\n<title>up to date - Katholische Hochschulgemeinde Marburg<\/title>\n<meta name=\"robots\" content=\"index, follow, max-snippet:-1, max-image-preview:large, max-video-preview:-1\" \/>\n<link rel=\"canonical\" href=\"https:\/\/khg-marburg.eu\/index.php\/ueber-uns\/up-to-date\/\" \/>\n<meta property=\"og:locale\" content=\"de_DE\" \/>\n<meta property=\"og:type\" content=\"article\" \/>\n<meta property=\"og:title\" content=\"up to date - Katholische Hochschulgemeinde Marburg\" \/>\n<meta property=\"og:description\" content=\"Du m\u00f6chtest immer \u201eup to date\u201c sein und schnell \u00fcber alle Aktionen der KHG-Marburg informiert werden? Wir bieten verschiedene Kan\u00e4le \u00fcber die wir dich regelm\u00e4\u00dfig informieren was l\u00e4uft. Nutze unsere...\" \/>\n<meta property=\"og:url\" content=\"https:\/\/khg-marburg.eu\/index.php\/ueber-uns\/up-to-date\/\" \/>\n<meta property=\"og:site_name\" content=\"Katholische Hochschulgemeinde Marburg\" \/>\n<meta property=\"article:publisher\" content=\"https:\/\/www.facebook.com\/KHGMarburg\" \/>\n<meta property=\"article:modified_time\" content=\"2025-06-25T07:59:30+00:00\" \/>\n<meta name=\"twitter:card\" content=\"summary_large_image\" \/>\n<meta name=\"twitter:label1\" content=\"Gesch\u00e4tzte Lesezeit\" \/>\n\t<meta name=\"twitter:data1\" content=\"2\u00a0Minuten\" \/>\n<script type=\"application\/ld+json\" class=\"yoast-schema-graph\">{\"@context\":\"https:\/\/schema.org\",\"@graph\":[{\"@type\":\"WebPage\",\"@id\":\"https:\/\/khg-marburg.eu\/index.php\/ueber-uns\/up-to-date\/\",\"url\":\"https:\/\/khg-marburg.eu\/index.php\/ueber-uns\/up-to-date\/\",\"name\":\"up to date - Katholische Hochschulgemeinde Marburg\",\"isPartOf\":{\"@id\":\"https:\/\/khg-marburg.eu\/#website\"},\"datePublished\":\"2019-05-22T11:02:28+00:00\",\"dateModified\":\"2025-06-25T07:59:30+00:00\",\"breadcrumb\":{\"@id\":\"https:\/\/khg-marburg.eu\/index.php\/ueber-uns\/up-to-date\/#breadcrumb\"},\"inLanguage\":\"de\",\"potentialAction\":[{\"@type\":\"ReadAction\",\"target\":[\"https:\/\/khg-marburg.eu\/index.php\/ueber-uns\/up-to-date\/\"]}]},{\"@type\":\"BreadcrumbList\",\"@id\":\"https:\/\/khg-marburg.eu\/index.php\/ueber-uns\/up-to-date\/#breadcrumb\",\"itemListElement\":[{\"@type\":\"ListItem\",\"position\":1,\"name\":\"Startseite\",\"item\":\"https:\/\/khg-marburg.eu\/\"},{\"@type\":\"ListItem\",\"position\":2,\"name\":\"\u00dcber Uns\",\"item\":\"https:\/\/khg-marburg.eu\/index.php\/ueber-uns\/\"},{\"@type\":\"ListItem\",\"position\":3,\"name\":\"up to date\"}]},{\"@type\":\"WebSite\",\"@id\":\"https:\/\/khg-marburg.eu\/#website\",\"url\":\"https:\/\/khg-marburg.eu\/\",\"name\":\"Katholische Hochschulgemeinde Marburg\",\"description\":\"Die Katholische Hochschulgemeinde - Katholische Kirche in Marburg\",\"publisher\":{\"@id\":\"https:\/\/khg-marburg.eu\/#organization\"},\"potentialAction\":[{\"@type\":\"SearchAction\",\"target\":{\"@type\":\"EntryPoint\",\"urlTemplate\":\"https:\/\/khg-marburg.eu\/?s={search_term_string}\"},\"query-input\":\"required name=search_term_string\"}],\"inLanguage\":\"de\"},{\"@type\":\"Organization\",\"@id\":\"https:\/\/khg-marburg.eu\/#organization\",\"name\":\"Katholische Hochschulgemeinde Marburg\",\"url\":\"https:\/\/khg-marburg.eu\/\",\"logo\":{\"@type\":\"ImageObject\",\"inLanguage\":\"de\",\"@id\":\"https:\/\/khg-marburg.eu\/#\/schema\/logo\/image\/\",\"url\":\"https:\/\/khg-marburg.eu\/wp-content\/uploads\/2020\/04\/logo_wei\u00df.jpg\",\"contentUrl\":\"https:\/\/khg-marburg.eu\/wp-content\/uploads\/2020\/04\/logo_wei\u00df.jpg\",\"width\":750,\"height\":650,\"caption\":\"Katholische Hochschulgemeinde Marburg\"},\"image\":{\"@id\":\"https:\/\/khg-marburg.eu\/#\/schema\/logo\/image\/\"},\"sameAs\":[\"https:\/\/www.facebook.com\/KHGMarburg\",\"https:\/\/www.instagram.com\/khgmarburg\/\"]}]}<\/script>\n<!-- \/ Yoast SEO plugin. -->","yoast_head_json":{"title":"up to date - Katholische Hochschulgemeinde Marburg","robots":{"index":"index","follow":"follow","max-snippet":"max-snippet:-1","max-image-preview":"max-image-preview:large","max-video-preview":"max-video-preview:-1"},"canonical":"https:\/\/khg-marburg.eu\/index.php\/ueber-uns\/up-to-date\/","og_locale":"de_DE","og_type":"article","og_title":"up to date - Katholische Hochschulgemeinde Marburg","og_description":"Du m\u00f6chtest immer \u201eup to date\u201c sein und schnell \u00fcber alle Aktionen der KHG-Marburg informiert werden? Wir bieten verschiedene Kan\u00e4le \u00fcber die wir dich regelm\u00e4\u00dfig informieren was l\u00e4uft. Nutze unsere...","og_url":"https:\/\/khg-marburg.eu\/index.php\/ueber-uns\/up-to-date\/","og_site_name":"Katholische Hochschulgemeinde Marburg","article_publisher":"https:\/\/www.facebook.com\/KHGMarburg","article_modified_time":"2025-06-25T07:59:30+00:00","twitter_card":"summary_large_image","twitter_misc":{"Gesch\u00e4tzte Lesezeit":"2\u00a0Minuten"},"schema":{"@context":"https:\/\/schema.org","@graph":[{"@type":"WebPage","@id":"https:\/\/khg-marburg.eu\/index.php\/ueber-uns\/up-to-date\/","url":"https:\/\/khg-marburg.eu\/index.php\/ueber-uns\/up-to-date\/","name":"up to date - Katholische Hochschulgemeinde Marburg","isPartOf":{"@id":"https:\/\/khg-marburg.eu\/#website"},"datePublished":"2019-05-22T11:02:28+00:00","dateModified":"2025-06-25T07:59:30+00:00","breadcrumb":{"@id":"https:\/\/khg-marburg.eu\/index.php\/ueber-uns\/up-to-date\/#breadcrumb"},"inLanguage":"de","potentialAction":[{"@type":"ReadAction","target":["https:\/\/khg-marburg.eu\/index.php\/ueber-uns\/up-to-date\/"]}]},{"@type":"BreadcrumbList","@id":"https:\/\/khg-marburg.eu\/index.php\/ueber-uns\/up-to-date\/#breadcrumb","itemListElement":[{"@type":"ListItem","position":1,"name":"Startseite","item":"https:\/\/khg-marburg.eu\/"},{"@type":"ListItem","position":2,"name":"\u00dcber Uns","item":"https:\/\/khg-marburg.eu\/index.php\/ueber-uns\/"},{"@type":"ListItem","position":3,"name":"up to date"}]},{"@type":"WebSite","@id":"https:\/\/khg-marburg.eu\/#website","url":"https:\/\/khg-marburg.eu\/","name":"Katholische Hochschulgemeinde Marburg","description":"Die Katholische Hochschulgemeinde - Katholische Kirche in Marburg","publisher":{"@id":"https:\/\/khg-marburg.eu\/#organization"},"potentialAction":[{"@type":"SearchAction","target":{"@type":"EntryPoint","urlTemplate":"https:\/\/khg-marburg.eu\/?s={search_term_string}"},"query-input":"required name=search_term_string"}],"inLanguage":"de"},{"@type":"Organization","@id":"https:\/\/khg-marburg.eu\/#organization","name":"Katholische Hochschulgemeinde Marburg","url":"https:\/\/khg-marburg.eu\/","logo":{"@type":"ImageObject","inLanguage":"de","@id":"https:\/\/khg-marburg.eu\/#\/schema\/logo\/image\/","url":"https:\/\/khg-marburg.eu\/wp-content\/uploads\/2020\/04\/logo_wei\u00df.jpg","contentUrl":"https:\/\/khg-marburg.eu\/wp-content\/uploads\/2020\/04\/logo_wei\u00df.jpg","width":750,"height":650,"caption":"Katholische Hochschulgemeinde Marburg"},"image":{"@id":"https:\/\/khg-marburg.eu\/#\/schema\/logo\/image\/"},"sameAs":["https:\/\/www.facebook.com\/KHGMarburg","https:\/\/www.instagram.com\/khgmarburg\/"]}]}},"_links":{"self":[{"href":"https:\/\/khg-marburg.eu\/index.php\/wp-json\/wp\/v2\/pages\/66"}],"collection":[{"href":"https:\/\/khg-marburg.eu\/index.php\/wp-json\/wp\/v2\/pages"}],"about":[{"href":"https:\/\/khg-marburg.eu\/index.php\/wp-json\/wp\/v2\/types\/page"}],"author":[{"embeddable":true,"href":"https:\/\/khg-marburg.eu\/index.php\/wp-json\/wp\/v2\/users\/2"}],"replies":[{"embeddable":true,"href":"https:\/\/khg-marburg.eu\/index.php\/wp-json\/wp\/v2\/comments?post=66"}],"version-history":[{"count":96,"href":"https:\/\/khg-marburg.eu\/index.php\/wp-json\/wp\/v2\/pages\/66\/revisions"}],"predecessor-version":[{"id":733,"href":"https:\/\/khg-marburg.eu\/index.php\/wp-json\/wp\/v2\/pages\/66\/revisions\/733"}],"up":[{"embeddable":true,"href":"https:\/\/khg-marburg.eu\/index.php\/wp-json\/wp\/v2\/pages\/707"}],"wp:attachment":[{"href":"https:\/\/khg-marburg.eu\/index.php\/wp-json\/wp\/v2\/media?parent=66"}],"curies":[{"name":"wp","href":"https:\/\/api.w.org\/{rel}","templated":true}]}}