{"id":6663,"date":"2023-12-20T11:05:40","date_gmt":"2023-12-20T10:05:40","guid":{"rendered":"https:\/\/khg-marburg.eu\/?page_id=6663"},"modified":"2024-03-25T09:58:25","modified_gmt":"2024-03-25T08:58:25","slug":"i","status":"publish","type":"page","link":"https:\/\/khg-marburg.eu\/index.php\/i\/","title":{"rendered":"Ideenboard"},"content":{"rendered":"\n<h1 class=\"wp-block-heading has-text-align-center has-text-color\" style=\"color:#eeab02\">Deine Ideen sind gefragt!<\/h1>\n\n\n\n<p>Du hast Ideen f\u00fcr eine KHG-Veranstaltung, f\u00fcr einen besonderen Gottesdienst oder du m\u00f6chtest eine andere Aktion vorschlagen? Dann kannst du deine Vorschl\u00e4ge am <a href=\"https:\/\/flinga.fi\/s\/FW7D3PF\">Ideenboard <\/a>notieren. <br>Am Ideenboard sollen ausschlie\u00dflich Ideen f\u00fcr KHG-Veranstaltungen notiert weren. Die Redakteur*innen behalten sich vor, unpassende Beitr\u00e4ge zu l\u00f6schen.<\/p>\n\n\n<div class=\"wp-block-image\">\n<figure class=\"aligncenter size-full\"><a href=\"https:\/\/flinga.fi\/s\/FW7D3PF\"><img loading=\"lazy\" decoding=\"async\" width=\"1097\" height=\"387\" src=\"https:\/\/khg-marburg.eu\/wp-content\/uploads\/2023\/12\/2023-12-20-11_03_13-Flinga-Ideenboard-\u2013-Mozilla-Firefox.png\" alt=\"\" class=\"wp-image-6664\" srcset=\"https:\/\/khg-marburg.eu\/wp-content\/uploads\/2023\/12\/2023-12-20-11_03_13-Flinga-Ideenboard-\u2013-Mozilla-Firefox.png 1097w, https:\/\/khg-marburg.eu\/wp-content\/uploads\/2023\/12\/2023-12-20-11_03_13-Flinga-Ideenboard-\u2013-Mozilla-Firefox-300x106.png 300w, https:\/\/khg-marburg.eu\/wp-content\/uploads\/2023\/12\/2023-12-20-11_03_13-Flinga-Ideenboard-\u2013-Mozilla-Firefox-1024x361.png 1024w, https:\/\/khg-marburg.eu\/wp-content\/uploads\/2023\/12\/2023-12-20-11_03_13-Flinga-Ideenboard-\u2013-Mozilla-Firefox-768x271.png 768w\" sizes=\"(max-width: 1097px) 100vw, 1097px\" \/><\/a><\/figure><\/div>\n\n\n<p><strong>Was passiert mit deinen Daten?<\/strong><br>Flinga ist eine kostenfreie Web-Anwendung, die zur kollaborativen Arbeit in Gruppen genutzt werden kann. Derzeit bietet die Webseite ein Whiteboard und eine Kartenabfrage zum Teilen und gemeinsamen Bearbeiten an. Der besondere Vorteil liegt darin, dass lediglich der Ersteller einen Account anlegen muss. Die Teilnehmer k\u00f6nnen dann mit einem Code der gew\u00e4hlten Session beitreten. Es k\u00f6nnen f\u00fcr jede Session unterschiedliche Berechtigungen f\u00fcr die Teilnehmer gesetzt werden, sodass wahlweise eine volle Bearbeitung, die Bearbeitung eigener Inhalte oder eine reine Ansicht m\u00f6glich ist.&nbsp;<\/p>\n\n\n\n<p><strong>Da sich die Teilnehmer nicht anmelden m\u00fcssen, sollte die Nutzung auch datenschutzrechtlich unbedenklich, obwohl es nicht auf deutschen Servern gehostet wird.<\/strong><\/p>\n","protected":false},"excerpt":{"rendered":"<p>Deine Ideen sind gefragt! Du hast Ideen f\u00fcr eine KHG-Veranstaltung, f\u00fcr einen besonderen Gottesdienst oder du m\u00f6chtest eine andere Aktion vorschlagen? Dann kannst du deine Vorschl\u00e4ge am Ideenboard notieren. Am&#8230;<\/p>\n","protected":false},"author":2,"featured_media":0,"parent":0,"menu_order":0,"comment_status":"closed","ping_status":"closed","template":"","meta":{"inline_featured_image":false,"_kadence_starter_templates_imported_post":false,"_kad_post_transparent":"","_kad_post_title":"","_kad_post_layout":"","_kad_post_sidebar_id":"","_kad_post_content_style":"","_kad_post_vertical_padding":"","_kad_post_feature":"","_kad_post_feature_position":"","_kad_post_header":false,"_kad_post_footer":false,"footnotes":""},"yoast_head":"<!-- This site is optimized with the Yoast SEO plugin v22.3 - https:\/\/yoast.com\/wordpress\/plugins\/seo\/ -->\n<title>Ideenboard - Katholische Hochschulgemeinde Marburg<\/title>\n<meta name=\"robots\" content=\"index, follow, max-snippet:-1, max-image-preview:large, max-video-preview:-1\" \/>\n<link rel=\"canonical\" href=\"https:\/\/khg-marburg.eu\/index.php\/i\/\" \/>\n<meta property=\"og:locale\" content=\"de_DE\" \/>\n<meta property=\"og:type\" content=\"article\" \/>\n<meta property=\"og:title\" content=\"Ideenboard - Katholische Hochschulgemeinde Marburg\" \/>\n<meta property=\"og:description\" content=\"Deine Ideen sind gefragt! Du hast Ideen f\u00fcr eine KHG-Veranstaltung, f\u00fcr einen besonderen Gottesdienst oder du m\u00f6chtest eine andere Aktion vorschlagen? Dann kannst du deine Vorschl\u00e4ge am Ideenboard notieren. Am...\" \/>\n<meta property=\"og:url\" content=\"https:\/\/khg-marburg.eu\/index.php\/i\/\" \/>\n<meta property=\"og:site_name\" content=\"Katholische Hochschulgemeinde Marburg\" \/>\n<meta property=\"article:publisher\" content=\"https:\/\/www.facebook.com\/KHGMarburg\" \/>\n<meta property=\"article:modified_time\" content=\"2024-03-25T08:58:25+00:00\" \/>\n<meta name=\"twitter:card\" content=\"summary_large_image\" \/>\n<meta name=\"twitter:label1\" content=\"Gesch\u00e4tzte Lesezeit\" \/>\n\t<meta name=\"twitter:data1\" content=\"2\u00a0Minuten\" \/>\n<script type=\"application\/ld+json\" class=\"yoast-schema-graph\">{\"@context\":\"https:\/\/schema.org\",\"@graph\":[{\"@type\":\"WebPage\",\"@id\":\"https:\/\/khg-marburg.eu\/index.php\/i\/\",\"url\":\"https:\/\/khg-marburg.eu\/index.php\/i\/\",\"name\":\"Ideenboard - Katholische Hochschulgemeinde Marburg\",\"isPartOf\":{\"@id\":\"https:\/\/khg-marburg.eu\/#website\"},\"datePublished\":\"2023-12-20T10:05:40+00:00\",\"dateModified\":\"2024-03-25T08:58:25+00:00\",\"breadcrumb\":{\"@id\":\"https:\/\/khg-marburg.eu\/index.php\/i\/#breadcrumb\"},\"inLanguage\":\"de\",\"potentialAction\":[{\"@type\":\"ReadAction\",\"target\":[\"https:\/\/khg-marburg.eu\/index.php\/i\/\"]}]},{\"@type\":\"BreadcrumbList\",\"@id\":\"https:\/\/khg-marburg.eu\/index.php\/i\/#breadcrumb\",\"itemListElement\":[{\"@type\":\"ListItem\",\"position\":1,\"name\":\"Startseite\",\"item\":\"https:\/\/khg-marburg.eu\/\"},{\"@type\":\"ListItem\",\"position\":2,\"name\":\"Ideenboard\"}]},{\"@type\":\"WebSite\",\"@id\":\"https:\/\/khg-marburg.eu\/#website\",\"url\":\"https:\/\/khg-marburg.eu\/\",\"name\":\"Katholische Hochschulgemeinde Marburg\",\"description\":\"Die Katholische Hochschulgemeinde - Katholische Kirche in Marburg\",\"publisher\":{\"@id\":\"https:\/\/khg-marburg.eu\/#organization\"},\"potentialAction\":[{\"@type\":\"SearchAction\",\"target\":{\"@type\":\"EntryPoint\",\"urlTemplate\":\"https:\/\/khg-marburg.eu\/?s={search_term_string}\"},\"query-input\":\"required name=search_term_string\"}],\"inLanguage\":\"de\"},{\"@type\":\"Organization\",\"@id\":\"https:\/\/khg-marburg.eu\/#organization\",\"name\":\"Katholische Hochschulgemeinde Marburg\",\"url\":\"https:\/\/khg-marburg.eu\/\",\"logo\":{\"@type\":\"ImageObject\",\"inLanguage\":\"de\",\"@id\":\"https:\/\/khg-marburg.eu\/#\/schema\/logo\/image\/\",\"url\":\"https:\/\/khg-marburg.eu\/wp-content\/uploads\/2020\/04\/logo_wei\u00df.jpg\",\"contentUrl\":\"https:\/\/khg-marburg.eu\/wp-content\/uploads\/2020\/04\/logo_wei\u00df.jpg\",\"width\":750,\"height\":650,\"caption\":\"Katholische Hochschulgemeinde Marburg\"},\"image\":{\"@id\":\"https:\/\/khg-marburg.eu\/#\/schema\/logo\/image\/\"},\"sameAs\":[\"https:\/\/www.facebook.com\/KHGMarburg\",\"https:\/\/www.instagram.com\/khgmarburg\/\"]}]}<\/script>\n<!-- \/ Yoast SEO plugin. -->","yoast_head_json":{"title":"Ideenboard - Katholische Hochschulgemeinde Marburg","robots":{"index":"index","follow":"follow","max-snippet":"max-snippet:-1","max-image-preview":"max-image-preview:large","max-video-preview":"max-video-preview:-1"},"canonical":"https:\/\/khg-marburg.eu\/index.php\/i\/","og_locale":"de_DE","og_type":"article","og_title":"Ideenboard - Katholische Hochschulgemeinde Marburg","og_description":"Deine Ideen sind gefragt! Du hast Ideen f\u00fcr eine KHG-Veranstaltung, f\u00fcr einen besonderen Gottesdienst oder du m\u00f6chtest eine andere Aktion vorschlagen? Dann kannst du deine Vorschl\u00e4ge am Ideenboard notieren. Am...","og_url":"https:\/\/khg-marburg.eu\/index.php\/i\/","og_site_name":"Katholische Hochschulgemeinde Marburg","article_publisher":"https:\/\/www.facebook.com\/KHGMarburg","article_modified_time":"2024-03-25T08:58:25+00:00","twitter_card":"summary_large_image","twitter_misc":{"Gesch\u00e4tzte Lesezeit":"2\u00a0Minuten"},"schema":{"@context":"https:\/\/schema.org","@graph":[{"@type":"WebPage","@id":"https:\/\/khg-marburg.eu\/index.php\/i\/","url":"https:\/\/khg-marburg.eu\/index.php\/i\/","name":"Ideenboard - Katholische Hochschulgemeinde Marburg","isPartOf":{"@id":"https:\/\/khg-marburg.eu\/#website"},"datePublished":"2023-12-20T10:05:40+00:00","dateModified":"2024-03-25T08:58:25+00:00","breadcrumb":{"@id":"https:\/\/khg-marburg.eu\/index.php\/i\/#breadcrumb"},"inLanguage":"de","potentialAction":[{"@type":"ReadAction","target":["https:\/\/khg-marburg.eu\/index.php\/i\/"]}]},{"@type":"BreadcrumbList","@id":"https:\/\/khg-marburg.eu\/index.php\/i\/#breadcrumb","itemListElement":[{"@type":"ListItem","position":1,"name":"Startseite","item":"https:\/\/khg-marburg.eu\/"},{"@type":"ListItem","position":2,"name":"Ideenboard"}]},{"@type":"WebSite","@id":"https:\/\/khg-marburg.eu\/#website","url":"https:\/\/khg-marburg.eu\/","name":"Katholische Hochschulgemeinde Marburg","description":"Die Katholische Hochschulgemeinde - Katholische Kirche in Marburg","publisher":{"@id":"https:\/\/khg-marburg.eu\/#organization"},"potentialAction":[{"@type":"SearchAction","target":{"@type":"EntryPoint","urlTemplate":"https:\/\/khg-marburg.eu\/?s={search_term_string}"},"query-input":"required name=search_term_string"}],"inLanguage":"de"},{"@type":"Organization","@id":"https:\/\/khg-marburg.eu\/#organization","name":"Katholische Hochschulgemeinde Marburg","url":"https:\/\/khg-marburg.eu\/","logo":{"@type":"ImageObject","inLanguage":"de","@id":"https:\/\/khg-marburg.eu\/#\/schema\/logo\/image\/","url":"https:\/\/khg-marburg.eu\/wp-content\/uploads\/2020\/04\/logo_wei\u00df.jpg","contentUrl":"https:\/\/khg-marburg.eu\/wp-content\/uploads\/2020\/04\/logo_wei\u00df.jpg","width":750,"height":650,"caption":"Katholische Hochschulgemeinde Marburg"},"image":{"@id":"https:\/\/khg-marburg.eu\/#\/schema\/logo\/image\/"},"sameAs":["https:\/\/www.facebook.com\/KHGMarburg","https:\/\/www.instagram.com\/khgmarburg\/"]}]}},"_links":{"self":[{"href":"https:\/\/khg-marburg.eu\/index.php\/wp-json\/wp\/v2\/pages\/6663"}],"collection":[{"href":"https:\/\/khg-marburg.eu\/index.php\/wp-json\/wp\/v2\/pages"}],"about":[{"href":"https:\/\/khg-marburg.eu\/index.php\/wp-json\/wp\/v2\/types\/page"}],"author":[{"embeddable":true,"href":"https:\/\/khg-marburg.eu\/index.php\/wp-json\/wp\/v2\/users\/2"}],"replies":[{"embeddable":true,"href":"https:\/\/khg-marburg.eu\/index.php\/wp-json\/wp\/v2\/comments?post=6663"}],"version-history":[{"count":4,"href":"https:\/\/khg-marburg.eu\/index.php\/wp-json\/wp\/v2\/pages\/6663\/revisions"}],"predecessor-version":[{"id":7115,"href":"https:\/\/khg-marburg.eu\/index.php\/wp-json\/wp\/v2\/pages\/6663\/revisions\/7115"}],"wp:attachment":[{"href":"https:\/\/khg-marburg.eu\/index.php\/wp-json\/wp\/v2\/media?parent=6663"}],"curies":[{"name":"wp","href":"https:\/\/api.w.org\/{rel}","templated":true}]}}