{"id":7926,"date":"2024-08-26T10:53:02","date_gmt":"2024-08-26T08:53:02","guid":{"rendered":"https:\/\/khg-marburg.eu\/?page_id=7926"},"modified":"2026-02-20T10:52:25","modified_gmt":"2026-02-20T09:52:25","slug":"jobs-bei-der-khg","status":"publish","type":"page","link":"https:\/\/khg-marburg.eu\/index.php\/jobs-bei-der-khg\/","title":{"rendered":"Jobs bei der KHG"},"content":{"rendered":"\n<h2 class=\"wp-block-heading has-text-align-center has-text-color has-link-color wp-elements-72a65c3c2c5c2fcb007a61968549c1d3\" style=\"color:#eeab02\"><strong>Wir suchen eine neue Leitung (m\/w\/d) f\u00fcr die KHG<\/strong><\/h2>\n\n\n\n<div class=\"wp-block-media-text is-stacked-on-mobile\"><figure class=\"wp-block-media-text__media\"><img loading=\"lazy\" decoding=\"async\" width=\"1024\" height=\"1024\" src=\"https:\/\/khg-marburg.eu\/wp-content\/uploads\/2026\/02\/26_03_StellenausschreibungKHG-Leitung-1024x1024.png\" alt=\"\" class=\"wp-image-9925 size-full\" srcset=\"https:\/\/khg-marburg.eu\/wp-content\/uploads\/2026\/02\/26_03_StellenausschreibungKHG-Leitung-1024x1024.png 1024w, https:\/\/khg-marburg.eu\/wp-content\/uploads\/2026\/02\/26_03_StellenausschreibungKHG-Leitung-300x300.png 300w, https:\/\/khg-marburg.eu\/wp-content\/uploads\/2026\/02\/26_03_StellenausschreibungKHG-Leitung-150x150.png 150w, https:\/\/khg-marburg.eu\/wp-content\/uploads\/2026\/02\/26_03_StellenausschreibungKHG-Leitung-768x768.png 768w, https:\/\/khg-marburg.eu\/wp-content\/uploads\/2026\/02\/26_03_StellenausschreibungKHG-Leitung.png 1080w\" sizes=\"(max-width: 1024px) 100vw, 1024px\" \/><\/figure><div class=\"wp-block-media-text__content\">\n<p><strong>&#8211;<\/strong> <strong>39 Stunden pro Woche <\/strong><br><strong>&#8211;<\/strong> <strong>unbefristet <\/strong><br><strong>&#8211;<\/strong> <strong>fr\u00fchester Beginn ab 01.05.26<\/strong><br><br>Du hast Lust mit jungen Erwachsenen zu arbeiten und ein motiviertes und engagiertes Team zu leiten? Du verf\u00fcgst \u00fcber Erfahrungen in der seelsorglichen Begleitung, Personalf\u00fchrung und hast Freude daran neue Veranstaltungsformate und Konzepte f\u00fcr die Arbeit mit jungen Erwachsenen zu erstellen? <\/p>\n<\/div><\/div>\n\n\n\n<p>Dann freuen wir uns auf deine <strong>Bewerbung bis zum 27.03.26<\/strong>! Die vollst\u00e4ndige Ausschreibung findest du <a href=\"https:\/\/k60854.coveto.de\/job-leitung-m-w-d-fuer-die-katholische-hochschulgemeinde-marburg-marburg-1207.html\">hier<\/a>.<br>Bei Fragen melde dich gern beim KHG Team unter <a href=\"mailto:khg-marburg@bistum-fulda.de\" target=\"_blank\" rel=\"noreferrer noopener\">khg-marburg@bistum-fulda.de<\/a><\/p>\n","protected":false},"excerpt":{"rendered":"<p>Wir suchen eine neue Leitung (m\/w\/d) f\u00fcr die KHG &#8211; 39 Stunden pro Woche &#8211; unbefristet &#8211; fr\u00fchester Beginn ab 01.05.26 Du hast Lust mit jungen Erwachsenen zu arbeiten und&#8230;<\/p>\n","protected":false},"author":2,"featured_media":0,"parent":0,"menu_order":0,"comment_status":"closed","ping_status":"closed","template":"","meta":{"inline_featured_image":false,"_kadence_starter_templates_imported_post":false,"_kad_post_transparent":"","_kad_post_title":"","_kad_post_layout":"","_kad_post_sidebar_id":"","_kad_post_content_style":"","_kad_post_vertical_padding":"","_kad_post_feature":"","_kad_post_feature_position":"","_kad_post_header":false,"_kad_post_footer":false,"footnotes":""},"yoast_head":"<!-- This site is optimized with the Yoast SEO plugin v22.3 - https:\/\/yoast.com\/wordpress\/plugins\/seo\/ -->\n<title>Jobs bei der KHG - Katholische Hochschulgemeinde Marburg<\/title>\n<meta name=\"robots\" content=\"index, follow, max-snippet:-1, max-image-preview:large, max-video-preview:-1\" \/>\n<link rel=\"canonical\" href=\"https:\/\/khg-marburg.eu\/index.php\/jobs-bei-der-khg\/\" \/>\n<meta property=\"og:locale\" content=\"de_DE\" \/>\n<meta property=\"og:type\" content=\"article\" \/>\n<meta property=\"og:title\" content=\"Jobs bei der KHG - Katholische Hochschulgemeinde Marburg\" \/>\n<meta property=\"og:description\" content=\"Wir suchen eine neue Leitung (m\/w\/d) f\u00fcr die KHG &#8211; 39 Stunden pro Woche &#8211; unbefristet &#8211; fr\u00fchester Beginn ab 01.05.26 Du hast Lust mit jungen Erwachsenen zu arbeiten und...\" \/>\n<meta property=\"og:url\" content=\"https:\/\/khg-marburg.eu\/index.php\/jobs-bei-der-khg\/\" \/>\n<meta property=\"og:site_name\" content=\"Katholische Hochschulgemeinde Marburg\" \/>\n<meta property=\"article:publisher\" content=\"https:\/\/www.facebook.com\/KHGMarburg\" \/>\n<meta property=\"article:modified_time\" content=\"2026-02-20T09:52:25+00:00\" \/>\n<meta property=\"og:image\" content=\"https:\/\/khg-marburg.eu\/wp-content\/uploads\/2026\/02\/26_03_StellenausschreibungKHG-Leitung-1024x1024.png\" \/>\n<meta name=\"twitter:card\" content=\"summary_large_image\" \/>\n<meta name=\"twitter:label1\" content=\"Gesch\u00e4tzte Lesezeit\" \/>\n\t<meta name=\"twitter:data1\" content=\"1\u00a0Minute\" \/>\n<script type=\"application\/ld+json\" class=\"yoast-schema-graph\">{\"@context\":\"https:\/\/schema.org\",\"@graph\":[{\"@type\":\"WebPage\",\"@id\":\"https:\/\/khg-marburg.eu\/index.php\/jobs-bei-der-khg\/\",\"url\":\"https:\/\/khg-marburg.eu\/index.php\/jobs-bei-der-khg\/\",\"name\":\"Jobs bei der KHG - Katholische Hochschulgemeinde Marburg\",\"isPartOf\":{\"@id\":\"https:\/\/khg-marburg.eu\/#website\"},\"primaryImageOfPage\":{\"@id\":\"https:\/\/khg-marburg.eu\/index.php\/jobs-bei-der-khg\/#primaryimage\"},\"image\":{\"@id\":\"https:\/\/khg-marburg.eu\/index.php\/jobs-bei-der-khg\/#primaryimage\"},\"thumbnailUrl\":\"https:\/\/khg-marburg.eu\/wp-content\/uploads\/2026\/02\/26_03_StellenausschreibungKHG-Leitung-1024x1024.png\",\"datePublished\":\"2024-08-26T08:53:02+00:00\",\"dateModified\":\"2026-02-20T09:52:25+00:00\",\"breadcrumb\":{\"@id\":\"https:\/\/khg-marburg.eu\/index.php\/jobs-bei-der-khg\/#breadcrumb\"},\"inLanguage\":\"de\",\"potentialAction\":[{\"@type\":\"ReadAction\",\"target\":[\"https:\/\/khg-marburg.eu\/index.php\/jobs-bei-der-khg\/\"]}]},{\"@type\":\"ImageObject\",\"inLanguage\":\"de\",\"@id\":\"https:\/\/khg-marburg.eu\/index.php\/jobs-bei-der-khg\/#primaryimage\",\"url\":\"https:\/\/khg-marburg.eu\/wp-content\/uploads\/2026\/02\/26_03_StellenausschreibungKHG-Leitung.png\",\"contentUrl\":\"https:\/\/khg-marburg.eu\/wp-content\/uploads\/2026\/02\/26_03_StellenausschreibungKHG-Leitung.png\",\"width\":1080,\"height\":1080},{\"@type\":\"BreadcrumbList\",\"@id\":\"https:\/\/khg-marburg.eu\/index.php\/jobs-bei-der-khg\/#breadcrumb\",\"itemListElement\":[{\"@type\":\"ListItem\",\"position\":1,\"name\":\"Startseite\",\"item\":\"https:\/\/khg-marburg.eu\/\"},{\"@type\":\"ListItem\",\"position\":2,\"name\":\"Jobs bei der KHG\"}]},{\"@type\":\"WebSite\",\"@id\":\"https:\/\/khg-marburg.eu\/#website\",\"url\":\"https:\/\/khg-marburg.eu\/\",\"name\":\"Katholische Hochschulgemeinde Marburg\",\"description\":\"Die Katholische Hochschulgemeinde - Katholische Kirche in Marburg\",\"publisher\":{\"@id\":\"https:\/\/khg-marburg.eu\/#organization\"},\"potentialAction\":[{\"@type\":\"SearchAction\",\"target\":{\"@type\":\"EntryPoint\",\"urlTemplate\":\"https:\/\/khg-marburg.eu\/?s={search_term_string}\"},\"query-input\":\"required name=search_term_string\"}],\"inLanguage\":\"de\"},{\"@type\":\"Organization\",\"@id\":\"https:\/\/khg-marburg.eu\/#organization\",\"name\":\"Katholische Hochschulgemeinde Marburg\",\"url\":\"https:\/\/khg-marburg.eu\/\",\"logo\":{\"@type\":\"ImageObject\",\"inLanguage\":\"de\",\"@id\":\"https:\/\/khg-marburg.eu\/#\/schema\/logo\/image\/\",\"url\":\"https:\/\/khg-marburg.eu\/wp-content\/uploads\/2020\/04\/logo_wei\u00df.jpg\",\"contentUrl\":\"https:\/\/khg-marburg.eu\/wp-content\/uploads\/2020\/04\/logo_wei\u00df.jpg\",\"width\":750,\"height\":650,\"caption\":\"Katholische Hochschulgemeinde Marburg\"},\"image\":{\"@id\":\"https:\/\/khg-marburg.eu\/#\/schema\/logo\/image\/\"},\"sameAs\":[\"https:\/\/www.facebook.com\/KHGMarburg\",\"https:\/\/www.instagram.com\/khgmarburg\/\"]}]}<\/script>\n<!-- \/ Yoast SEO plugin. -->","yoast_head_json":{"title":"Jobs bei der KHG - Katholische Hochschulgemeinde Marburg","robots":{"index":"index","follow":"follow","max-snippet":"max-snippet:-1","max-image-preview":"max-image-preview:large","max-video-preview":"max-video-preview:-1"},"canonical":"https:\/\/khg-marburg.eu\/index.php\/jobs-bei-der-khg\/","og_locale":"de_DE","og_type":"article","og_title":"Jobs bei der KHG - Katholische Hochschulgemeinde Marburg","og_description":"Wir suchen eine neue Leitung (m\/w\/d) f\u00fcr die KHG &#8211; 39 Stunden pro Woche &#8211; unbefristet &#8211; fr\u00fchester Beginn ab 01.05.26 Du hast Lust mit jungen Erwachsenen zu arbeiten und...","og_url":"https:\/\/khg-marburg.eu\/index.php\/jobs-bei-der-khg\/","og_site_name":"Katholische Hochschulgemeinde Marburg","article_publisher":"https:\/\/www.facebook.com\/KHGMarburg","article_modified_time":"2026-02-20T09:52:25+00:00","og_image":[{"url":"https:\/\/khg-marburg.eu\/wp-content\/uploads\/2026\/02\/26_03_StellenausschreibungKHG-Leitung-1024x1024.png"}],"twitter_card":"summary_large_image","twitter_misc":{"Gesch\u00e4tzte Lesezeit":"1\u00a0Minute"},"schema":{"@context":"https:\/\/schema.org","@graph":[{"@type":"WebPage","@id":"https:\/\/khg-marburg.eu\/index.php\/jobs-bei-der-khg\/","url":"https:\/\/khg-marburg.eu\/index.php\/jobs-bei-der-khg\/","name":"Jobs bei der KHG - Katholische Hochschulgemeinde Marburg","isPartOf":{"@id":"https:\/\/khg-marburg.eu\/#website"},"primaryImageOfPage":{"@id":"https:\/\/khg-marburg.eu\/index.php\/jobs-bei-der-khg\/#primaryimage"},"image":{"@id":"https:\/\/khg-marburg.eu\/index.php\/jobs-bei-der-khg\/#primaryimage"},"thumbnailUrl":"https:\/\/khg-marburg.eu\/wp-content\/uploads\/2026\/02\/26_03_StellenausschreibungKHG-Leitung-1024x1024.png","datePublished":"2024-08-26T08:53:02+00:00","dateModified":"2026-02-20T09:52:25+00:00","breadcrumb":{"@id":"https:\/\/khg-marburg.eu\/index.php\/jobs-bei-der-khg\/#breadcrumb"},"inLanguage":"de","potentialAction":[{"@type":"ReadAction","target":["https:\/\/khg-marburg.eu\/index.php\/jobs-bei-der-khg\/"]}]},{"@type":"ImageObject","inLanguage":"de","@id":"https:\/\/khg-marburg.eu\/index.php\/jobs-bei-der-khg\/#primaryimage","url":"https:\/\/khg-marburg.eu\/wp-content\/uploads\/2026\/02\/26_03_StellenausschreibungKHG-Leitung.png","contentUrl":"https:\/\/khg-marburg.eu\/wp-content\/uploads\/2026\/02\/26_03_StellenausschreibungKHG-Leitung.png","width":1080,"height":1080},{"@type":"BreadcrumbList","@id":"https:\/\/khg-marburg.eu\/index.php\/jobs-bei-der-khg\/#breadcrumb","itemListElement":[{"@type":"ListItem","position":1,"name":"Startseite","item":"https:\/\/khg-marburg.eu\/"},{"@type":"ListItem","position":2,"name":"Jobs bei der KHG"}]},{"@type":"WebSite","@id":"https:\/\/khg-marburg.eu\/#website","url":"https:\/\/khg-marburg.eu\/","name":"Katholische Hochschulgemeinde Marburg","description":"Die Katholische Hochschulgemeinde - Katholische Kirche in Marburg","publisher":{"@id":"https:\/\/khg-marburg.eu\/#organization"},"potentialAction":[{"@type":"SearchAction","target":{"@type":"EntryPoint","urlTemplate":"https:\/\/khg-marburg.eu\/?s={search_term_string}"},"query-input":"required name=search_term_string"}],"inLanguage":"de"},{"@type":"Organization","@id":"https:\/\/khg-marburg.eu\/#organization","name":"Katholische Hochschulgemeinde Marburg","url":"https:\/\/khg-marburg.eu\/","logo":{"@type":"ImageObject","inLanguage":"de","@id":"https:\/\/khg-marburg.eu\/#\/schema\/logo\/image\/","url":"https:\/\/khg-marburg.eu\/wp-content\/uploads\/2020\/04\/logo_wei\u00df.jpg","contentUrl":"https:\/\/khg-marburg.eu\/wp-content\/uploads\/2020\/04\/logo_wei\u00df.jpg","width":750,"height":650,"caption":"Katholische Hochschulgemeinde Marburg"},"image":{"@id":"https:\/\/khg-marburg.eu\/#\/schema\/logo\/image\/"},"sameAs":["https:\/\/www.facebook.com\/KHGMarburg","https:\/\/www.instagram.com\/khgmarburg\/"]}]}},"_links":{"self":[{"href":"https:\/\/khg-marburg.eu\/index.php\/wp-json\/wp\/v2\/pages\/7926"}],"collection":[{"href":"https:\/\/khg-marburg.eu\/index.php\/wp-json\/wp\/v2\/pages"}],"about":[{"href":"https:\/\/khg-marburg.eu\/index.php\/wp-json\/wp\/v2\/types\/page"}],"author":[{"embeddable":true,"href":"https:\/\/khg-marburg.eu\/index.php\/wp-json\/wp\/v2\/users\/2"}],"replies":[{"embeddable":true,"href":"https:\/\/khg-marburg.eu\/index.php\/wp-json\/wp\/v2\/comments?post=7926"}],"version-history":[{"count":5,"href":"https:\/\/khg-marburg.eu\/index.php\/wp-json\/wp\/v2\/pages\/7926\/revisions"}],"predecessor-version":[{"id":9933,"href":"https:\/\/khg-marburg.eu\/index.php\/wp-json\/wp\/v2\/pages\/7926\/revisions\/9933"}],"wp:attachment":[{"href":"https:\/\/khg-marburg.eu\/index.php\/wp-json\/wp\/v2\/media?parent=7926"}],"curies":[{"name":"wp","href":"https:\/\/api.w.org\/{rel}","templated":true}]}}